{"id":32031,"date":"2026-02-27T00:15:44","date_gmt":"2026-02-27T00:15:44","guid":{"rendered":"https:\/\/nordicmart.andreevmaster.com\/product\/songmics-elegantti-kellolaatikko-20-kellolle\/"},"modified":"2026-02-27T09:37:52","modified_gmt":"2026-02-27T09:37:52","slug":"songmics-elegantti-kellolaatikko-20-kellolle","status":"publish","type":"product","link":"https:\/\/nordicmart.andreevmaster.com\/fi\/tuote\/songmics-elegantti-kellolaatikko-20-kellolle\/","title":{"rendered":"SONGMICS Elegantti kellolaatikko 20 kellolle"},"content":{"rendered":"<p>Tuotetiedot: &#8211; Tuotteen mitat: 28,5 x 20,5 x 16 cm (P x L x K) &#8211; Lokeron koko: 4,5 x 9 cm &#8211; 20 tyyny\u00e4: (kukin 4,5 x 7,5 x 4,0 cm) Helppohoitoinen: &#8211; Lasikannella varustettu kellolaatikko on kaunis. Pinnan tahrat voidaan pyyhki\u00e4 helposti hieman kostutetulla liinalla. S\u00e4ilytys ja hoito &#8211; Aseta kellokotelo tuuletettuun tilaan ja v\u00e4lt\u00e4 j\u00e4tt\u00e4m\u00e4st\u00e4 koteloa pitk\u00e4ksi aikaa auringonvaloon tai kosteaan tilaan. Sopiva l\u00e4mp\u00f6tila: 10\u201340 \u2103. &#8211; Pinnan tahrat voidaan pyyhki\u00e4 pois hieman kostutetulla liinalla. V\u00e4lt\u00e4 veden p\u00e4\u00e4sy\u00e4 kellokoteloon. &#8211; K\u00e4yt\u00e4 s\u00e4\u00e4nn\u00f6llisesti erityist\u00e4 nahkahuoltotuotetta, jotta nahka s\u00e4ilytt\u00e4\u00e4 kiiltonsa pitk\u00e4\u00e4n.- Suojaa kellolaatikko varastoinnin aikana puristukselta. &#8211; \u00c4l\u00e4 s\u00e4ilyt\u00e4 kellolaatikkoa kemikaalien kanssa. Toimitussis\u00e4lt\u00f6: &#8211; 1 x kellolaatikko &#8211; 2 x avain<\/p>\n","protected":false},"excerpt":{"rendered":"<p>SONGMICS kellolaatikko kellokotelo kellokotelo 20 kellolle JWB020<\/p>\n","protected":false},"featured_media":41085,"comment_status":"open","ping_status":"closed","template":"","meta":[],"product_brand":[],"product_cat":[32],"product_tag":[],"class_list":{"0":"post-32031","1":"product","2":"type-product","3":"status-publish","4":"has-post-thumbnail","6":"product_cat-uncategorized-fi","8":"first","9":"instock","10":"shipping-taxable","11":"purchasable","12":"product-type-simple"},"_links":{"self":[{"href":"https:\/\/nordicmart.andreevmaster.com\/fi\/wp-json\/wp\/v2\/product\/32031","targetHints":{"allow":["GET"]}}],"collection":[{"href":"https:\/\/nordicmart.andreevmaster.com\/fi\/wp-json\/wp\/v2\/product"}],"about":[{"href":"https:\/\/nordicmart.andreevmaster.com\/fi\/wp-json\/wp\/v2\/types\/product"}],"replies":[{"embeddable":true,"href":"https:\/\/nordicmart.andreevmaster.com\/fi\/wp-json\/wp\/v2\/comments?post=32031"}],"wp:featuredmedia":[{"embeddable":true,"href":"https:\/\/nordicmart.andreevmaster.com\/fi\/wp-json\/wp\/v2\/media\/41085"}],"wp:attachment":[{"href":"https:\/\/nordicmart.andreevmaster.com\/fi\/wp-json\/wp\/v2\/media?parent=32031"}],"wp:term":[{"taxonomy":"product_brand","embeddable":true,"href":"https:\/\/nordicmart.andreevmaster.com\/fi\/wp-json\/wp\/v2\/product_brand?post=32031"},{"taxonomy":"product_cat","embeddable":true,"href":"https:\/\/nordicmart.andreevmaster.com\/fi\/wp-json\/wp\/v2\/product_cat?post=32031"},{"taxonomy":"product_tag","embeddable":true,"href":"https:\/\/nordicmart.andreevmaster.com\/fi\/wp-json\/wp\/v2\/product_tag?post=32031"}],"curies":[{"name":"wp","href":"https:\/\/api.w.org\/{rel}","templated":true}]}}