{"id":32029,"date":"2026-02-27T00:15:44","date_gmt":"2026-02-27T00:15:44","guid":{"rendered":"https:\/\/nordicmart.andreevmaster.com\/product\/songmicshome-kellokotelo-paallinen-musta-sisavuori-liuskekivi\/"},"modified":"2026-02-27T09:37:51","modified_gmt":"2026-02-27T09:37:51","slug":"songmicshome-kellokotelo-paallinen-musta-sisavuori-liuskekivi","status":"publish","type":"product","link":"https:\/\/nordicmart.andreevmaster.com\/fi\/tuote\/songmicshome-kellokotelo-paallinen-musta-sisavuori-liuskekivi\/","title":{"rendered":"SONGMICSHOME kellokotelo, p\u00e4\u00e4llinen musta, sis\u00e4vuori liuskekivi"},"content":{"rendered":"<p>SONGMICS HOME RONNE -kokoelma &#8211; Kellokotelo matkoille, kotelo 3 kellolle, PU-keinonahka punottu, 10 x 20 x 9 cm, lahjaidea, p\u00e4\u00e4llinen musta, sis\u00e4vuori liuskekivi harmaa JWB017G01<br \/>\nV\u00e4ri: p\u00e4\u00e4llinen musta, sis\u00e4vuori musta<br \/>\nMateriaali: PU (polyuretaani), keinonahka, metalli<br \/>\nKoko: 10 x 20 x 9 cm (S x L x K)<br \/>\nPaino: 390 g<\/p>\n","protected":false},"excerpt":{"rendered":"<p>SONGMICS HOME RONNE -kokoelma &#8211; Kellokotelo matkoille, kotelo 3 kellolle, PU-keinonahka punottu, 10 x 20 x 9 cm, lahjaidea, p\u00e4\u00e4llinen musta, sis\u00e4vuori liuskekivi harmaa JWB017G01<\/p>\n","protected":false},"featured_media":41083,"comment_status":"open","ping_status":"closed","template":"","meta":[],"product_brand":[],"product_cat":[32],"product_tag":[],"class_list":{"0":"post-32029","1":"product","2":"type-product","3":"status-publish","4":"has-post-thumbnail","6":"product_cat-uncategorized-fi","8":"first","9":"instock","10":"shipping-taxable","11":"purchasable","12":"product-type-simple"},"_links":{"self":[{"href":"https:\/\/nordicmart.andreevmaster.com\/fi\/wp-json\/wp\/v2\/product\/32029","targetHints":{"allow":["GET"]}}],"collection":[{"href":"https:\/\/nordicmart.andreevmaster.com\/fi\/wp-json\/wp\/v2\/product"}],"about":[{"href":"https:\/\/nordicmart.andreevmaster.com\/fi\/wp-json\/wp\/v2\/types\/product"}],"replies":[{"embeddable":true,"href":"https:\/\/nordicmart.andreevmaster.com\/fi\/wp-json\/wp\/v2\/comments?post=32029"}],"wp:featuredmedia":[{"embeddable":true,"href":"https:\/\/nordicmart.andreevmaster.com\/fi\/wp-json\/wp\/v2\/media\/41083"}],"wp:attachment":[{"href":"https:\/\/nordicmart.andreevmaster.com\/fi\/wp-json\/wp\/v2\/media?parent=32029"}],"wp:term":[{"taxonomy":"product_brand","embeddable":true,"href":"https:\/\/nordicmart.andreevmaster.com\/fi\/wp-json\/wp\/v2\/product_brand?post=32029"},{"taxonomy":"product_cat","embeddable":true,"href":"https:\/\/nordicmart.andreevmaster.com\/fi\/wp-json\/wp\/v2\/product_cat?post=32029"},{"taxonomy":"product_tag","embeddable":true,"href":"https:\/\/nordicmart.andreevmaster.com\/fi\/wp-json\/wp\/v2\/product_tag?post=32029"}],"curies":[{"name":"wp","href":"https:\/\/api.w.org\/{rel}","templated":true}]}}