{"id":32026,"date":"2026-02-27T00:15:43","date_gmt":"2026-02-27T00:15:43","guid":{"rendered":"https:\/\/nordicmart.andreevmaster.com\/product\/songmics-kellolaatikko-lasikannella-lahjaidea-musta\/"},"modified":"2026-02-27T09:37:51","modified_gmt":"2026-02-27T09:37:51","slug":"songmics-kellolaatikko-lasikannella-lahjaidea-musta","status":"publish","type":"product","link":"https:\/\/nordicmart.andreevmaster.com\/fi\/tuote\/songmics-kellolaatikko-lasikannella-lahjaidea-musta\/","title":{"rendered":"SONGMICS kellolaatikko lasikannella Lahjaidea musta"},"content":{"rendered":"<p>SONGMICS kellolaatikko, kellokotelo lasikannella, 2 tasoa, kellokotelo irrotettavilla kellotyynyill\u00e4, kellos\u00e4ilytyslaatikko, lahjaidea, PU-p\u00e4\u00e4llinen musta<br \/>\nV\u00e4ri: PU-p\u00e4\u00e4llinen musta, samettivuori musta<br \/>\nMateriaali: MDF (keskitihe\u00e4 kuitulevy), sametti, PU, paperi, lasi<br \/>\nKoko: 20,5 x 23 x 16,5 cm (S x L x K)<br \/>\nPaino: 1,8 kg<\/p>\n","protected":false},"excerpt":{"rendered":"<p>SONGMICS kellolaatikko, kellokotelo lasikannella, 2 tasoa, kellokotelo irrotettavilla kellotyynyill\u00e4, kellos\u00e4ilytyslaatikko, lahjaidea, PU-p\u00e4\u00e4llinen musta<\/p>\n","protected":false},"featured_media":41080,"comment_status":"open","ping_status":"closed","template":"","meta":[],"product_brand":[],"product_cat":[32],"product_tag":[],"class_list":{"0":"post-32026","1":"product","2":"type-product","3":"status-publish","4":"has-post-thumbnail","6":"product_cat-uncategorized-fi","8":"first","9":"instock","10":"shipping-taxable","11":"purchasable","12":"product-type-simple"},"_links":{"self":[{"href":"https:\/\/nordicmart.andreevmaster.com\/fi\/wp-json\/wp\/v2\/product\/32026","targetHints":{"allow":["GET"]}}],"collection":[{"href":"https:\/\/nordicmart.andreevmaster.com\/fi\/wp-json\/wp\/v2\/product"}],"about":[{"href":"https:\/\/nordicmart.andreevmaster.com\/fi\/wp-json\/wp\/v2\/types\/product"}],"replies":[{"embeddable":true,"href":"https:\/\/nordicmart.andreevmaster.com\/fi\/wp-json\/wp\/v2\/comments?post=32026"}],"wp:featuredmedia":[{"embeddable":true,"href":"https:\/\/nordicmart.andreevmaster.com\/fi\/wp-json\/wp\/v2\/media\/41080"}],"wp:attachment":[{"href":"https:\/\/nordicmart.andreevmaster.com\/fi\/wp-json\/wp\/v2\/media?parent=32026"}],"wp:term":[{"taxonomy":"product_brand","embeddable":true,"href":"https:\/\/nordicmart.andreevmaster.com\/fi\/wp-json\/wp\/v2\/product_brand?post=32026"},{"taxonomy":"product_cat","embeddable":true,"href":"https:\/\/nordicmart.andreevmaster.com\/fi\/wp-json\/wp\/v2\/product_cat?post=32026"},{"taxonomy":"product_tag","embeddable":true,"href":"https:\/\/nordicmart.andreevmaster.com\/fi\/wp-json\/wp\/v2\/product_tag?post=32026"}],"curies":[{"name":"wp","href":"https:\/\/api.w.org\/{rel}","templated":true}]}}