{"id":32023,"date":"2026-02-27T00:15:42","date_gmt":"2026-02-27T00:15:42","guid":{"rendered":"https:\/\/nordicmart.andreevmaster.com\/product\/songmics-kellolaatikko-laatikolla\/"},"modified":"2026-02-27T09:37:50","modified_gmt":"2026-02-27T09:37:50","slug":"songmics-kellolaatikko-laatikolla","status":"publish","type":"product","link":"https:\/\/nordicmart.andreevmaster.com\/fi\/tuote\/songmics-kellolaatikko-laatikolla\/","title":{"rendered":"SONGMICS kellolaatikko laatikolla"},"content":{"rendered":"<p>Arvokas kellokokoelmasi ansaitsee korkealaatuisen kellolaatikon. T\u00e4m\u00e4 SONGMICS-kellolaatikko on ihanteellinen valinta kaikille, joilla on paljon rannekelloja. T\u00e4m\u00e4n klassisen 2-tasoisen kellolaatikon edut yhdell\u00e4 silm\u00e4yksell\u00e4: &#8211; Kellotyynyill\u00e4: Kellotyynyt ovat pehmeit\u00e4 ja tukevia ja tukevat kelloja hyvin, jotta ne pysyv\u00e4t muodossaan. &#8211; Tilava: Yl\u00e4kerroksen 12 lokeroon mahtuu erilaisia rannekelloja. Alakerrassa voi s\u00e4ilytt\u00e4\u00e4 kalvosinnappeja, sormuksia, silm\u00e4laseja ja kaulakoruja. &#8211; Ihanteellinen lahjaidea: Kellolaatikko sopii lahjaksi h\u00e4\u00e4p\u00e4iv\u00e4n\u00e4 tai valmistumisen kunniaksi. &#8211; Metallilukko: Metallilukko on helppo avata yhdell\u00e4 k\u00e4dell\u00e4, mik\u00e4 on eritt\u00e4in k\u00e4yt\u00e4nn\u00f6llist\u00e4. &#8211; Mukana 2 avainta: Yl\u00e4osan lukko ja 2 mukana toimitettua avainta suojaavat kelloja vieraiden k\u00e4silt\u00e4. Tuotetiedot: &#8211; V\u00e4ri: ruskea PU-p\u00e4\u00e4llinen, ruskea sis\u00e4vuori &#8211; Materiaali: MDF (keskitihe\u00e4 kuitulevy), PU, sametti, lasi &#8211; Koko: 19,5 x 33 x 14 cm (S x L x K) &#8211; Paino: 2,2 kg Toimitus sis\u00e4lt\u00e4\u00e4: &#8211; 1 x kellolaatikko &#8211; 2 x avainta SONGMICS-ohjeet: &#8211; Suojaa tuote kosteudelta. &#8211; Jos tuotteen pinnalla on p\u00f6ly\u00e4 k\u00e4yt\u00f6n j\u00e4lkeen, pyyhi pinta pehme\u00e4ll\u00e4 liinalla.<\/p>\n","protected":false},"excerpt":{"rendered":"<p>SONGMICS kellolaatikko, kellokotelo 12 kellolle, korulaatikko, korukotelo laatikolla, lasikansi, naisille ja miehille, musta JWB012<\/p>\n","protected":false},"featured_media":41077,"comment_status":"open","ping_status":"closed","template":"","meta":[],"product_brand":[],"product_cat":[32],"product_tag":[],"class_list":{"0":"post-32023","1":"product","2":"type-product","3":"status-publish","4":"has-post-thumbnail","6":"product_cat-uncategorized-fi","8":"first","9":"instock","10":"shipping-taxable","11":"purchasable","12":"product-type-simple"},"_links":{"self":[{"href":"https:\/\/nordicmart.andreevmaster.com\/fi\/wp-json\/wp\/v2\/product\/32023","targetHints":{"allow":["GET"]}}],"collection":[{"href":"https:\/\/nordicmart.andreevmaster.com\/fi\/wp-json\/wp\/v2\/product"}],"about":[{"href":"https:\/\/nordicmart.andreevmaster.com\/fi\/wp-json\/wp\/v2\/types\/product"}],"replies":[{"embeddable":true,"href":"https:\/\/nordicmart.andreevmaster.com\/fi\/wp-json\/wp\/v2\/comments?post=32023"}],"wp:featuredmedia":[{"embeddable":true,"href":"https:\/\/nordicmart.andreevmaster.com\/fi\/wp-json\/wp\/v2\/media\/41077"}],"wp:attachment":[{"href":"https:\/\/nordicmart.andreevmaster.com\/fi\/wp-json\/wp\/v2\/media?parent=32023"}],"wp:term":[{"taxonomy":"product_brand","embeddable":true,"href":"https:\/\/nordicmart.andreevmaster.com\/fi\/wp-json\/wp\/v2\/product_brand?post=32023"},{"taxonomy":"product_cat","embeddable":true,"href":"https:\/\/nordicmart.andreevmaster.com\/fi\/wp-json\/wp\/v2\/product_cat?post=32023"},{"taxonomy":"product_tag","embeddable":true,"href":"https:\/\/nordicmart.andreevmaster.com\/fi\/wp-json\/wp\/v2\/product_tag?post=32023"}],"curies":[{"name":"wp","href":"https:\/\/api.w.org\/{rel}","templated":true}]}}