{"id":32022,"date":"2026-02-27T00:15:42","date_gmt":"2026-02-27T00:15:42","guid":{"rendered":"https:\/\/nordicmart.andreevmaster.com\/product\/songmics-kellolaatikko-2-tasoa-musta\/"},"modified":"2026-02-27T09:37:50","modified_gmt":"2026-02-27T09:37:50","slug":"songmics-kellolaatikko-2-tasoa-musta","status":"publish","type":"product","link":"https:\/\/nordicmart.andreevmaster.com\/fi\/tuote\/songmics-kellolaatikko-2-tasoa-musta\/","title":{"rendered":"SONGMICS kellolaatikko, 2 tasoa, musta"},"content":{"rendered":"<p>Miss\u00e4 ihmeess\u00e4 kelloni on? Unohdatko sin\u00e4kin aina, mihin olet laittanut kellosi? T\u00e4m\u00e4 klassinen, tyylik\u00e4s kellolaatikko lasikannella tarjoaa tilaa 12 kellolle, jotka aiemmin ker\u00e4siv\u00e4t p\u00f6ly\u00e4 y\u00f6p\u00f6yd\u00e4ll\u00e4si tai lojuivat lipastossa. Suojaus on etusijalla: olitpa sitten innokas kellofani tai vasta aloitteleva ker\u00e4ilij\u00e4, sinun tulee suojata korusi. T\u00e4m\u00e4n kellolaatikon korkealaatuinen samettivuori, ohuet tyynyt ja lasikansi ovat ihanteellisia suojaamaan kelloja naarmuilta. Lis\u00e4ksi laatikko tarjoaa t\u00e4ydellisen esittelytilan kellollesi, jotta voit ihailla niit\u00e4 milloin tahansa tai n\u00e4ytt\u00e4\u00e4 niit\u00e4 yst\u00e4villesi.Tuotetiedot: V\u00e4ri: musta keinonahkaverhoilu, harmaa sis\u00e4vuori Materiaali: MDF (keskitihe\u00e4 kuitulevy), PU (polyuretaani), sametti, lasi Koko: 32,5 x 19,5 x 11,5 cm (P x L x K) Paino: 2 kg Toimitus sis\u00e4lt\u00e4\u00e4: 1 x kellolaatikko 2 x avain<\/p>\n","protected":false},"excerpt":{"rendered":"<p>SONGMICS kellolaatikko, kellokotelo 12 kellolle, korulaatikko, korukotelo laatikolla, lasikansi, naisille ja miehille, musta JWB012<\/p>\n","protected":false},"featured_media":41076,"comment_status":"open","ping_status":"closed","template":"","meta":[],"product_brand":[],"product_cat":[32],"product_tag":[],"class_list":{"0":"post-32022","1":"product","2":"type-product","3":"status-publish","4":"has-post-thumbnail","6":"product_cat-uncategorized-fi","8":"first","9":"instock","10":"shipping-taxable","11":"purchasable","12":"product-type-simple"},"_links":{"self":[{"href":"https:\/\/nordicmart.andreevmaster.com\/fi\/wp-json\/wp\/v2\/product\/32022","targetHints":{"allow":["GET"]}}],"collection":[{"href":"https:\/\/nordicmart.andreevmaster.com\/fi\/wp-json\/wp\/v2\/product"}],"about":[{"href":"https:\/\/nordicmart.andreevmaster.com\/fi\/wp-json\/wp\/v2\/types\/product"}],"replies":[{"embeddable":true,"href":"https:\/\/nordicmart.andreevmaster.com\/fi\/wp-json\/wp\/v2\/comments?post=32022"}],"wp:featuredmedia":[{"embeddable":true,"href":"https:\/\/nordicmart.andreevmaster.com\/fi\/wp-json\/wp\/v2\/media\/41076"}],"wp:attachment":[{"href":"https:\/\/nordicmart.andreevmaster.com\/fi\/wp-json\/wp\/v2\/media?parent=32022"}],"wp:term":[{"taxonomy":"product_brand","embeddable":true,"href":"https:\/\/nordicmart.andreevmaster.com\/fi\/wp-json\/wp\/v2\/product_brand?post=32022"},{"taxonomy":"product_cat","embeddable":true,"href":"https:\/\/nordicmart.andreevmaster.com\/fi\/wp-json\/wp\/v2\/product_cat?post=32022"},{"taxonomy":"product_tag","embeddable":true,"href":"https:\/\/nordicmart.andreevmaster.com\/fi\/wp-json\/wp\/v2\/product_tag?post=32022"}],"curies":[{"name":"wp","href":"https:\/\/api.w.org\/{rel}","templated":true}]}}