{"id":32020,"date":"2026-02-27T00:15:41","date_gmt":"2026-02-27T00:15:41","guid":{"rendered":"https:\/\/nordicmart.andreevmaster.com\/product\/songmics-kellolaatikko-12-kellolle-korutaskulla\/"},"modified":"2026-02-27T09:37:50","modified_gmt":"2026-02-27T09:37:50","slug":"songmics-kellolaatikko-12-kellolle-korutaskulla","status":"publish","type":"product","link":"https:\/\/nordicmart.andreevmaster.com\/fi\/tuote\/songmics-kellolaatikko-12-kellolle-korutaskulla\/","title":{"rendered":"SONGMICS kellolaatikko 12 kellolle, korutaskulla"},"content":{"rendered":"<p>Tyylik\u00e4s suoja kellokokoelmille, katseenvangitsija jokaisessa modernissa kodissa. T\u00e4m\u00e4 kellolaatikko on varustettu aidolla lasi-ikkunalla ja tarjoaa tyylikk\u00e4\u00e4n ja k\u00e4yt\u00e4nn\u00f6llisen tavan s\u00e4ilytt\u00e4\u00e4 kelloja. T\u00e4m\u00e4n kellolaatikon hyv\u00e4 laatu n\u00e4kyy k\u00e4ytetyiss\u00e4 materiaaleissa, erinomaisessa suunnittelussa sek\u00e4 tarkassa ja huolellisessa valmistuksessa. Se ei vain n\u00e4yt\u00e4 hyv\u00e4lt\u00e4, vaan my\u00f6s suojaa arvokkaita lempiesineit\u00e4si p\u00f6lylt\u00e4 ja naarmuilta. Siististi valmistettu ja helppo puhdistaa, t\u00e4m\u00e4 Songmicsin tyylik\u00e4s s\u00e4ilytyslaatikko on pakollinen hankinta kaikille kellojen yst\u00e4ville. Tuotetiedot: &#8211; V\u00e4ri: musta, beige &#8211; Materiaali: MDF, keinonahka, lasi, sametti &#8211; Kellolaatikon mitat: 32,5 x 11,5 x 19,5 cm (L x K x S) &#8211; Lokeron koko: 8 x 3,8 x 4,5 cm (L x K x S) &#8211; Tyynyn koko: 7 x 4,5 cm (L x S) &#8211; Alempi laatikko: 2 lokeroa vasemmalla\/oikealla: kumpikin 16,5 x 2,5 x 10 cm (L x K x S ) &#8211; Renkaiden aukot: 9 x 8 cm (L x S ) &#8211; 3 pient\u00e4 lokeroa keskell\u00e4 korvakorujen s\u00e4ilytt\u00e4miseen: 8,5 x 8 cm (L x S ) Toimitus sis\u00e4lt\u00e4\u00e4: &#8211; 1 x kellolaatikko &#8211; 2 x avain<\/p>\n","protected":false},"excerpt":{"rendered":"<p>SONGMICS kellolaatikko, kellokotelo 12 kellolle, korulaatikko, korukotelo laatikolla, lasikansi, naisille ja miehille, musta JWB012<\/p>\n","protected":false},"featured_media":41074,"comment_status":"open","ping_status":"closed","template":"","meta":[],"product_brand":[],"product_cat":[32],"product_tag":[],"class_list":{"0":"post-32020","1":"product","2":"type-product","3":"status-publish","4":"has-post-thumbnail","6":"product_cat-uncategorized-fi","8":"first","9":"instock","10":"shipping-taxable","11":"purchasable","12":"product-type-simple"},"_links":{"self":[{"href":"https:\/\/nordicmart.andreevmaster.com\/fi\/wp-json\/wp\/v2\/product\/32020","targetHints":{"allow":["GET"]}}],"collection":[{"href":"https:\/\/nordicmart.andreevmaster.com\/fi\/wp-json\/wp\/v2\/product"}],"about":[{"href":"https:\/\/nordicmart.andreevmaster.com\/fi\/wp-json\/wp\/v2\/types\/product"}],"replies":[{"embeddable":true,"href":"https:\/\/nordicmart.andreevmaster.com\/fi\/wp-json\/wp\/v2\/comments?post=32020"}],"wp:featuredmedia":[{"embeddable":true,"href":"https:\/\/nordicmart.andreevmaster.com\/fi\/wp-json\/wp\/v2\/media\/41074"}],"wp:attachment":[{"href":"https:\/\/nordicmart.andreevmaster.com\/fi\/wp-json\/wp\/v2\/media?parent=32020"}],"wp:term":[{"taxonomy":"product_brand","embeddable":true,"href":"https:\/\/nordicmart.andreevmaster.com\/fi\/wp-json\/wp\/v2\/product_brand?post=32020"},{"taxonomy":"product_cat","embeddable":true,"href":"https:\/\/nordicmart.andreevmaster.com\/fi\/wp-json\/wp\/v2\/product_cat?post=32020"},{"taxonomy":"product_tag","embeddable":true,"href":"https:\/\/nordicmart.andreevmaster.com\/fi\/wp-json\/wp\/v2\/product_tag?post=32020"}],"curies":[{"name":"wp","href":"https:\/\/api.w.org\/{rel}","templated":true}]}}