{"id":32018,"date":"2026-02-27T00:15:41","date_gmt":"2026-02-27T00:15:41","guid":{"rendered":"https:\/\/nordicmart.andreevmaster.com\/product\/songmics-kellolaatikko-10-lokeroa-ja-lasikansi\/"},"modified":"2026-02-27T09:37:49","modified_gmt":"2026-02-27T09:37:49","slug":"songmics-kellolaatikko-10-lokeroa-ja-lasikansi","status":"publish","type":"product","link":"https:\/\/nordicmart.andreevmaster.com\/fi\/tuote\/songmics-kellolaatikko-10-lokeroa-ja-lasikansi\/","title":{"rendered":"SONGMICS kellolaatikko, 10 lokeroa ja lasikansi"},"content":{"rendered":"<p>SONGMICS kellolaatikko 10 kellolle, lasi-ikkuna, musta JWB010<br \/>\nV\u00e4ri: PU-p\u00e4\u00e4llinen, musta, samettivuori, viininpunainen<br \/>\nMateriaali: MDF (keskitihe\u00e4 kuitulevy), PU, sametti, lasi<br \/>\nKoko: 20,2 x 25,5 x 7,8 cm (S x L x K)<br \/>\nPaino: 0,9 kg<\/p>\n","protected":false},"excerpt":{"rendered":"<p>SONGMICS kellolaatikko 10 kellolle, lasi-ikkuna, musta JWB010<\/p>\n","protected":false},"featured_media":41072,"comment_status":"open","ping_status":"closed","template":"","meta":[],"product_brand":[],"product_cat":[32],"product_tag":[],"class_list":{"0":"post-32018","1":"product","2":"type-product","3":"status-publish","4":"has-post-thumbnail","6":"product_cat-uncategorized-fi","8":"first","9":"instock","10":"shipping-taxable","11":"purchasable","12":"product-type-simple"},"_links":{"self":[{"href":"https:\/\/nordicmart.andreevmaster.com\/fi\/wp-json\/wp\/v2\/product\/32018","targetHints":{"allow":["GET"]}}],"collection":[{"href":"https:\/\/nordicmart.andreevmaster.com\/fi\/wp-json\/wp\/v2\/product"}],"about":[{"href":"https:\/\/nordicmart.andreevmaster.com\/fi\/wp-json\/wp\/v2\/types\/product"}],"replies":[{"embeddable":true,"href":"https:\/\/nordicmart.andreevmaster.com\/fi\/wp-json\/wp\/v2\/comments?post=32018"}],"wp:featuredmedia":[{"embeddable":true,"href":"https:\/\/nordicmart.andreevmaster.com\/fi\/wp-json\/wp\/v2\/media\/41072"}],"wp:attachment":[{"href":"https:\/\/nordicmart.andreevmaster.com\/fi\/wp-json\/wp\/v2\/media?parent=32018"}],"wp:term":[{"taxonomy":"product_brand","embeddable":true,"href":"https:\/\/nordicmart.andreevmaster.com\/fi\/wp-json\/wp\/v2\/product_brand?post=32018"},{"taxonomy":"product_cat","embeddable":true,"href":"https:\/\/nordicmart.andreevmaster.com\/fi\/wp-json\/wp\/v2\/product_cat?post=32018"},{"taxonomy":"product_tag","embeddable":true,"href":"https:\/\/nordicmart.andreevmaster.com\/fi\/wp-json\/wp\/v2\/product_tag?post=32018"}],"curies":[{"name":"wp","href":"https:\/\/api.w.org\/{rel}","templated":true}]}}