{"id":32017,"date":"2026-02-27T00:15:41","date_gmt":"2026-02-27T00:15:41","guid":{"rendered":"https:\/\/nordicmart.andreevmaster.com\/product\/songmics-tyylikas-kellokotelo-10-kellolle\/"},"modified":"2026-02-27T09:37:49","modified_gmt":"2026-02-27T09:37:49","slug":"songmics-tyylikas-kellokotelo-10-kellolle","status":"publish","type":"product","link":"https:\/\/nordicmart.andreevmaster.com\/fi\/tuote\/songmics-tyylikas-kellokotelo-10-kellolle\/","title":{"rendered":"SONGMICS Tyylik\u00e4s kellokotelo 10 kellolle"},"content":{"rendered":"<p>Irrotettavat kellotyynyt Kellotyynyt sopivat t\u00e4ydellisesti laatikon lokeroihin, joten kellosi pysyv\u00e4t aina paikoillaan liikkumatta ja eiv\u00e4t vahingoitu iskuista. Ilman tyynyj\u00e4 t\u00e4m\u00e4 laatikko muuttuu korulaatikoksi, jossa voi s\u00e4ilytt\u00e4\u00e4 koruja, pieni\u00e4 asusteita jne. Erinomainen lahjaidea T\u00e4m\u00e4 tyylik\u00e4s kellolaatikko sopii erinomaisesti lahjaksi syntym\u00e4p\u00e4iville, h\u00e4\u00e4p\u00e4iville jne. Jos annat t\u00e4m\u00e4n kellolaatikon is\u00e4llesi is\u00e4np\u00e4iv\u00e4lahjaksi, h\u00e4n varmasti ilahtuu siit\u00e4. Investointi kannattaa Kellolaatikko ei vain suojaa arvokkaita kelloja lialta, naarmuilta, vaurioilta jne., vaan toimii my\u00f6s tyylikk\u00e4\u00e4n\u00e4 sisustusesineen\u00e4 huoneessasi. \u00c4l\u00e4 siis ep\u00e4r\u00f6i, vaan osta se heti! Et tule katumaan! Useita vaihtoehtoja Tarjoamme laajan valikoiman kellokoteloita eri kokoina ja v\u00e4rein\u00e4. Etsi vain hakusanalla &#8221;SONGMICS kellokotelo&#8221; saadaksesi lis\u00e4tietoja. Tuotetiedot:- V\u00e4ri: musta &#8211; Materiaali: MDF-levyt, PU, sametti, lasi &#8211; Mitat: 25 x 7,5 x 20 cm (L x K x S) &#8211; Mitat per lokero: 9,2 x 4,5 cm &#8211; Paino: 0,95 kg Toimitus sis\u00e4lt\u00e4\u00e4: &#8211; 1 x kellolaatikko<\/p>\n","protected":false},"excerpt":{"rendered":"<p>SONGMICS kellolaatikko 10 kellolle, lasi-ikkuna, musta JWB010<\/p>\n","protected":false},"featured_media":41071,"comment_status":"open","ping_status":"closed","template":"","meta":[],"product_brand":[],"product_cat":[32],"product_tag":[],"class_list":{"0":"post-32017","1":"product","2":"type-product","3":"status-publish","4":"has-post-thumbnail","6":"product_cat-uncategorized-fi","8":"first","9":"instock","10":"shipping-taxable","11":"purchasable","12":"product-type-simple"},"_links":{"self":[{"href":"https:\/\/nordicmart.andreevmaster.com\/fi\/wp-json\/wp\/v2\/product\/32017","targetHints":{"allow":["GET"]}}],"collection":[{"href":"https:\/\/nordicmart.andreevmaster.com\/fi\/wp-json\/wp\/v2\/product"}],"about":[{"href":"https:\/\/nordicmart.andreevmaster.com\/fi\/wp-json\/wp\/v2\/types\/product"}],"replies":[{"embeddable":true,"href":"https:\/\/nordicmart.andreevmaster.com\/fi\/wp-json\/wp\/v2\/comments?post=32017"}],"wp:featuredmedia":[{"embeddable":true,"href":"https:\/\/nordicmart.andreevmaster.com\/fi\/wp-json\/wp\/v2\/media\/41071"}],"wp:attachment":[{"href":"https:\/\/nordicmart.andreevmaster.com\/fi\/wp-json\/wp\/v2\/media?parent=32017"}],"wp:term":[{"taxonomy":"product_brand","embeddable":true,"href":"https:\/\/nordicmart.andreevmaster.com\/fi\/wp-json\/wp\/v2\/product_brand?post=32017"},{"taxonomy":"product_cat","embeddable":true,"href":"https:\/\/nordicmart.andreevmaster.com\/fi\/wp-json\/wp\/v2\/product_cat?post=32017"},{"taxonomy":"product_tag","embeddable":true,"href":"https:\/\/nordicmart.andreevmaster.com\/fi\/wp-json\/wp\/v2\/product_tag?post=32017"}],"curies":[{"name":"wp","href":"https:\/\/api.w.org\/{rel}","templated":true}]}}