{"id":32015,"date":"2026-02-27T00:15:40","date_gmt":"2026-02-27T00:15:40","guid":{"rendered":"https:\/\/nordicmart.andreevmaster.com\/product\/songmics-aparte-kellokotelo-10-kellolle\/"},"modified":"2026-02-27T09:37:49","modified_gmt":"2026-02-27T09:37:49","slug":"songmics-aparte-kellokotelo-10-kellolle","status":"publish","type":"product","link":"https:\/\/nordicmart.andreevmaster.com\/fi\/tuote\/songmics-aparte-kellokotelo-10-kellolle\/","title":{"rendered":"SONGMICS Aparte kellokotelo 10 kellolle"},"content":{"rendered":"<p>Toimitus sis\u00e4lt\u00e4\u00e4: &#8211; 1 x kellokotelo &#8211; 2 x avain S\u00e4ilytys ja hoito: &#8211; S\u00e4ilyt\u00e4 kellokoteloa ilmastoidussa tilassa ja v\u00e4lt\u00e4 pit\u00e4m\u00e4st\u00e4 koteloa pitk\u00e4\u00e4n auringossa tai kosteassa tilassa. Sopiva l\u00e4mp\u00f6tila: 10-40 \u2103. &#8211; Pinnan tahrat voidaan pyyhki\u00e4 pois hieman kostutetulla liinalla. V\u00e4lt\u00e4 veden p\u00e4\u00e4sy\u00e4 kellolaatikkoon. &#8211; K\u00e4yt\u00e4 s\u00e4\u00e4nn\u00f6llisesti erityist\u00e4 nahkahuoltotuotetta, jotta nahka s\u00e4ilytt\u00e4\u00e4 kiiltonsa pitk\u00e4\u00e4n.  &#8211; Suojaa kellolaatikko varastoinnin aikana puristukselta.  &#8211; \u00c4l\u00e4 s\u00e4ilyt\u00e4 kellolaatikkoa kemikaalien kanssa. <\/p>\n","protected":false},"excerpt":{"rendered":"<p>SONGMICS kellolaatikko 10 kellolle, lasi-ikkuna, musta JWB010<\/p>\n","protected":false},"featured_media":41069,"comment_status":"open","ping_status":"closed","template":"","meta":[],"product_brand":[],"product_cat":[32],"product_tag":[],"class_list":{"0":"post-32015","1":"product","2":"type-product","3":"status-publish","4":"has-post-thumbnail","6":"product_cat-uncategorized-fi","8":"first","9":"instock","10":"shipping-taxable","11":"purchasable","12":"product-type-simple"},"_links":{"self":[{"href":"https:\/\/nordicmart.andreevmaster.com\/fi\/wp-json\/wp\/v2\/product\/32015","targetHints":{"allow":["GET"]}}],"collection":[{"href":"https:\/\/nordicmart.andreevmaster.com\/fi\/wp-json\/wp\/v2\/product"}],"about":[{"href":"https:\/\/nordicmart.andreevmaster.com\/fi\/wp-json\/wp\/v2\/types\/product"}],"replies":[{"embeddable":true,"href":"https:\/\/nordicmart.andreevmaster.com\/fi\/wp-json\/wp\/v2\/comments?post=32015"}],"wp:featuredmedia":[{"embeddable":true,"href":"https:\/\/nordicmart.andreevmaster.com\/fi\/wp-json\/wp\/v2\/media\/41069"}],"wp:attachment":[{"href":"https:\/\/nordicmart.andreevmaster.com\/fi\/wp-json\/wp\/v2\/media?parent=32015"}],"wp:term":[{"taxonomy":"product_brand","embeddable":true,"href":"https:\/\/nordicmart.andreevmaster.com\/fi\/wp-json\/wp\/v2\/product_brand?post=32015"},{"taxonomy":"product_cat","embeddable":true,"href":"https:\/\/nordicmart.andreevmaster.com\/fi\/wp-json\/wp\/v2\/product_cat?post=32015"},{"taxonomy":"product_tag","embeddable":true,"href":"https:\/\/nordicmart.andreevmaster.com\/fi\/wp-json\/wp\/v2\/product_tag?post=32015"}],"curies":[{"name":"wp","href":"https:\/\/api.w.org\/{rel}","templated":true}]}}