{"id":32014,"date":"2026-02-27T00:15:40","date_gmt":"2026-02-27T00:15:40","guid":{"rendered":"https:\/\/nordicmart.andreevmaster.com\/product\/songmics-kellolaatikko-10-kellolle-korulaatikolla\/"},"modified":"2026-02-27T09:37:49","modified_gmt":"2026-02-27T09:37:49","slug":"songmics-kellolaatikko-10-kellolle-korulaatikolla","status":"publish","type":"product","link":"https:\/\/nordicmart.andreevmaster.com\/fi\/tuote\/songmics-kellolaatikko-10-kellolle-korulaatikolla\/","title":{"rendered":"SONGMICS kellolaatikko 10 kellolle, korulaatikolla"},"content":{"rendered":"<p>Irrotettavat kellotyynyt &#8211; Kellotyynyt voidaan irrottaa ja lokeroissa voidaan s\u00e4ilytt\u00e4\u00e4 nappeja, korvakoruja, sormuksia, kaulakoruja, rannekoruja ja muita koruja. Helppohoitoinen &#8211; Lasikannella varustettu kellolaatikko on kaunis. Pinnan tahrat voidaan pyyhki\u00e4 helposti hieman kostutetulla liinalla. Tuotteen p\u00e4\u00e4ominaisuudet &#8211; Lasiruutu: helppo puhdistaa, ei naarmuunnu. &#8211; Kehys: ruskea keinonahkaverhoilu, jossa valkoiset kontrastiompeleet.  &#8211; Optimaalinen suoja suljettavan lukon ansiosta, mukana 2 avainta &#8211; Kehyksen paksuus: 0,70 cm &#8211; Sis\u00e4tila: pitk\u00e4 sametti, suojaa kelloja paremmin &#8211; Nettopaino: 1,2 kg S\u00e4ilytys ja hoito:- S\u00e4ilyt\u00e4 kellolaatikko tuuletetussa tilassa ja v\u00e4lt\u00e4 j\u00e4tt\u00e4m\u00e4st\u00e4 laatikkoa pitk\u00e4ksi aikaa auringonvaloon tai kosteaan tilaan. Sopiva l\u00e4mp\u00f6tila: 10\u201340 \u2103. &#8211; Pinnan tahrat voidaan pyyhki\u00e4 pois hieman kostutetulla liinalla. V\u00e4lt\u00e4 veden p\u00e4\u00e4semist\u00e4 kellolaatikon sis\u00e4\u00e4n.- K\u00e4yt\u00e4 s\u00e4\u00e4nn\u00f6llisesti erityist\u00e4 nahkahuoltotuotetta, jotta nahka s\u00e4ilytt\u00e4\u00e4 kiiltonsa pitk\u00e4\u00e4n. &#8211; Suojaa kellolaatikko varastoinnin aikana puristukselta. &#8211; \u00c4l\u00e4 s\u00e4ilyt\u00e4 kellolaatikkoa kemikaalien kanssa. Toimitussis\u00e4lt\u00f6: &#8211; 1 x kellolaatikko &#8211; Ilman kelloja ja koruja<\/p>\n","protected":false},"excerpt":{"rendered":"<p>SONGMICS kellolaatikko kellokotelo 10 kellolle laatikko kellolaatikko korulaatikko JWB007<\/p>\n","protected":false},"featured_media":41068,"comment_status":"open","ping_status":"closed","template":"","meta":[],"product_brand":[],"product_cat":[32],"product_tag":[],"class_list":{"0":"post-32014","1":"product","2":"type-product","3":"status-publish","4":"has-post-thumbnail","6":"product_cat-uncategorized-fi","8":"first","9":"instock","10":"shipping-taxable","11":"purchasable","12":"product-type-simple"},"_links":{"self":[{"href":"https:\/\/nordicmart.andreevmaster.com\/fi\/wp-json\/wp\/v2\/product\/32014","targetHints":{"allow":["GET"]}}],"collection":[{"href":"https:\/\/nordicmart.andreevmaster.com\/fi\/wp-json\/wp\/v2\/product"}],"about":[{"href":"https:\/\/nordicmart.andreevmaster.com\/fi\/wp-json\/wp\/v2\/types\/product"}],"replies":[{"embeddable":true,"href":"https:\/\/nordicmart.andreevmaster.com\/fi\/wp-json\/wp\/v2\/comments?post=32014"}],"wp:featuredmedia":[{"embeddable":true,"href":"https:\/\/nordicmart.andreevmaster.com\/fi\/wp-json\/wp\/v2\/media\/41068"}],"wp:attachment":[{"href":"https:\/\/nordicmart.andreevmaster.com\/fi\/wp-json\/wp\/v2\/media?parent=32014"}],"wp:term":[{"taxonomy":"product_brand","embeddable":true,"href":"https:\/\/nordicmart.andreevmaster.com\/fi\/wp-json\/wp\/v2\/product_brand?post=32014"},{"taxonomy":"product_cat","embeddable":true,"href":"https:\/\/nordicmart.andreevmaster.com\/fi\/wp-json\/wp\/v2\/product_cat?post=32014"},{"taxonomy":"product_tag","embeddable":true,"href":"https:\/\/nordicmart.andreevmaster.com\/fi\/wp-json\/wp\/v2\/product_tag?post=32014"}],"curies":[{"name":"wp","href":"https:\/\/api.w.org\/{rel}","templated":true}]}}