{"id":32011,"date":"2026-02-27T00:15:39","date_gmt":"2026-02-27T00:15:39","guid":{"rendered":"https:\/\/nordicmart.andreevmaster.com\/product\/songmics-kellolaatikko-6-lokeroa-ruskea\/"},"modified":"2026-02-27T09:37:49","modified_gmt":"2026-02-27T09:37:49","slug":"songmics-kellolaatikko-6-lokeroa-ruskea","status":"publish","type":"product","link":"https:\/\/nordicmart.andreevmaster.com\/fi\/tuote\/songmics-kellolaatikko-6-lokeroa-ruskea\/","title":{"rendered":"SONGMICS kellolaatikko, 6 lokeroa, ruskea"},"content":{"rendered":"<p>Paikka kelloillesi Unohdatko usein, miss\u00e4 kellosi ovat? T\u00e4m\u00e4 puunv\u00e4rinen kellolaatikko, jossa on 6 lokeroa ja lasikansi, mahdollistaa kellojesi siistin s\u00e4ilytyksen, jotka muuten olisivat edelleen hajallaan y\u00f6p\u00f6yd\u00e4ll\u00e4 tai lipastoissa.  Suojaus ennen kaikkea Olitpa sitten innokas kellojen yst\u00e4v\u00e4 tai vasta aloittamassa ker\u00e4ily\u00e4, kellojesi hyv\u00e4 suojaus on kullanarvoista. Korkealaatuisen sametin, pehmeiden kellotyynyjen ja Tuotetiedot: &#8211; V\u00e4ri: ruskea puukuviolla &#8211; Materiaali: MDF (keskitihe\u00e4 kuitulevy), sametti, PU-keinonahka, lasi &#8211; Koko: 30 x 11 x 8 cm (P x L x K) &#8211; Paino: 0,6 kg Toimitus sis\u00e4lt\u00e4\u00e4: &#8211; 1 x kellolaatikko Lasikannella varustetun kellolaatikon avulla voit esitt\u00e4\u00e4 kellosi huoletta ja ihailla niiden kauneutta tai n\u00e4ytt\u00e4\u00e4 niit\u00e4 yst\u00e4villesi.Naisille ja miehille S\u00e4ilyt\u00e4tk\u00f6 kelloitasi viel\u00e4 tytt\u00f6yst\u00e4v\u00e4si korurasia? T\u00e4m\u00e4 kellolaatikko on t\u00e4ydellinen lahja itsellesi tai kelloharrastajalle tuttavapiiriss\u00e4si. Syntym\u00e4p\u00e4iv\u00e4ksi, yst\u00e4v\u00e4np\u00e4iv\u00e4ksi, valmistujaisjuhlaksi tai jouluksi perheelle, kumppanille tai yst\u00e4ville.<\/p>\n","protected":false},"excerpt":{"rendered":"<p>SONGMICS kellolaatikko 6 lokerolla, kellokotelo lasikannella, s\u00e4ilytyslaatikko lahjaksi, keinonahka, kellotyynyll\u00e4, 30 x 11 x 8 cm, ruskea puukuviolla JWB006K01<\/p>\n","protected":false},"featured_media":41065,"comment_status":"open","ping_status":"closed","template":"","meta":[],"product_brand":[],"product_cat":[32],"product_tag":[],"class_list":{"0":"post-32011","1":"product","2":"type-product","3":"status-publish","4":"has-post-thumbnail","6":"product_cat-uncategorized-fi","8":"first","9":"instock","10":"shipping-taxable","11":"purchasable","12":"product-type-simple"},"_links":{"self":[{"href":"https:\/\/nordicmart.andreevmaster.com\/fi\/wp-json\/wp\/v2\/product\/32011","targetHints":{"allow":["GET"]}}],"collection":[{"href":"https:\/\/nordicmart.andreevmaster.com\/fi\/wp-json\/wp\/v2\/product"}],"about":[{"href":"https:\/\/nordicmart.andreevmaster.com\/fi\/wp-json\/wp\/v2\/types\/product"}],"replies":[{"embeddable":true,"href":"https:\/\/nordicmart.andreevmaster.com\/fi\/wp-json\/wp\/v2\/comments?post=32011"}],"wp:featuredmedia":[{"embeddable":true,"href":"https:\/\/nordicmart.andreevmaster.com\/fi\/wp-json\/wp\/v2\/media\/41065"}],"wp:attachment":[{"href":"https:\/\/nordicmart.andreevmaster.com\/fi\/wp-json\/wp\/v2\/media?parent=32011"}],"wp:term":[{"taxonomy":"product_brand","embeddable":true,"href":"https:\/\/nordicmart.andreevmaster.com\/fi\/wp-json\/wp\/v2\/product_brand?post=32011"},{"taxonomy":"product_cat","embeddable":true,"href":"https:\/\/nordicmart.andreevmaster.com\/fi\/wp-json\/wp\/v2\/product_cat?post=32011"},{"taxonomy":"product_tag","embeddable":true,"href":"https:\/\/nordicmart.andreevmaster.com\/fi\/wp-json\/wp\/v2\/product_tag?post=32011"}],"curies":[{"name":"wp","href":"https:\/\/api.w.org\/{rel}","templated":true}]}}