{"id":32010,"date":"2026-02-27T00:15:39","date_gmt":"2026-02-27T00:15:39","guid":{"rendered":"https:\/\/nordicmart.andreevmaster.com\/product\/jungle-vuodevaatteet-taytteen-koko-s\/"},"modified":"2026-02-27T09:37:48","modified_gmt":"2026-02-27T09:37:48","slug":"jungle-vuodevaatteet-taytteen-koko-s","status":"publish","type":"product","link":"https:\/\/nordicmart.andreevmaster.com\/fi\/tuote\/jungle-vuodevaatteet-taytteen-koko-s\/","title":{"rendered":"Jungle-vuodevaatteet, t\u00e4ytteen koko S"},"content":{"rendered":"<p>Vuodevaatteet, jotka koostuvat peitosta ja tyynyst\u00e4 t\u00e4ytteineen. Valmistettu korkealaatuisesta puuvillasta, jolla on OEKO-TEX Standard 100 -sertifikaatti. Vuodevaatteiden t\u00e4yte on valmistettu joustavasta ja pehme\u00e4st\u00e4 hypoallergeenisesta silikonikuidusta, jolla on edistykselliset l\u00e4mm\u00f6ns\u00e4\u00e4t\u00f6ominaisuudet, jotka takaavat korkean unenmukavuuden.\u00a0 Vuodevaatteet, t\u00e4yte mukaan lukien, voidaan pest\u00e4 pesukoneessa, mik\u00e4 tekee niist\u00e4 erinomaisen valinnan allergikoille. <\/p>\n<p>Vuodevaatteet on suunniteltu ja valmistettu Puolassa, ja niiss\u00e4 on kiinnitetty huomiota jokaiseen yksityiskohtaan. Tuote on pakattu l\u00e4pin\u00e4kyv\u00e4\u00e4n, biohajoavaan pussiin. Erinomainen idea vauvakutsuille, syntym\u00e4p\u00e4iv\u00e4lahjaksi tai erityistilaisuuksien lahjaksi. <\/p>\n<p>Yksityiskohdat: <\/p>\n<p>&#8211; pussilakana ja tyynyliina on valmistettu korkealaatuisesta puuvillasta, jolla on  OEKO-TEX-sertifikaatti <\/p>\n<p>&#8211; vuodevaatteet on t\u00e4ytetty sertifioidulla hypoallergeenisella silikonikuidulla <\/p>\n<p>&#8211; painettu kuvio ei haalistu edes toistuvien pesujen j\u00e4lkeen <\/p>\n<p>&#8211; sopii lastenvaunuun, kehtoon tai pinnas\u00e4nkyyn<\/p>\n<p> Tarkoitettu alle 3-vuotiaille lapsille.  K\u00e4yt\u00e4 vanhempien valvonnassa. <\/p>\n<p>Materiaali: <\/p>\n<p>&#8211; 100 % puuvillaa, langan paino 150 g\/m2, Oeko-TEX Standard 100 -sertifikaatti  <\/p>\n<p>&#8211; hypoallergeeninen silikonikuitu, langan paino 200 g\/m2 <\/p>\n<p> Mitat: <\/p>\n<p>&#8211; tyyny: 30&#215;40 cm<br \/>\n &#8211; peitto: 80&#215;100 cm <\/p>\n<p>Pesuohjeet:<br \/>\n &#8211; konepesu 40 \u00b0C:ssa<br \/>\n &#8211; silitys enint\u00e4\u00e4n 110 \u00b0C:ssa<br \/>\n &#8211; ei valkaisuaineita<br \/>\n &#8211; ei rumpukuivausta<\/p>\n","protected":false},"excerpt":{"rendered":"<p>Vuodevaatteet, jotka koostuvat peitosta ja tyynyst\u00e4 t\u00e4ytteineen. Valmistettu korkealaatuisesta puuvillasta, jolla on OEKO-TEX Standard 100 -sertifikaatti. Vuodevaatteiden t\u00e4yte on valmistettu joustavasta ja pehme\u00e4st\u00e4 hypoallergeenisesta silikonikuidusta, jolla on edistykselliset l\u00e4mm\u00f6ns\u00e4\u00e4t\u00f6ominaisuudet, jotka takaavat korkean unenmukavuuden.\u00a0 Vuodevaatteet, t\u00e4yte mukaan lukien, voidaan pest\u00e4 pesukoneessa, mik\u00e4 tekee niist\u00e4 erinomaisen valinnan allergikoille. Vuodevaatteet on suunniteltu ja valmistettu Puolassa, ja niiss\u00e4 on [&hellip;]<\/p>\n","protected":false},"featured_media":0,"comment_status":"open","ping_status":"closed","template":"","meta":[],"product_brand":[],"product_cat":[32],"product_tag":[],"class_list":{"0":"post-32010","1":"product","2":"type-product","3":"status-publish","5":"product_cat-uncategorized-fi","7":"first","8":"instock","9":"shipping-taxable","10":"purchasable","11":"product-type-simple"},"_links":{"self":[{"href":"https:\/\/nordicmart.andreevmaster.com\/fi\/wp-json\/wp\/v2\/product\/32010","targetHints":{"allow":["GET"]}}],"collection":[{"href":"https:\/\/nordicmart.andreevmaster.com\/fi\/wp-json\/wp\/v2\/product"}],"about":[{"href":"https:\/\/nordicmart.andreevmaster.com\/fi\/wp-json\/wp\/v2\/types\/product"}],"replies":[{"embeddable":true,"href":"https:\/\/nordicmart.andreevmaster.com\/fi\/wp-json\/wp\/v2\/comments?post=32010"}],"wp:attachment":[{"href":"https:\/\/nordicmart.andreevmaster.com\/fi\/wp-json\/wp\/v2\/media?parent=32010"}],"wp:term":[{"taxonomy":"product_brand","embeddable":true,"href":"https:\/\/nordicmart.andreevmaster.com\/fi\/wp-json\/wp\/v2\/product_brand?post=32010"},{"taxonomy":"product_cat","embeddable":true,"href":"https:\/\/nordicmart.andreevmaster.com\/fi\/wp-json\/wp\/v2\/product_cat?post=32010"},{"taxonomy":"product_tag","embeddable":true,"href":"https:\/\/nordicmart.andreevmaster.com\/fi\/wp-json\/wp\/v2\/product_tag?post=32010"}],"curies":[{"name":"wp","href":"https:\/\/api.w.org\/{rel}","templated":true}]}}