{"id":32008,"date":"2026-02-27T00:15:39","date_gmt":"2026-02-27T00:15:39","guid":{"rendered":"https:\/\/nordicmart.andreevmaster.com\/product\/jungle-roller-2\/"},"modified":"2026-02-27T09:37:48","modified_gmt":"2026-02-27T09:37:48","slug":"jungle-roller-2","status":"publish","type":"product","link":"https:\/\/nordicmart.andreevmaster.com\/fi\/tuote\/jungle-roller-2\/","title":{"rendered":"Jungle roller"},"content":{"rendered":"<p>Shining star roller  <\/p>\n<p>Tiedot:<br \/>\n &#8211; voi korvata pehmusteen<br \/>\n &#8211; suojaa pient\u00e4 vauvaa liikkeilt\u00e4<br \/>\n &#8211; sopii hyvin koristeeksi my\u00f6s muualle kuin vauvan huoneeseen<br \/>\n &#8211; eritt\u00e4in pehme\u00e4 ja miellytt\u00e4v\u00e4 kosketukseltaan. <\/p>\n<p>Koko: 15&#215;70 cm <\/p>\n<p>Materiaali:<br \/>\n&#8211; suunniteltu ja valmistettu Puolassa<br \/>\n&#8211; painetut elementit eiv\u00e4t haalistu (edes toistuvien pesujen j\u00e4lkeen)<br \/>\n&#8211; 100 % puuvillaa, langan paino 150 g\/m2 ja Oeko-Tex Standard 100 IW 00034<br \/>\n&#8211; sertifikaatti; hypoallergeeninen 200 g\/m2 silikonikuitu<br \/>\n&#8211; pesul\u00e4mp\u00f6tila: 30 \u00b0C<\/p>\n","protected":false},"excerpt":{"rendered":"<p>Shining star roller Tiedot: &#8211; voi korvata pehmusteen &#8211; suojaa pient\u00e4 vauvaa liikkeilt\u00e4 &#8211; sopii hyvin koristeeksi my\u00f6s muualle kuin vauvan huoneeseen &#8211; eritt\u00e4in pehme\u00e4 ja miellytt\u00e4v\u00e4 kosketukseltaan. Koko: 15&#215;70 cm Materiaali: &#8211; suunniteltu ja valmistettu Puolassa &#8211; painetut elementit eiv\u00e4t haalistu (edes toistuvien pesujen j\u00e4lkeen) &#8211; 100 % puuvillaa, langan paino 150 g\/m2 ja [&hellip;]<\/p>\n","protected":false},"featured_media":0,"comment_status":"open","ping_status":"closed","template":"","meta":[],"product_brand":[],"product_cat":[32],"product_tag":[],"class_list":{"0":"post-32008","1":"product","2":"type-product","3":"status-publish","5":"product_cat-uncategorized-fi","7":"first","8":"instock","9":"shipping-taxable","10":"purchasable","11":"product-type-simple"},"_links":{"self":[{"href":"https:\/\/nordicmart.andreevmaster.com\/fi\/wp-json\/wp\/v2\/product\/32008","targetHints":{"allow":["GET"]}}],"collection":[{"href":"https:\/\/nordicmart.andreevmaster.com\/fi\/wp-json\/wp\/v2\/product"}],"about":[{"href":"https:\/\/nordicmart.andreevmaster.com\/fi\/wp-json\/wp\/v2\/types\/product"}],"replies":[{"embeddable":true,"href":"https:\/\/nordicmart.andreevmaster.com\/fi\/wp-json\/wp\/v2\/comments?post=32008"}],"wp:attachment":[{"href":"https:\/\/nordicmart.andreevmaster.com\/fi\/wp-json\/wp\/v2\/media?parent=32008"}],"wp:term":[{"taxonomy":"product_brand","embeddable":true,"href":"https:\/\/nordicmart.andreevmaster.com\/fi\/wp-json\/wp\/v2\/product_brand?post=32008"},{"taxonomy":"product_cat","embeddable":true,"href":"https:\/\/nordicmart.andreevmaster.com\/fi\/wp-json\/wp\/v2\/product_cat?post=32008"},{"taxonomy":"product_tag","embeddable":true,"href":"https:\/\/nordicmart.andreevmaster.com\/fi\/wp-json\/wp\/v2\/product_tag?post=32008"}],"curies":[{"name":"wp","href":"https:\/\/api.w.org\/{rel}","templated":true}]}}