{"id":32000,"date":"2026-02-27T00:15:37","date_gmt":"2026-02-27T00:15:37","guid":{"rendered":"https:\/\/nordicmart.andreevmaster.com\/product\/jackie-town-vuodevaatteet-taytteen-koko-l\/"},"modified":"2026-02-27T09:37:47","modified_gmt":"2026-02-27T09:37:47","slug":"jackie-town-vuodevaatteet-taytteen-koko-l","status":"publish","type":"product","link":"https:\/\/nordicmart.andreevmaster.com\/fi\/tuote\/jackie-town-vuodevaatteet-taytteen-koko-l\/","title":{"rendered":"Jackie Town -vuodevaatteet, t\u00e4ytteen koko L"},"content":{"rendered":"<p>Tutustu uuden yst\u00e4v\u00e4mme, koiran Jackie, v\u00e4rikk\u00e4\u00e4seen maailmaan. Nelijalkainen yst\u00e4v\u00e4mme valloittaa varmasti pienokaisesi syd\u00e4met ja varmistaa, ett\u00e4 heid\u00e4n unensa ovat rauhallisia ja t\u00e4ynn\u00e4 upeita seikkailuja. Jackie ei vain tuo rauhallista unta, vaan on my\u00f6s hauskaa lapsellesi liitty\u00e4 rohkean koiramme fantastisiin seikkailuihin. Siksi olemme kiinnitt\u00e4neet huomiota jokaiseen yksityiskohtaan.<br \/>\nTyynyn ja peiton mustat reunat tuovat kiistatonta charmia. Vuodevaatteet ovat pehme\u00e4t, kevyet ja kosteutta hylkiv\u00e4t. Kaikki t\u00e4m\u00e4 ansiosta antiallergisen t\u00e4ytteen, joka on valmistettu korkealaatuisesta silikonista valmistetusta kuitukankaasta. Tyynyliinat on valmistettu korkealaatuisesta, sertifioidusta puuvillasta, joka on hengitt\u00e4v\u00e4\u00e4 ja tarjoaa miellytt\u00e4v\u00e4n peiton vauvallesi. T\u00e4ydell\u00e4 t\u00e4ytteell\u00e4 varustetut vuodevaatteet voidaan pest\u00e4 pesukoneessa, mik\u00e4 tekee niist\u00e4 sek\u00e4 mukavat ett\u00e4 hygieeniset.**Yksityiskohdat:**<br \/>\n&#8211; suunniteltu ja valmistettu Puolassa<br \/>\n&#8211; alkuper\u00e4iset el\u00e4inmallit peitteiden molemmilla puolilla<br \/>\n&#8211; painetut elementit eiv\u00e4t haalistu (edes toistuvien pesujen j\u00e4lkeen)<br \/>\n&#8211; 100 % puuvillaa, langan paino 150 g\/m2 ja Oeko-Tex Standard 100 IW 00034<br \/>\n&#8211; sertifikaatti; hypoallergeeninen 200 g\/m2 silikonikuitu<br \/>\n&#8211; pesul\u00e4mp\u00f6tila: 30 \u00b0C <\/p>\n<p>**Koko:**<br \/>\nLapsille (5-vuotiaista vanhemmille):<br \/>\nTyyny: 40 x 60 cm<br \/>\nP\u00e4\u00e4llysvuode: 140 x 200 cm<\/p>\n","protected":false},"excerpt":{"rendered":"<p>Tutustu uuden yst\u00e4v\u00e4mme, koiran Jackie, v\u00e4rikk\u00e4\u00e4seen maailmaan. Nelijalkainen yst\u00e4v\u00e4mme valloittaa varmasti pienokaisesi syd\u00e4met ja varmistaa, ett\u00e4 heid\u00e4n unensa ovat rauhallisia ja t\u00e4ynn\u00e4 upeita seikkailuja. Jackie ei vain tuo rauhallista unta, vaan on my\u00f6s hauskaa lapsellesi liitty\u00e4 rohkean koiramme fantastisiin seikkailuihin. Siksi olemme kiinnitt\u00e4neet huomiota jokaiseen yksityiskohtaan. Tyynyn ja peiton mustat reunat tuovat kiistatonta charmia. Vuodevaatteet [&hellip;]<\/p>\n","protected":false},"featured_media":0,"comment_status":"open","ping_status":"closed","template":"","meta":[],"product_brand":[],"product_cat":[32],"product_tag":[],"class_list":{"0":"post-32000","1":"product","2":"type-product","3":"status-publish","5":"product_cat-uncategorized-fi","7":"first","8":"instock","9":"shipping-taxable","10":"purchasable","11":"product-type-simple"},"_links":{"self":[{"href":"https:\/\/nordicmart.andreevmaster.com\/fi\/wp-json\/wp\/v2\/product\/32000","targetHints":{"allow":["GET"]}}],"collection":[{"href":"https:\/\/nordicmart.andreevmaster.com\/fi\/wp-json\/wp\/v2\/product"}],"about":[{"href":"https:\/\/nordicmart.andreevmaster.com\/fi\/wp-json\/wp\/v2\/types\/product"}],"replies":[{"embeddable":true,"href":"https:\/\/nordicmart.andreevmaster.com\/fi\/wp-json\/wp\/v2\/comments?post=32000"}],"wp:attachment":[{"href":"https:\/\/nordicmart.andreevmaster.com\/fi\/wp-json\/wp\/v2\/media?parent=32000"}],"wp:term":[{"taxonomy":"product_brand","embeddable":true,"href":"https:\/\/nordicmart.andreevmaster.com\/fi\/wp-json\/wp\/v2\/product_brand?post=32000"},{"taxonomy":"product_cat","embeddable":true,"href":"https:\/\/nordicmart.andreevmaster.com\/fi\/wp-json\/wp\/v2\/product_cat?post=32000"},{"taxonomy":"product_tag","embeddable":true,"href":"https:\/\/nordicmart.andreevmaster.com\/fi\/wp-json\/wp\/v2\/product_tag?post=32000"}],"curies":[{"name":"wp","href":"https:\/\/api.w.org\/{rel}","templated":true}]}}