{"id":31998,"date":"2026-02-27T00:15:36","date_gmt":"2026-02-27T00:15:36","guid":{"rendered":"https:\/\/nordicmart.andreevmaster.com\/product\/songmics-kellolaatikko-massiivipuusta-lasikannella-ja-12-lokerolla-lahjaidea\/"},"modified":"2026-02-27T09:37:47","modified_gmt":"2026-02-27T09:37:47","slug":"songmics-kellolaatikko-massiivipuusta-lasikannella-ja-12-lokerolla-lahjaidea","status":"publish","type":"product","link":"https:\/\/nordicmart.andreevmaster.com\/fi\/tuote\/songmics-kellolaatikko-massiivipuusta-lasikannella-ja-12-lokerolla-lahjaidea\/","title":{"rendered":"SONGMICS kellolaatikko massiivipuusta, lasikannella ja 12 lokerolla, lahjaidea"},"content":{"rendered":"<p>Kellolaatikko, 6 lokeroa, massiivipuinen kellokotelo, lasikansi, kellotyyny, lahja rakkaillesi, p\u00e4hkin\u00e4nv\u00e4rinen<\/p>\n<p>Tekniset tiedot:<br \/>\n&#8211; Mitat: 21 x 35 x 8,5 cm (S x L x K)<br \/>\n&#8211; Paino: 1,2 kg<br \/>\n&#8211; Materiaali: paulownia-puu, sametti, lasi<br \/>\n&#8211; V\u00e4ri: musta<\/p>\n","protected":false},"excerpt":{"rendered":"<p>Kellolaatikko, 6 lokeroa, massiivipuinen kellokotelo, lasikansi, kellotyyny, lahja rakkaillesi, p\u00e4hkin\u00e4nv\u00e4rinen<\/p>\n","protected":false},"featured_media":41063,"comment_status":"open","ping_status":"closed","template":"","meta":[],"product_brand":[],"product_cat":[32],"product_tag":[],"class_list":{"0":"post-31998","1":"product","2":"type-product","3":"status-publish","4":"has-post-thumbnail","6":"product_cat-uncategorized-fi","8":"first","9":"instock","10":"shipping-taxable","11":"purchasable","12":"product-type-simple"},"_links":{"self":[{"href":"https:\/\/nordicmart.andreevmaster.com\/fi\/wp-json\/wp\/v2\/product\/31998","targetHints":{"allow":["GET"]}}],"collection":[{"href":"https:\/\/nordicmart.andreevmaster.com\/fi\/wp-json\/wp\/v2\/product"}],"about":[{"href":"https:\/\/nordicmart.andreevmaster.com\/fi\/wp-json\/wp\/v2\/types\/product"}],"replies":[{"embeddable":true,"href":"https:\/\/nordicmart.andreevmaster.com\/fi\/wp-json\/wp\/v2\/comments?post=31998"}],"wp:featuredmedia":[{"embeddable":true,"href":"https:\/\/nordicmart.andreevmaster.com\/fi\/wp-json\/wp\/v2\/media\/41063"}],"wp:attachment":[{"href":"https:\/\/nordicmart.andreevmaster.com\/fi\/wp-json\/wp\/v2\/media?parent=31998"}],"wp:term":[{"taxonomy":"product_brand","embeddable":true,"href":"https:\/\/nordicmart.andreevmaster.com\/fi\/wp-json\/wp\/v2\/product_brand?post=31998"},{"taxonomy":"product_cat","embeddable":true,"href":"https:\/\/nordicmart.andreevmaster.com\/fi\/wp-json\/wp\/v2\/product_cat?post=31998"},{"taxonomy":"product_tag","embeddable":true,"href":"https:\/\/nordicmart.andreevmaster.com\/fi\/wp-json\/wp\/v2\/product_tag?post=31998"}],"curies":[{"name":"wp","href":"https:\/\/api.w.org\/{rel}","templated":true}]}}