{"id":31995,"date":"2026-02-27T00:15:36","date_gmt":"2026-02-27T00:15:36","guid":{"rendered":"https:\/\/nordicmart.andreevmaster.com\/product\/songmics-kellolaatikko-8-lokerolla\/"},"modified":"2026-02-27T09:37:46","modified_gmt":"2026-02-27T09:37:46","slug":"songmics-kellolaatikko-8-lokerolla","status":"publish","type":"product","link":"https:\/\/nordicmart.andreevmaster.com\/fi\/tuote\/songmics-kellolaatikko-8-lokerolla\/","title":{"rendered":"SONGMICS kellolaatikko 8 lokerolla"},"content":{"rendered":"<p>Sujuva aloitus p\u00e4iv\u00e4\u00e4n Ei en\u00e4\u00e4 kiirett\u00e4 etsi\u00e4 oikeaa kelloa tai korvakoruja aamulla! Valitse vain oikeat korut t\u00e4st\u00e4 korurasia. T\u00e4st\u00e4 l\u00e4htien asusi on joka p\u00e4iv\u00e4 valmiina ajoissa.  Omaper\u00e4inen lahjaidea Rajoittuvatko lahjaideasi aina tummaan suklaaseen ja kukkiin? T\u00e4m\u00e4 tyylik\u00e4s kellolaatikko on vaikuttava lahja kumppanillesi. Tuotetiedot: &#8211; V\u00e4ri: p\u00e4hkin\u00e4puun v\u00e4rinen &#8211; Materiaali: paulownia-puu, sametti, lasikansi &#8211; Koko: 27 x 20 x 13 cm (P x L x K) &#8211; Paino: 1,3 kg Toimitus sis\u00e4lt\u00e4\u00e4: &#8211; 1 x kellolaatikko<\/p>\n","protected":false},"excerpt":{"rendered":"<p>Kellolaatikko, 8 lokeroa, massiivipuinen kellolaatikko, lasikansi, kellotyynyt, korujen s\u00e4ilytys, eebenpuunmusta<\/p>\n","protected":false},"featured_media":41060,"comment_status":"open","ping_status":"closed","template":"","meta":[],"product_brand":[],"product_cat":[32],"product_tag":[],"class_list":{"0":"post-31995","1":"product","2":"type-product","3":"status-publish","4":"has-post-thumbnail","6":"product_cat-uncategorized-fi","8":"first","9":"instock","10":"shipping-taxable","11":"purchasable","12":"product-type-simple"},"_links":{"self":[{"href":"https:\/\/nordicmart.andreevmaster.com\/fi\/wp-json\/wp\/v2\/product\/31995","targetHints":{"allow":["GET"]}}],"collection":[{"href":"https:\/\/nordicmart.andreevmaster.com\/fi\/wp-json\/wp\/v2\/product"}],"about":[{"href":"https:\/\/nordicmart.andreevmaster.com\/fi\/wp-json\/wp\/v2\/types\/product"}],"replies":[{"embeddable":true,"href":"https:\/\/nordicmart.andreevmaster.com\/fi\/wp-json\/wp\/v2\/comments?post=31995"}],"wp:featuredmedia":[{"embeddable":true,"href":"https:\/\/nordicmart.andreevmaster.com\/fi\/wp-json\/wp\/v2\/media\/41060"}],"wp:attachment":[{"href":"https:\/\/nordicmart.andreevmaster.com\/fi\/wp-json\/wp\/v2\/media?parent=31995"}],"wp:term":[{"taxonomy":"product_brand","embeddable":true,"href":"https:\/\/nordicmart.andreevmaster.com\/fi\/wp-json\/wp\/v2\/product_brand?post=31995"},{"taxonomy":"product_cat","embeddable":true,"href":"https:\/\/nordicmart.andreevmaster.com\/fi\/wp-json\/wp\/v2\/product_cat?post=31995"},{"taxonomy":"product_tag","embeddable":true,"href":"https:\/\/nordicmart.andreevmaster.com\/fi\/wp-json\/wp\/v2\/product_tag?post=31995"}],"curies":[{"name":"wp","href":"https:\/\/api.w.org\/{rel}","templated":true}]}}