{"id":31994,"date":"2026-02-27T00:15:35","date_gmt":"2026-02-27T00:15:35","guid":{"rendered":"https:\/\/nordicmart.andreevmaster.com\/product\/songmics-kellolaatikko-8-lokeroa-massiivipuinen-kellolaatikko-lasikansi\/"},"modified":"2026-02-27T09:37:46","modified_gmt":"2026-02-27T09:37:46","slug":"songmics-kellolaatikko-8-lokeroa-massiivipuinen-kellolaatikko-lasikansi","status":"publish","type":"product","link":"https:\/\/nordicmart.andreevmaster.com\/fi\/tuote\/songmics-kellolaatikko-8-lokeroa-massiivipuinen-kellolaatikko-lasikansi\/","title":{"rendered":"SONGMICS kellolaatikko, 8 lokeroa, massiivipuinen kellolaatikko, lasikansi"},"content":{"rendered":"<p>Kellolaatikko, 8 lokeroa, massiivipuinen kellolaatikko, lasikansi, kellotyynyt, korujen s\u00e4ilytys, eebenpuunmusta<br \/>\nTuotetiedot:<br \/>\n&#8211; V\u00e4ri: eebenpuunmusta<br \/>\n&#8211; Materiaali: paulownia-puu, sametti, lasi<br \/>\n&#8211; Koko: 19 x 27 x 12,5 cm (S x L x K)<br \/>\n&#8211; Paino: 1,4 kg<\/p>\n<p>Toimitus sis\u00e4lt\u00e4\u00e4<br \/>\n&#8211; 1 x kellolaatikko<\/p>\n<p>SONGMICS Huomautukset:<br \/>\n&#8211; Suojaa kellolaatikko kosteudelta.<br \/>\n&#8211; Jos kellokotelon pinnalla on p\u00f6ly\u00e4 k\u00e4yt\u00f6n j\u00e4lkeen, pyyhi pinta pehme\u00e4ll\u00e4 liinalla.<\/p>\n","protected":false},"excerpt":{"rendered":"<p>Kellolaatikko, 8 lokeroa, massiivipuinen kellolaatikko, lasikansi, kellotyynyt, korujen s\u00e4ilytys, eebenpuunmusta<\/p>\n","protected":false},"featured_media":46590,"comment_status":"open","ping_status":"closed","template":"","meta":[],"product_brand":[],"product_cat":[32],"product_tag":[],"class_list":{"0":"post-31994","1":"product","2":"type-product","3":"status-publish","4":"has-post-thumbnail","6":"product_cat-uncategorized-fi","8":"first","9":"instock","10":"shipping-taxable","11":"purchasable","12":"product-type-simple"},"_links":{"self":[{"href":"https:\/\/nordicmart.andreevmaster.com\/fi\/wp-json\/wp\/v2\/product\/31994","targetHints":{"allow":["GET"]}}],"collection":[{"href":"https:\/\/nordicmart.andreevmaster.com\/fi\/wp-json\/wp\/v2\/product"}],"about":[{"href":"https:\/\/nordicmart.andreevmaster.com\/fi\/wp-json\/wp\/v2\/types\/product"}],"replies":[{"embeddable":true,"href":"https:\/\/nordicmart.andreevmaster.com\/fi\/wp-json\/wp\/v2\/comments?post=31994"}],"wp:featuredmedia":[{"embeddable":true,"href":"https:\/\/nordicmart.andreevmaster.com\/fi\/wp-json\/wp\/v2\/media\/46590"}],"wp:attachment":[{"href":"https:\/\/nordicmart.andreevmaster.com\/fi\/wp-json\/wp\/v2\/media?parent=31994"}],"wp:term":[{"taxonomy":"product_brand","embeddable":true,"href":"https:\/\/nordicmart.andreevmaster.com\/fi\/wp-json\/wp\/v2\/product_brand?post=31994"},{"taxonomy":"product_cat","embeddable":true,"href":"https:\/\/nordicmart.andreevmaster.com\/fi\/wp-json\/wp\/v2\/product_cat?post=31994"},{"taxonomy":"product_tag","embeddable":true,"href":"https:\/\/nordicmart.andreevmaster.com\/fi\/wp-json\/wp\/v2\/product_tag?post=31994"}],"curies":[{"name":"wp","href":"https:\/\/api.w.org\/{rel}","templated":true}]}}