{"id":31993,"date":"2026-02-27T00:15:35","date_gmt":"2026-02-27T00:15:35","guid":{"rendered":"https:\/\/nordicmart.andreevmaster.com\/product\/songmics-kellolaatikko-6-lokeroa-massiivipuinen-kellokotelo-lasikansi\/"},"modified":"2026-02-27T09:37:46","modified_gmt":"2026-02-27T09:37:46","slug":"songmics-kellolaatikko-6-lokeroa-massiivipuinen-kellokotelo-lasikansi","status":"publish","type":"product","link":"https:\/\/nordicmart.andreevmaster.com\/fi\/tuote\/songmics-kellolaatikko-6-lokeroa-massiivipuinen-kellokotelo-lasikansi\/","title":{"rendered":"SONGMICS kellolaatikko, 6 lokeroa, massiivipuinen kellokotelo, lasikansi"},"content":{"rendered":"<p>Kellolaatikko, 6 lokeroa, massiivipuinen kellokotelo, lasikansi, kellotyyny, lahja rakkaillesi, p\u00e4hkin\u00e4nv\u00e4rinen<br \/>\nTuotetiedot:<br \/>\n&#8211; V\u00e4ri: p\u00e4hkin\u00e4nruskea<br \/>\n&#8211; Materiaali: paulownia-puu, sametti, lasi<br \/>\n&#8211; Koko: 10,2 x 35 x 8,5 cm (S x L x K)<br \/>\n&#8211; Paino: 0,6 kg<\/p>\n<p>Toimitus sis\u00e4lt\u00e4\u00e4<br \/>\n&#8211; 1 x kellolaatikko<\/p>\n<p>Huomautukset:<br \/>\n&#8211; Suojaa kellokotelo kosteudelta.<br \/>\n&#8211; Jos kellokotelon pinnalla on p\u00f6ly\u00e4 k\u00e4yt\u00f6n j\u00e4lkeen, pyyhi pinta pehme\u00e4ll\u00e4 liinalla.<\/p>\n","protected":false},"excerpt":{"rendered":"<p>Kellolaatikko, 6 lokeroa, massiivipuinen kellokotelo, lasikansi, kellotyyny, lahja rakkaillesi, p\u00e4hkin\u00e4nv\u00e4rinen<\/p>\n","protected":false},"featured_media":41059,"comment_status":"open","ping_status":"closed","template":"","meta":[],"product_brand":[],"product_cat":[32],"product_tag":[],"class_list":{"0":"post-31993","1":"product","2":"type-product","3":"status-publish","4":"has-post-thumbnail","6":"product_cat-uncategorized-fi","8":"first","9":"instock","10":"shipping-taxable","11":"purchasable","12":"product-type-simple"},"_links":{"self":[{"href":"https:\/\/nordicmart.andreevmaster.com\/fi\/wp-json\/wp\/v2\/product\/31993","targetHints":{"allow":["GET"]}}],"collection":[{"href":"https:\/\/nordicmart.andreevmaster.com\/fi\/wp-json\/wp\/v2\/product"}],"about":[{"href":"https:\/\/nordicmart.andreevmaster.com\/fi\/wp-json\/wp\/v2\/types\/product"}],"replies":[{"embeddable":true,"href":"https:\/\/nordicmart.andreevmaster.com\/fi\/wp-json\/wp\/v2\/comments?post=31993"}],"wp:featuredmedia":[{"embeddable":true,"href":"https:\/\/nordicmart.andreevmaster.com\/fi\/wp-json\/wp\/v2\/media\/41059"}],"wp:attachment":[{"href":"https:\/\/nordicmart.andreevmaster.com\/fi\/wp-json\/wp\/v2\/media?parent=31993"}],"wp:term":[{"taxonomy":"product_brand","embeddable":true,"href":"https:\/\/nordicmart.andreevmaster.com\/fi\/wp-json\/wp\/v2\/product_brand?post=31993"},{"taxonomy":"product_cat","embeddable":true,"href":"https:\/\/nordicmart.andreevmaster.com\/fi\/wp-json\/wp\/v2\/product_cat?post=31993"},{"taxonomy":"product_tag","embeddable":true,"href":"https:\/\/nordicmart.andreevmaster.com\/fi\/wp-json\/wp\/v2\/product_tag?post=31993"}],"curies":[{"name":"wp","href":"https:\/\/api.w.org\/{rel}","templated":true}]}}