{"id":31992,"date":"2026-02-27T00:15:35","date_gmt":"2026-02-27T00:15:35","guid":{"rendered":"https:\/\/nordicmart.andreevmaster.com\/product\/songmics-elegantti-korurasia-peililla-valkoinen\/"},"modified":"2026-02-27T09:37:46","modified_gmt":"2026-02-27T09:37:46","slug":"songmics-elegantti-korurasia-peililla-valkoinen","status":"publish","type":"product","link":"https:\/\/nordicmart.andreevmaster.com\/fi\/tuote\/songmics-elegantti-korurasia-peililla-valkoinen\/","title":{"rendered":"SONGMICS Elegantti korurasia peilill\u00e4, valkoinen"},"content":{"rendered":"<p>Ei en\u00e4\u00e4 piiloleikkej\u00e4! &#8221;Miss\u00e4 ovat korvakoruja, jotka ostin eilen?&#8221; T\u00e4m\u00e4n 3 laatikolla varustetun korurasian ansiosta sinun ei en\u00e4\u00e4 tarvitse tuhlata aikaa korujen etsimiseen, koska tied\u00e4t tarkalleen, mihin olet ne laittanut. Hyv\u00e4stit \u00e4rsytt\u00e4ville solmuille! \u00c4rsytt\u00e4\u00e4k\u00f6 sinua, ett\u00e4 kaulakorut ja rannekorut sotkeutuvat aina toisiinsa ja joudut viett\u00e4m\u00e4\u00e4n paljon aikaa niiden selvittelyyn? T\u00e4ss\u00e4 korulaatikossa, jossa on lukuisia lokeroita, voit s\u00e4ilytt\u00e4\u00e4 kaikki korusi siististi ja helposti saatavilla.T\u00e4m\u00e4n korulaatikon kohokohdat yhdell\u00e4 silm\u00e4yksell\u00e4: Ylellinen korulaatikko, jossa on tyylik\u00e4s muotoilu. Kest\u00e4v\u00e4 puumateriaalirakenne; pehme\u00e4 samettivuori. 3 laatikkoa, joissa on lukuisia lokeroita kaulakoruillesi, rannekoruillesi, sormuksillesi ja korvakorillesi. Suuri peili sis\u00e4ll\u00e4; sinun ei tarvitse menn\u00e4 kylpyhuoneeseen tarkistamaan, sopivatko valitsemasi korut sinulle.Lukko suojaa korujasi uteliailta katseilta. Tuotetiedot: V\u00e4ri: valkoinen puunv\u00e4ri Materiaali: MDF (keskitihe\u00e4 kuitulevy), lasi, sametti, metalliosat Koko: 24,5 x 17 x 14,5 cm (P x L x K) Paino: 2 kg Toimitus sis\u00e4lt\u00e4\u00e4: 1 x korurasia 1 x avain<\/p>\n","protected":false},"excerpt":{"rendered":"<p>SONGMICS korulaatikko, 3 tasoa, puumateriaalista valmistettu korulaatikko, korujen s\u00e4ilytyslaatikko, laatikot, renkaille, korvakoruille, rannekoruille ja kaulakoruille, musta JOW15BN<\/p>\n","protected":false},"featured_media":41058,"comment_status":"open","ping_status":"closed","template":"","meta":[],"product_brand":[],"product_cat":[32],"product_tag":[],"class_list":{"0":"post-31992","1":"product","2":"type-product","3":"status-publish","4":"has-post-thumbnail","6":"product_cat-uncategorized-fi","8":"first","9":"instock","10":"shipping-taxable","11":"purchasable","12":"product-type-simple"},"_links":{"self":[{"href":"https:\/\/nordicmart.andreevmaster.com\/fi\/wp-json\/wp\/v2\/product\/31992","targetHints":{"allow":["GET"]}}],"collection":[{"href":"https:\/\/nordicmart.andreevmaster.com\/fi\/wp-json\/wp\/v2\/product"}],"about":[{"href":"https:\/\/nordicmart.andreevmaster.com\/fi\/wp-json\/wp\/v2\/types\/product"}],"replies":[{"embeddable":true,"href":"https:\/\/nordicmart.andreevmaster.com\/fi\/wp-json\/wp\/v2\/comments?post=31992"}],"wp:featuredmedia":[{"embeddable":true,"href":"https:\/\/nordicmart.andreevmaster.com\/fi\/wp-json\/wp\/v2\/media\/41058"}],"wp:attachment":[{"href":"https:\/\/nordicmart.andreevmaster.com\/fi\/wp-json\/wp\/v2\/media?parent=31992"}],"wp:term":[{"taxonomy":"product_brand","embeddable":true,"href":"https:\/\/nordicmart.andreevmaster.com\/fi\/wp-json\/wp\/v2\/product_brand?post=31992"},{"taxonomy":"product_cat","embeddable":true,"href":"https:\/\/nordicmart.andreevmaster.com\/fi\/wp-json\/wp\/v2\/product_cat?post=31992"},{"taxonomy":"product_tag","embeddable":true,"href":"https:\/\/nordicmart.andreevmaster.com\/fi\/wp-json\/wp\/v2\/product_tag?post=31992"}],"curies":[{"name":"wp","href":"https:\/\/api.w.org\/{rel}","templated":true}]}}