{"id":31989,"date":"2026-02-27T00:15:34","date_gmt":"2026-02-27T00:15:34","guid":{"rendered":"https:\/\/nordicmart.andreevmaster.com\/product\/songmics-viehattava-kellolaatikko-12-kellolle\/"},"modified":"2026-02-27T09:37:45","modified_gmt":"2026-02-27T09:37:45","slug":"songmics-viehattava-kellolaatikko-12-kellolle","status":"publish","type":"product","link":"https:\/\/nordicmart.andreevmaster.com\/fi\/tuote\/songmics-viehattava-kellolaatikko-12-kellolle\/","title":{"rendered":"SONGMICS Vieh\u00e4tt\u00e4v\u00e4 kellolaatikko 12 kellolle"},"content":{"rendered":"<p>Yksi vakaville asuille, yksi vapaa-ajan vaatteille&#8230;: Monet ihmiset omistavat useita kelloja, jotka sopivat eri tilanteisiin.T\u00e4ll\u00e4 kellolaatikolla SONGMICS tarjoaa mukavan kodin koko kellokokoelmallesi.Kaikki suosikkikellosi yhdess\u00e4 paikassa\u00c4rsytt\u00e4\u00e4k\u00f6 sinua, ett\u00e4 juuri kun olet l\u00e4hd\u00f6ss\u00e4 kotoa, sopivaa kelloa ei ole valmiina?T\u00e4ss\u00e4 tulee SONGMICS-kellokotelo apuun! Sen avulla voit j\u00e4rjest\u00e4\u00e4 kaikki kellosi nopeasti ja j\u00e4rjestelm\u00e4llisesti ja s\u00e4\u00e4styt vaivalloiselta etsimiselt\u00e4 tai kaivelulta. Irrotettavat kellotyynyt Kellotyynyt sopivat t\u00e4ydellisesti kotelon lokeroihin, joten kellosi pysyv\u00e4t aina paikoillaan liikkumatta ja eiv\u00e4t vahingoitu iskuista.T\u00e4m\u00e4 ostos kannattaa Kellolaatikko ei vain suojaa arvokkaita kelloja lialta, naarmuilta, vaurioilta jne., vaan toimii my\u00f6s tyylikk\u00e4\u00e4n\u00e4 sisustuksena huoneessasi. \u00c4l\u00e4 siis ep\u00e4r\u00f6i, vaan osta heti! Et tule katumaan!Useita vaihtoehtoja saatavilla Tarjoamme laajan valikoiman kellolaatikoita eri kokoina ja v\u00e4rein\u00e4. Etsi vain hakusanalla &#8221;SONGMICS kellolaatikko&#8221; saadaksesi lis\u00e4tietoja. Tuotetiedot: V\u00e4ri: musta Materiaali: MDF-levyt, sametti, lasi Kokonaismitat: 31,2 x 8,5 x 21,2 cm (L x K x S) Mitat per lokero: 9 x 4,5 cm Paino: 1,65 kg Toimitus sis\u00e4lt\u00e4\u00e4: 1 x kellolaatikko SONGMICS-ohjeet: \u00c4l\u00e4 altista tuotetta suoralle auringonvalolle. Pid\u00e4 tuote poissa ter\u00e4vien esineiden l\u00e4heisyydest\u00e4 naarmujen v\u00e4ltt\u00e4miseksi.<\/p>\n","protected":false},"excerpt":{"rendered":"<p>SONGMICS kellolaatikko, 12 lokeroa, puusta, kellolaatikko lasikannella, kellokotelo irrotettavilla kellotyynyill\u00e4, samettivuori, metallilukko, musta, JOW12BK<\/p>\n","protected":false},"featured_media":41055,"comment_status":"open","ping_status":"closed","template":"","meta":[],"product_brand":[],"product_cat":[32],"product_tag":[],"class_list":{"0":"post-31989","1":"product","2":"type-product","3":"status-publish","4":"has-post-thumbnail","6":"product_cat-uncategorized-fi","8":"first","9":"instock","10":"shipping-taxable","11":"purchasable","12":"product-type-simple"},"_links":{"self":[{"href":"https:\/\/nordicmart.andreevmaster.com\/fi\/wp-json\/wp\/v2\/product\/31989","targetHints":{"allow":["GET"]}}],"collection":[{"href":"https:\/\/nordicmart.andreevmaster.com\/fi\/wp-json\/wp\/v2\/product"}],"about":[{"href":"https:\/\/nordicmart.andreevmaster.com\/fi\/wp-json\/wp\/v2\/types\/product"}],"replies":[{"embeddable":true,"href":"https:\/\/nordicmart.andreevmaster.com\/fi\/wp-json\/wp\/v2\/comments?post=31989"}],"wp:featuredmedia":[{"embeddable":true,"href":"https:\/\/nordicmart.andreevmaster.com\/fi\/wp-json\/wp\/v2\/media\/41055"}],"wp:attachment":[{"href":"https:\/\/nordicmart.andreevmaster.com\/fi\/wp-json\/wp\/v2\/media?parent=31989"}],"wp:term":[{"taxonomy":"product_brand","embeddable":true,"href":"https:\/\/nordicmart.andreevmaster.com\/fi\/wp-json\/wp\/v2\/product_brand?post=31989"},{"taxonomy":"product_cat","embeddable":true,"href":"https:\/\/nordicmart.andreevmaster.com\/fi\/wp-json\/wp\/v2\/product_cat?post=31989"},{"taxonomy":"product_tag","embeddable":true,"href":"https:\/\/nordicmart.andreevmaster.com\/fi\/wp-json\/wp\/v2\/product_tag?post=31989"}],"curies":[{"name":"wp","href":"https:\/\/api.w.org\/{rel}","templated":true}]}}