{"id":31988,"date":"2026-02-27T00:15:34","date_gmt":"2026-02-27T00:15:34","guid":{"rendered":"https:\/\/nordicmart.andreevmaster.com\/product\/songmics-kellolaatikko-12-lokeroa-massiivipuusta-lasikansi-pahkinanruskea\/"},"modified":"2026-02-27T09:37:45","modified_gmt":"2026-02-27T09:37:45","slug":"songmics-kellolaatikko-12-lokeroa-massiivipuusta-lasikansi-pahkinanruskea","status":"publish","type":"product","link":"https:\/\/nordicmart.andreevmaster.com\/fi\/tuote\/songmics-kellolaatikko-12-lokeroa-massiivipuusta-lasikansi-pahkinanruskea\/","title":{"rendered":"SONGMICS kellolaatikko 12 lokeroa massiivipuusta, lasikansi, p\u00e4hkin\u00e4nruskea"},"content":{"rendered":"<p>SONGMICS kellolaatikko 6 lokerolla, massiivipuinen kellokotelo, lasikansi, kellotyyny, lahja rakkaillesi, p\u00e4hkin\u00e4nruskea JOW006K01<br \/>\nV\u00e4ri: p\u00e4hkin\u00e4nruskea<br \/>\nMateriaali: paulownia-puu, sametti, lasi<br \/>\nKoko: 21 x 35 x 8,5 cm (S x L x K)<br \/>\nPaino: 1,2 kg<\/p>\n","protected":false},"excerpt":{"rendered":"<p>SONGMICS kellolaatikko 6 lokerolla, massiivipuinen kellokotelo, lasikansi, kellotyyny, lahja rakkaillesi, p\u00e4hkin\u00e4nruskea JOW006K01<\/p>\n","protected":false},"featured_media":41054,"comment_status":"open","ping_status":"closed","template":"","meta":[],"product_brand":[],"product_cat":[32],"product_tag":[],"class_list":{"0":"post-31988","1":"product","2":"type-product","3":"status-publish","4":"has-post-thumbnail","6":"product_cat-uncategorized-fi","8":"first","9":"instock","10":"shipping-taxable","11":"purchasable","12":"product-type-simple"},"_links":{"self":[{"href":"https:\/\/nordicmart.andreevmaster.com\/fi\/wp-json\/wp\/v2\/product\/31988","targetHints":{"allow":["GET"]}}],"collection":[{"href":"https:\/\/nordicmart.andreevmaster.com\/fi\/wp-json\/wp\/v2\/product"}],"about":[{"href":"https:\/\/nordicmart.andreevmaster.com\/fi\/wp-json\/wp\/v2\/types\/product"}],"replies":[{"embeddable":true,"href":"https:\/\/nordicmart.andreevmaster.com\/fi\/wp-json\/wp\/v2\/comments?post=31988"}],"wp:featuredmedia":[{"embeddable":true,"href":"https:\/\/nordicmart.andreevmaster.com\/fi\/wp-json\/wp\/v2\/media\/41054"}],"wp:attachment":[{"href":"https:\/\/nordicmart.andreevmaster.com\/fi\/wp-json\/wp\/v2\/media?parent=31988"}],"wp:term":[{"taxonomy":"product_brand","embeddable":true,"href":"https:\/\/nordicmart.andreevmaster.com\/fi\/wp-json\/wp\/v2\/product_brand?post=31988"},{"taxonomy":"product_cat","embeddable":true,"href":"https:\/\/nordicmart.andreevmaster.com\/fi\/wp-json\/wp\/v2\/product_cat?post=31988"},{"taxonomy":"product_tag","embeddable":true,"href":"https:\/\/nordicmart.andreevmaster.com\/fi\/wp-json\/wp\/v2\/product_tag?post=31988"}],"curies":[{"name":"wp","href":"https:\/\/api.w.org\/{rel}","templated":true}]}}