{"id":31985,"date":"2026-02-27T00:15:33","date_gmt":"2026-02-27T00:15:33","guid":{"rendered":"https:\/\/nordicmart.andreevmaster.com\/product\/songmics-korulaatikko-2-tasoa-valkoinen\/"},"modified":"2026-02-27T09:37:45","modified_gmt":"2026-02-27T09:37:45","slug":"songmics-korulaatikko-2-tasoa-valkoinen","status":"publish","type":"product","link":"https:\/\/nordicmart.andreevmaster.com\/fi\/tuote\/songmics-korulaatikko-2-tasoa-valkoinen\/","title":{"rendered":"SONGMICS korulaatikko 2 tasoa valkoinen"},"content":{"rendered":"<p>Tyylik\u00e4s laatikko korujen yst\u00e4ville: MDF-levyist\u00e4 ja korkealaatuisesta samettivuorauksesta valmistettu s\u00e4ilytyslaatikko tarjoaa arvokkaille esineillesi turvallisen kodin, jossa ne voidaan s\u00e4ilytt\u00e4\u00e4 huolellisesti. Lis\u00e4ksi mattapintainen pinta antaa laatikolle ripauksen eleganssia. Helppo p\u00e4\u00e4sy tarvittaviin koruihin: \u00c4l\u00e4 kaivaa kaoottista laatikkoa l\u00f6yt\u00e4\u00e4ksesi sopivan kaulakorun ennen kuin l\u00e4hdet t\u00f6ihin tai treffeille. T\u00e4m\u00e4n korujen s\u00e4ilytyslaatikon avulla voit s\u00e4ilytt\u00e4\u00e4 kaikki korusi siististi ja k\u00e4tev\u00e4sti yhdess\u00e4 paikassa. Lahja rakkaillesi tai itsellesi: Kauniin ulkon\u00e4k\u00f6ns\u00e4 ansiosta t\u00e4m\u00e4 laatikko sopii t\u00e4ydellisesti syntym\u00e4p\u00e4iv\u00e4-, vuosip\u00e4iv\u00e4- tai rakkaudenosoituslahjaksi vaimollesi tai tytt\u00f6yst\u00e4v\u00e4llesi. Jos pid\u00e4t t\u00e4st\u00e4 tyylikk\u00e4\u00e4st\u00e4 korulaatikosta, miksi et antaisi sit\u00e4 lahjaksi itsellesi? Tuotetiedot: V\u00e4ri: valkoinen Materiaali: MDF (keskitihe\u00e4 kuitulevy), sametti, sinkkiseos Koko: 23,5 x 23,5 x 10 cm (P x L x K) Paino: 1,4 kg Toimitus sis\u00e4lt\u00e4\u00e4: 1 x korulaatikko<\/p>\n","protected":false},"excerpt":{"rendered":"<p>SONGMICS korulaatikko, puu, 2-tasoinen korulaatikko, korujen s\u00e4ilytys irrotettavalla sis\u00e4kappaleella, lahja rakkaimmillesi, valkoinen JOW11WT<\/p>\n","protected":false},"featured_media":41051,"comment_status":"open","ping_status":"closed","template":"","meta":[],"product_brand":[],"product_cat":[32],"product_tag":[],"class_list":{"0":"post-31985","1":"product","2":"type-product","3":"status-publish","4":"has-post-thumbnail","6":"product_cat-uncategorized-fi","8":"first","9":"instock","10":"shipping-taxable","11":"purchasable","12":"product-type-simple"},"_links":{"self":[{"href":"https:\/\/nordicmart.andreevmaster.com\/fi\/wp-json\/wp\/v2\/product\/31985","targetHints":{"allow":["GET"]}}],"collection":[{"href":"https:\/\/nordicmart.andreevmaster.com\/fi\/wp-json\/wp\/v2\/product"}],"about":[{"href":"https:\/\/nordicmart.andreevmaster.com\/fi\/wp-json\/wp\/v2\/types\/product"}],"replies":[{"embeddable":true,"href":"https:\/\/nordicmart.andreevmaster.com\/fi\/wp-json\/wp\/v2\/comments?post=31985"}],"wp:featuredmedia":[{"embeddable":true,"href":"https:\/\/nordicmart.andreevmaster.com\/fi\/wp-json\/wp\/v2\/media\/41051"}],"wp:attachment":[{"href":"https:\/\/nordicmart.andreevmaster.com\/fi\/wp-json\/wp\/v2\/media?parent=31985"}],"wp:term":[{"taxonomy":"product_brand","embeddable":true,"href":"https:\/\/nordicmart.andreevmaster.com\/fi\/wp-json\/wp\/v2\/product_brand?post=31985"},{"taxonomy":"product_cat","embeddable":true,"href":"https:\/\/nordicmart.andreevmaster.com\/fi\/wp-json\/wp\/v2\/product_cat?post=31985"},{"taxonomy":"product_tag","embeddable":true,"href":"https:\/\/nordicmart.andreevmaster.com\/fi\/wp-json\/wp\/v2\/product_tag?post=31985"}],"curies":[{"name":"wp","href":"https:\/\/api.w.org\/{rel}","templated":true}]}}