{"id":31982,"date":"2026-02-27T00:15:32","date_gmt":"2026-02-27T00:15:32","guid":{"rendered":"https:\/\/nordicmart.andreevmaster.com\/product\/songmics-kellolaatikko-5-lokeroa\/"},"modified":"2026-02-27T09:37:44","modified_gmt":"2026-02-27T09:37:44","slug":"songmics-kellolaatikko-5-lokeroa","status":"publish","type":"product","link":"https:\/\/nordicmart.andreevmaster.com\/fi\/tuote\/songmics-kellolaatikko-5-lokeroa\/","title":{"rendered":"SONGMICS kellolaatikko, 5 lokeroa"},"content":{"rendered":"<p>Yksi vakaville asuille, yksi vapaa-ajan vaatteille&#8230; Monet ihmiset omistavat useita kelloja, jotka sopivat eri tilanteisiin. T\u00e4ll\u00e4 kellolaatikolla SONGMICS tarjoaa mukavan s\u00e4ilytyspaikan koko kellokokoelmallesi. Yksinkertainen, mutta tyylik\u00e4s ja k\u00e4yt\u00e4nn\u00f6llinen Harmaa samettivuori, valkoinen p\u00e4\u00e4llinen \u2013 t\u00e4m\u00e4n v\u00e4riyhdistelm\u00e4n ansiosta t\u00e4m\u00e4 MDF-kellolaatikko n\u00e4ytt\u00e4\u00e4 tyylikk\u00e4\u00e4lt\u00e4 ja klassiselta. Lis\u00e4ksi saranat ja metallinen lukko antavat t\u00e4lle laatikolle hieman kiiltoa ja varmistavat sen mukavan k\u00e4yt\u00f6n. Laita kellosi t\u00e4m\u00e4n kotelon viiteen lokeroon ja anna niille t\u00e4ydellinen suoja. Aplodit t\u00e4lle monitaitajalle Kellokotelo ei vain suojaa arvokkaita kelloitasi lialta, naarmuilta ja vaurioilta, vaan toimii my\u00f6s tyylikk\u00e4\u00e4n\u00e4 koristeena huoneessasi. Hanki t\u00e4m\u00e4 kellokotelo, et tule katumaan! Tuotetiedot:- V\u00e4ri: valkoinen &#8211; Materiaali: MDF (keskitihe\u00e4 kuitulevy), sametti, lasi &#8211; Koko: 31,2 x 12 x 8,5 cm (P x L x K) &#8211; Kotelon koko: 9,4 x 5,1 cm (P x L) &#8211; Paino: 1,1 kg Toimitus sis\u00e4lt\u00e4\u00e4: &#8211; 1 x kellokotelo SONGMICS Huomautukset:- \u00c4l\u00e4 altista tuotetta suoralle auringonvalolle. &#8211; Pid\u00e4 tuote poissa ter\u00e4vien esineiden l\u00e4heisyydest\u00e4 naarmuuntumisen v\u00e4ltt\u00e4miseksi.<\/p>\n","protected":false},"excerpt":{"rendered":"<p>SONGMICS kellolaatikko, 5 lokeroa, puusta, tyylik\u00e4s kellolaatikko lasikannella, kellokotelo irrotettavilla kellotyynyill\u00e4, samettivuori, metallilukko, valkoinen, JOW05WT<\/p>\n","protected":false},"featured_media":41048,"comment_status":"open","ping_status":"closed","template":"","meta":[],"product_brand":[],"product_cat":[32],"product_tag":[],"class_list":{"0":"post-31982","1":"product","2":"type-product","3":"status-publish","4":"has-post-thumbnail","6":"product_cat-uncategorized-fi","8":"first","9":"instock","10":"shipping-taxable","11":"purchasable","12":"product-type-simple"},"_links":{"self":[{"href":"https:\/\/nordicmart.andreevmaster.com\/fi\/wp-json\/wp\/v2\/product\/31982","targetHints":{"allow":["GET"]}}],"collection":[{"href":"https:\/\/nordicmart.andreevmaster.com\/fi\/wp-json\/wp\/v2\/product"}],"about":[{"href":"https:\/\/nordicmart.andreevmaster.com\/fi\/wp-json\/wp\/v2\/types\/product"}],"replies":[{"embeddable":true,"href":"https:\/\/nordicmart.andreevmaster.com\/fi\/wp-json\/wp\/v2\/comments?post=31982"}],"wp:featuredmedia":[{"embeddable":true,"href":"https:\/\/nordicmart.andreevmaster.com\/fi\/wp-json\/wp\/v2\/media\/41048"}],"wp:attachment":[{"href":"https:\/\/nordicmart.andreevmaster.com\/fi\/wp-json\/wp\/v2\/media?parent=31982"}],"wp:term":[{"taxonomy":"product_brand","embeddable":true,"href":"https:\/\/nordicmart.andreevmaster.com\/fi\/wp-json\/wp\/v2\/product_brand?post=31982"},{"taxonomy":"product_cat","embeddable":true,"href":"https:\/\/nordicmart.andreevmaster.com\/fi\/wp-json\/wp\/v2\/product_cat?post=31982"},{"taxonomy":"product_tag","embeddable":true,"href":"https:\/\/nordicmart.andreevmaster.com\/fi\/wp-json\/wp\/v2\/product_tag?post=31982"}],"curies":[{"name":"wp","href":"https:\/\/api.w.org\/{rel}","templated":true}]}}