{"id":31981,"date":"2026-02-27T00:15:32","date_gmt":"2026-02-27T00:15:32","guid":{"rendered":"https:\/\/nordicmart.andreevmaster.com\/product\/songmics-korukotelo-puunvarinen-valkoinen\/"},"modified":"2026-02-27T09:37:44","modified_gmt":"2026-02-27T09:37:44","slug":"songmics-korukotelo-puunvarinen-valkoinen","status":"publish","type":"product","link":"https:\/\/nordicmart.andreevmaster.com\/fi\/tuote\/songmics-korukotelo-puunvarinen-valkoinen\/","title":{"rendered":"SONGMICS korukotelo puunv\u00e4rinen valkoinen"},"content":{"rendered":"<p>L\u00f6yd\u00e4 oikeat korut nopeasti: \u00c4l\u00e4 tuhlaa aikaa ennen t\u00f6it\u00e4 tai tapaamista etsim\u00e4ll\u00e4 oikeita koruja sekavista laatikoista! T\u00e4m\u00e4 pieni mutta tilava SONGMICS-korurasia pit\u00e4\u00e4 usein k\u00e4ytetyt asusteet siististi ja helposti saatavilla. Peili on v\u00e4ltt\u00e4m\u00e4t\u00f6n: Korujen sovittamisen yhteydess\u00e4 peiliin katsominen on v\u00e4ltt\u00e4m\u00e4t\u00f6nt\u00e4. T\u00e4m\u00e4n peilill\u00e4 varustetun SONGMICS-korurasian ansiosta voit sanoa hyv\u00e4stit p\u00e4iville, jolloin jouduit juoksemaan edestakaisin peilip\u00f6yd\u00e4n ja kylpyhuoneen v\u00e4lill\u00e4.\u00c4l\u00e4 en\u00e4\u00e4 ep\u00e4r\u00f6i, vaan hanki t\u00e4m\u00e4 korurasia kotiisi! Tuotetiedot: V\u00e4ri: valkoinen Materiaali: MDF (keskitihe\u00e4 kuitulevy), sametti, lasi jne. Tuotteen koko: 24,5 x 14 x 15 cm (L x S x K) Tuotteen paino: 2 kg Toimitus sis\u00e4lt\u00e4\u00e4: 1 x korurasia<\/p>\n","protected":false},"excerpt":{"rendered":"<p>SONGMICS korulaatikko puun n\u00e4k\u00f6inen, 3-tasoinen korulaatikko, jossa suuri sis\u00e4speili, kristallinupit, valkoinen JOW03WT<\/p>\n","protected":false},"featured_media":0,"comment_status":"open","ping_status":"closed","template":"","meta":[],"product_brand":[],"product_cat":[32],"product_tag":[],"class_list":{"0":"post-31981","1":"product","2":"type-product","3":"status-publish","5":"product_cat-uncategorized-fi","7":"first","8":"instock","9":"shipping-taxable","10":"purchasable","11":"product-type-simple"},"_links":{"self":[{"href":"https:\/\/nordicmart.andreevmaster.com\/fi\/wp-json\/wp\/v2\/product\/31981","targetHints":{"allow":["GET"]}}],"collection":[{"href":"https:\/\/nordicmart.andreevmaster.com\/fi\/wp-json\/wp\/v2\/product"}],"about":[{"href":"https:\/\/nordicmart.andreevmaster.com\/fi\/wp-json\/wp\/v2\/types\/product"}],"replies":[{"embeddable":true,"href":"https:\/\/nordicmart.andreevmaster.com\/fi\/wp-json\/wp\/v2\/comments?post=31981"}],"wp:attachment":[{"href":"https:\/\/nordicmart.andreevmaster.com\/fi\/wp-json\/wp\/v2\/media?parent=31981"}],"wp:term":[{"taxonomy":"product_brand","embeddable":true,"href":"https:\/\/nordicmart.andreevmaster.com\/fi\/wp-json\/wp\/v2\/product_brand?post=31981"},{"taxonomy":"product_cat","embeddable":true,"href":"https:\/\/nordicmart.andreevmaster.com\/fi\/wp-json\/wp\/v2\/product_cat?post=31981"},{"taxonomy":"product_tag","embeddable":true,"href":"https:\/\/nordicmart.andreevmaster.com\/fi\/wp-json\/wp\/v2\/product_tag?post=31981"}],"curies":[{"name":"wp","href":"https:\/\/api.w.org\/{rel}","templated":true}]}}