{"id":31980,"date":"2026-02-27T00:15:32","date_gmt":"2026-02-27T00:15:32","guid":{"rendered":"https:\/\/nordicmart.andreevmaster.com\/product\/songmics-korurasia-valkoinen\/"},"modified":"2026-02-27T09:37:44","modified_gmt":"2026-02-27T09:37:44","slug":"songmics-korurasia-valkoinen","status":"publish","type":"product","link":"https:\/\/nordicmart.andreevmaster.com\/fi\/tuote\/songmics-korurasia-valkoinen\/","title":{"rendered":"SONGMICS korurasia, valkoinen"},"content":{"rendered":"<p>Hurraa! Kaikki on t\u00e4\u00e4ll\u00e4! Rannekorut, kaulakorut, korvakorut ja sormukset l\u00f6yt\u00e4v\u00e4t uuden kodin t\u00e4st\u00e4 k\u00e4yt\u00e4nn\u00f6llisest\u00e4 korurasia. Sinun ei en\u00e4\u00e4 tarvitse tuhlata aikaa korujen etsimiseen makuuhuoneesta \u2013 ne ovat suoraan silmiesi edess\u00e4! Hyv\u00e4sti kaaos! Sano hyv\u00e4stit kaoottisille ketjuille meikkip\u00f6yd\u00e4ll\u00e4si. Avaa t\u00e4m\u00e4 korurasia, ved\u00e4 laatikot ulos ja laita erilaiset aarteesi siististi sis\u00e4\u00e4n. Sopivien korujen valitseminen voi olla todella helppoa. Anna asullesi joka p\u00e4iv\u00e4 viimeinen silaus. Tuotetiedot:- V\u00e4ri: valkoinen &#8211; Materiaali: paulownia-puu, sametti, lasi &#8211; Koko: 25 x 21 x 13 cm (P x L x K) &#8211; Paino: 1,3 kg Toimitus sis\u00e4lt\u00e4\u00e4: &#8211; 1 x korurasia SONGMICS-ohjeet: &#8211; \u00c4l\u00e4 aseta liian painavia esineit\u00e4 tuotteen p\u00e4\u00e4lle. &#8211; \u00c4l\u00e4 altista tuotetta suoralle auringonvalolle pitk\u00e4ksi aikaa.<\/p>\n","protected":false},"excerpt":{"rendered":"<p>SONGMICS korulaatikko, 2-tasoinen korulaatikko, lasikansi, sormuksille, korvakoruille, kaulakoruille, rannekoruille, korujen s\u00e4ilytys, valkoinen JOW017W01<\/p>\n","protected":false},"featured_media":41047,"comment_status":"open","ping_status":"closed","template":"","meta":[],"product_brand":[],"product_cat":[32],"product_tag":[],"class_list":{"0":"post-31980","1":"product","2":"type-product","3":"status-publish","4":"has-post-thumbnail","6":"product_cat-uncategorized-fi","8":"first","9":"instock","10":"shipping-taxable","11":"purchasable","12":"product-type-simple"},"_links":{"self":[{"href":"https:\/\/nordicmart.andreevmaster.com\/fi\/wp-json\/wp\/v2\/product\/31980","targetHints":{"allow":["GET"]}}],"collection":[{"href":"https:\/\/nordicmart.andreevmaster.com\/fi\/wp-json\/wp\/v2\/product"}],"about":[{"href":"https:\/\/nordicmart.andreevmaster.com\/fi\/wp-json\/wp\/v2\/types\/product"}],"replies":[{"embeddable":true,"href":"https:\/\/nordicmart.andreevmaster.com\/fi\/wp-json\/wp\/v2\/comments?post=31980"}],"wp:featuredmedia":[{"embeddable":true,"href":"https:\/\/nordicmart.andreevmaster.com\/fi\/wp-json\/wp\/v2\/media\/41047"}],"wp:attachment":[{"href":"https:\/\/nordicmart.andreevmaster.com\/fi\/wp-json\/wp\/v2\/media?parent=31980"}],"wp:term":[{"taxonomy":"product_brand","embeddable":true,"href":"https:\/\/nordicmart.andreevmaster.com\/fi\/wp-json\/wp\/v2\/product_brand?post=31980"},{"taxonomy":"product_cat","embeddable":true,"href":"https:\/\/nordicmart.andreevmaster.com\/fi\/wp-json\/wp\/v2\/product_cat?post=31980"},{"taxonomy":"product_tag","embeddable":true,"href":"https:\/\/nordicmart.andreevmaster.com\/fi\/wp-json\/wp\/v2\/product_tag?post=31980"}],"curies":[{"name":"wp","href":"https:\/\/api.w.org\/{rel}","templated":true}]}}