{"id":31978,"date":"2026-02-27T00:15:32","date_gmt":"2026-02-27T00:15:32","guid":{"rendered":"https:\/\/nordicmart.andreevmaster.com\/product\/songmics-kellolaatikko-12-lokeroa-ikkunallinen-lahjaidea-kahvinruskea\/"},"modified":"2026-02-27T09:37:43","modified_gmt":"2026-02-27T09:37:43","slug":"songmics-kellolaatikko-12-lokeroa-ikkunallinen-lahjaidea-kahvinruskea","status":"publish","type":"product","link":"https:\/\/nordicmart.andreevmaster.com\/fi\/tuote\/songmics-kellolaatikko-12-lokeroa-ikkunallinen-lahjaidea-kahvinruskea\/","title":{"rendered":"SONGMICS kellolaatikko 12 lokeroa, ikkunallinen lahjaidea kahvinruskea"},"content":{"rendered":"<p>SONGMICS kellolaatikko 12 lokeroa, kellolaatikko ikkunalla, kellojen esittely, puukuviopinta, samettivuori, pystysuora s\u00e4ilytys, tilaa s\u00e4\u00e4st\u00e4v\u00e4<br \/>\nV\u00e4ri: kahvinruskea<br \/>\nMateriaali: MDF (keskitihe\u00e4 kuitulevy), sametti, akryyli<br \/>\nKoko: 15 x 29,5 x 32,5 cm (S x L x K)<br \/>\nPaino: 3,4 kg<\/p>\n","protected":false},"excerpt":{"rendered":"<p>SONGMICS kellolaatikko 12 lokeroa, kellolaatikko ikkunalla, kellojen esittely, puukuviopinta, samettivuori, pystysuora s\u00e4ilytys, tilaa s\u00e4\u00e4st\u00e4v\u00e4<\/p>\n","protected":false},"featured_media":41045,"comment_status":"open","ping_status":"closed","template":"","meta":[],"product_brand":[],"product_cat":[32],"product_tag":[],"class_list":{"0":"post-31978","1":"product","2":"type-product","3":"status-publish","4":"has-post-thumbnail","6":"product_cat-uncategorized-fi","8":"first","9":"instock","10":"shipping-taxable","11":"purchasable","12":"product-type-simple"},"_links":{"self":[{"href":"https:\/\/nordicmart.andreevmaster.com\/fi\/wp-json\/wp\/v2\/product\/31978","targetHints":{"allow":["GET"]}}],"collection":[{"href":"https:\/\/nordicmart.andreevmaster.com\/fi\/wp-json\/wp\/v2\/product"}],"about":[{"href":"https:\/\/nordicmart.andreevmaster.com\/fi\/wp-json\/wp\/v2\/types\/product"}],"replies":[{"embeddable":true,"href":"https:\/\/nordicmart.andreevmaster.com\/fi\/wp-json\/wp\/v2\/comments?post=31978"}],"wp:featuredmedia":[{"embeddable":true,"href":"https:\/\/nordicmart.andreevmaster.com\/fi\/wp-json\/wp\/v2\/media\/41045"}],"wp:attachment":[{"href":"https:\/\/nordicmart.andreevmaster.com\/fi\/wp-json\/wp\/v2\/media?parent=31978"}],"wp:term":[{"taxonomy":"product_brand","embeddable":true,"href":"https:\/\/nordicmart.andreevmaster.com\/fi\/wp-json\/wp\/v2\/product_brand?post=31978"},{"taxonomy":"product_cat","embeddable":true,"href":"https:\/\/nordicmart.andreevmaster.com\/fi\/wp-json\/wp\/v2\/product_cat?post=31978"},{"taxonomy":"product_tag","embeddable":true,"href":"https:\/\/nordicmart.andreevmaster.com\/fi\/wp-json\/wp\/v2\/product_tag?post=31978"}],"curies":[{"name":"wp","href":"https:\/\/api.w.org\/{rel}","templated":true}]}}