{"id":31976,"date":"2026-02-27T00:15:31","date_gmt":"2026-02-27T00:15:31","guid":{"rendered":"https:\/\/nordicmart.andreevmaster.com\/product\/songmics-kellolaatikko-12-lokeroa-massiivipuuta-pahkinanvarinen\/"},"modified":"2026-02-27T09:37:43","modified_gmt":"2026-02-27T09:37:43","slug":"songmics-kellolaatikko-12-lokeroa-massiivipuuta-pahkinanvarinen","status":"publish","type":"product","link":"https:\/\/nordicmart.andreevmaster.com\/fi\/tuote\/songmics-kellolaatikko-12-lokeroa-massiivipuuta-pahkinanvarinen\/","title":{"rendered":"SONGMICS kellolaatikko, 12 lokeroa, massiivipuuta, p\u00e4hkin\u00e4nv\u00e4rinen"},"content":{"rendered":"<p>SONGMICS kellolaatikko, 8 lokeroa, massiivipuinen kellolaatikko, lasikansi, renkaille, rannekoruille ja kaulakoruille, joulu, p\u00e4hkin\u00e4nruskea JOW008K01<\/p>\n","protected":false},"excerpt":{"rendered":"<p>SONGMICS kellolaatikko, 8 lokeroa, massiivipuinen kellolaatikko, lasikansi, renkaille, rannekoruille ja kaulakoruille, joulu, p\u00e4hkin\u00e4nruskea JOW008K01<\/p>\n","protected":false},"featured_media":41043,"comment_status":"open","ping_status":"closed","template":"","meta":[],"product_brand":[],"product_cat":[32],"product_tag":[],"class_list":{"0":"post-31976","1":"product","2":"type-product","3":"status-publish","4":"has-post-thumbnail","6":"product_cat-uncategorized-fi","8":"first","9":"instock","10":"shipping-taxable","11":"purchasable","12":"product-type-simple"},"_links":{"self":[{"href":"https:\/\/nordicmart.andreevmaster.com\/fi\/wp-json\/wp\/v2\/product\/31976","targetHints":{"allow":["GET"]}}],"collection":[{"href":"https:\/\/nordicmart.andreevmaster.com\/fi\/wp-json\/wp\/v2\/product"}],"about":[{"href":"https:\/\/nordicmart.andreevmaster.com\/fi\/wp-json\/wp\/v2\/types\/product"}],"replies":[{"embeddable":true,"href":"https:\/\/nordicmart.andreevmaster.com\/fi\/wp-json\/wp\/v2\/comments?post=31976"}],"wp:featuredmedia":[{"embeddable":true,"href":"https:\/\/nordicmart.andreevmaster.com\/fi\/wp-json\/wp\/v2\/media\/41043"}],"wp:attachment":[{"href":"https:\/\/nordicmart.andreevmaster.com\/fi\/wp-json\/wp\/v2\/media?parent=31976"}],"wp:term":[{"taxonomy":"product_brand","embeddable":true,"href":"https:\/\/nordicmart.andreevmaster.com\/fi\/wp-json\/wp\/v2\/product_brand?post=31976"},{"taxonomy":"product_cat","embeddable":true,"href":"https:\/\/nordicmart.andreevmaster.com\/fi\/wp-json\/wp\/v2\/product_cat?post=31976"},{"taxonomy":"product_tag","embeddable":true,"href":"https:\/\/nordicmart.andreevmaster.com\/fi\/wp-json\/wp\/v2\/product_tag?post=31976"}],"curies":[{"name":"wp","href":"https:\/\/api.w.org\/{rel}","templated":true}]}}