{"id":31967,"date":"2026-02-27T00:15:29","date_gmt":"2026-02-27T00:15:29","guid":{"rendered":"https:\/\/nordicmart.andreevmaster.com\/product\/songmics-meikkijarjestelija-5-laatikkoa\/"},"modified":"2026-02-27T09:37:42","modified_gmt":"2026-02-27T09:37:42","slug":"songmics-meikkijarjestelija-5-laatikkoa","status":"publish","type":"product","link":"https:\/\/nordicmart.andreevmaster.com\/fi\/tuote\/songmics-meikkijarjestelija-5-laatikkoa\/","title":{"rendered":"SONGMICS meikkij\u00e4rjestelij\u00e4, 5 laatikkoa"},"content":{"rendered":"<p>Suunniteltu siistiin s\u00e4ilytykseen T\u00e4m\u00e4 j\u00e4rjestelij\u00e4 on ihanteellinen valinta sek\u00e4 ammattimaisille meikkitaiteilijoille ett\u00e4 tavallisille meikkifaneille!  Jos sinulla on paljon kosmetiikkatuotteita etk\u00e4 halua niiden olevan hajallaan ymp\u00e4riins\u00e4, t\u00e4rkeint\u00e4 on: SIIVOTA.  Kuinka s\u00e4ilyt\u00e4t meikkisi oikein?  S\u00e4ilyt\u00e4 meikkisi lajiteltuna: esimerkiksi kaikki silm\u00e4meikkituotteet yhdess\u00e4 paikassa, sitten ihonhoitotuotteet, huulimeikit, kynsilakat jne.  Ostatko taas meikkituotteita? Kuten uudet huulipunat, jotka ovat viime aikoina tulleet markkinoille.  Mutta et l\u00f6yd\u00e4 sopivaa paikkaa niille ja joudut j\u00e4tt\u00e4m\u00e4\u00e4n ne p\u00f6yd\u00e4lle muiden vanhojen ripsiv\u00e4rien, luomiv\u00e4rien jne. sekaan. SONGMICS-j\u00e4rjestelij\u00e4 auttaa sinua lajittelemaan ja siivoamaan kaikki meikkisi, ja voit aina nopeasti l\u00f6yt\u00e4\u00e4 tarvitsemasi tuotteet!  \u00c4l\u00e4 odota en\u00e4\u00e4, vaan osta nyt 2 kappaleen pinoitettavien s\u00e4ilytyslaatikoiden sarja!  Tarjoamme erinomaista asiakaspalvelua ennen tilausta ja sen j\u00e4lkeen. Vastaamme s\u00e4hk\u00f6postiin 24 tunnin kuluessa. Tyytyv\u00e4isyytesi on aina teht\u00e4v\u00e4mme, sen takaamme! Tuotetiedot: &#8211; V\u00e4ri: l\u00e4pin\u00e4kyv\u00e4 &#8211; Materiaali: polystyreeni &#8211; Mitat: 24 x 22 x 13,5 cm (L x K x S) &#8211; Paino: 1,9 kg Toimitus sis\u00e4lt\u00e4\u00e4:- 1 x meikkij\u00e4rjestelij\u00e4 SONGMICS Huomautukset: &#8211; Ole varovainen k\u00e4yt\u00f6n aikana, jotta v\u00e4lt\u00e4t tuotteen naarmuuntumisen tai vaurioitumisen. &#8211; Puhdista p\u00e4ivitt\u00e4in kostealla liinalla. &#8211; Tarkista tuotteen koko ennen ostamista.<\/p>\n","protected":false},"excerpt":{"rendered":"<p>SONGMICS meikkij\u00e4rjestelij\u00e4, 2 pinottavaa s\u00e4ilytyslaatikkoa koruille ja kosmetiikalle, 5 laatikkoa, muovia, yst\u00e4v\u00e4np\u00e4iv\u00e4lahja naiselle, l\u00e4pin\u00e4kyv\u00e4 JMU32TP<\/p>\n","protected":false},"featured_media":41034,"comment_status":"open","ping_status":"closed","template":"","meta":[],"product_brand":[],"product_cat":[32],"product_tag":[],"class_list":{"0":"post-31967","1":"product","2":"type-product","3":"status-publish","4":"has-post-thumbnail","6":"product_cat-uncategorized-fi","8":"first","9":"instock","10":"shipping-taxable","11":"purchasable","12":"product-type-simple"},"_links":{"self":[{"href":"https:\/\/nordicmart.andreevmaster.com\/fi\/wp-json\/wp\/v2\/product\/31967","targetHints":{"allow":["GET"]}}],"collection":[{"href":"https:\/\/nordicmart.andreevmaster.com\/fi\/wp-json\/wp\/v2\/product"}],"about":[{"href":"https:\/\/nordicmart.andreevmaster.com\/fi\/wp-json\/wp\/v2\/types\/product"}],"replies":[{"embeddable":true,"href":"https:\/\/nordicmart.andreevmaster.com\/fi\/wp-json\/wp\/v2\/comments?post=31967"}],"wp:featuredmedia":[{"embeddable":true,"href":"https:\/\/nordicmart.andreevmaster.com\/fi\/wp-json\/wp\/v2\/media\/41034"}],"wp:attachment":[{"href":"https:\/\/nordicmart.andreevmaster.com\/fi\/wp-json\/wp\/v2\/media?parent=31967"}],"wp:term":[{"taxonomy":"product_brand","embeddable":true,"href":"https:\/\/nordicmart.andreevmaster.com\/fi\/wp-json\/wp\/v2\/product_brand?post=31967"},{"taxonomy":"product_cat","embeddable":true,"href":"https:\/\/nordicmart.andreevmaster.com\/fi\/wp-json\/wp\/v2\/product_cat?post=31967"},{"taxonomy":"product_tag","embeddable":true,"href":"https:\/\/nordicmart.andreevmaster.com\/fi\/wp-json\/wp\/v2\/product_tag?post=31967"}],"curies":[{"name":"wp","href":"https:\/\/api.w.org\/{rel}","templated":true}]}}