{"id":31966,"date":"2026-02-27T00:15:29","date_gmt":"2026-02-27T00:15:29","guid":{"rendered":"https:\/\/nordicmart.andreevmaster.com\/product\/songmics-joustava-meikkijarjestelija-akryyli\/"},"modified":"2026-02-27T09:37:42","modified_gmt":"2026-02-27T09:37:42","slug":"songmics-joustava-meikkijarjestelija-akryyli","status":"publish","type":"product","link":"https:\/\/nordicmart.andreevmaster.com\/fi\/tuote\/songmics-joustava-meikkijarjestelija-akryyli\/","title":{"rendered":"SONGMICS Joustava meikkij\u00e4rjestelij\u00e4 akryyli"},"content":{"rendered":"<p>Onko meikkip\u00f6yd\u00e4ll\u00e4 tai laatikoissa tavaroita joka puolella? Etk\u00f6 koskaan l\u00f6yd\u00e4 oikeita tavaroita, kun tarvitset niit\u00e4? Sitten t\u00e4m\u00e4 l\u00e4pin\u00e4kyv\u00e4 akryylinen kosmetiikan s\u00e4ilytyslaatikko on t\u00e4ydellinen sinulle! Kaikki tavarat yhdess\u00e4 paikassa, silm\u00e4niloa 7 s\u00e4\u00e4dett\u00e4v\u00e4n hyllyn ansiosta SONGMICS-s\u00e4ilytyslaatikkoon mahtuu kaikki meikkisi. Lis\u00e4ksi voit my\u00f6s siivota pienet toimistotarvikkeet hetkess\u00e4. Todellinen katseenvangitsija p\u00f6yd\u00e4ll\u00e4 tai kylpyhuoneessa Akryyli-materiaali antaa kristallilasin vaikutelman ja takaa paremman yleiskuvan, tyylikk\u00e4\u00e4n ja k\u00e4yt\u00e4nn\u00f6llisen; l\u00e4pin\u00e4kyv\u00e4n muotoilunsa ansiosta j\u00e4rjestelij\u00e4 sopii mihin tahansa asuinymp\u00e4rist\u00f6\u00f6n ja l\u00f6yt\u00e4\u00e4 paikkansa kaikkialla, kuten toimistossa, kylpyhuoneessa, olohuoneessa, lastenhuoneessa jne.SONGMICS l\u00e4pin\u00e4kyv\u00e4 j\u00e4rjestelij\u00e4, hy\u00f6dyllinen pieni apulainen arkeen. Tuotetiedot: &#8211; V\u00e4ri: l\u00e4pin\u00e4kyv\u00e4 &#8211; Materiaali: akryyli &#8211; Mitat: 23,5 x 24,5 x 7 cm (L x K x S) &#8211; Paino: 0,95 kg Toimitus sis\u00e4lt\u00e4\u00e4: &#8211; 1 x kosmetiikan j\u00e4rjestelij\u00e4<\/p>\n","protected":false},"excerpt":{"rendered":"<p>SONGMICS meikkien s\u00e4ilytysj\u00e4rjestelm\u00e4, kosmetiikan s\u00e4ilytys, 7 s\u00e4\u00e4dett\u00e4v\u00e4\u00e4 hylly\u00e4, paleteille, luomiv\u00e4reille, puuterirasioille, poskipunille, meikkip\u00f6yd\u00e4lle, akryyli, l\u00e4pin\u00e4kyv\u00e4, JMU02TP<\/p>\n","protected":false},"featured_media":41033,"comment_status":"open","ping_status":"closed","template":"","meta":[],"product_brand":[],"product_cat":[32],"product_tag":[],"class_list":{"0":"post-31966","1":"product","2":"type-product","3":"status-publish","4":"has-post-thumbnail","6":"product_cat-uncategorized-fi","8":"first","9":"instock","10":"shipping-taxable","11":"purchasable","12":"product-type-simple"},"_links":{"self":[{"href":"https:\/\/nordicmart.andreevmaster.com\/fi\/wp-json\/wp\/v2\/product\/31966","targetHints":{"allow":["GET"]}}],"collection":[{"href":"https:\/\/nordicmart.andreevmaster.com\/fi\/wp-json\/wp\/v2\/product"}],"about":[{"href":"https:\/\/nordicmart.andreevmaster.com\/fi\/wp-json\/wp\/v2\/types\/product"}],"replies":[{"embeddable":true,"href":"https:\/\/nordicmart.andreevmaster.com\/fi\/wp-json\/wp\/v2\/comments?post=31966"}],"wp:featuredmedia":[{"embeddable":true,"href":"https:\/\/nordicmart.andreevmaster.com\/fi\/wp-json\/wp\/v2\/media\/41033"}],"wp:attachment":[{"href":"https:\/\/nordicmart.andreevmaster.com\/fi\/wp-json\/wp\/v2\/media?parent=31966"}],"wp:term":[{"taxonomy":"product_brand","embeddable":true,"href":"https:\/\/nordicmart.andreevmaster.com\/fi\/wp-json\/wp\/v2\/product_brand?post=31966"},{"taxonomy":"product_cat","embeddable":true,"href":"https:\/\/nordicmart.andreevmaster.com\/fi\/wp-json\/wp\/v2\/product_cat?post=31966"},{"taxonomy":"product_tag","embeddable":true,"href":"https:\/\/nordicmart.andreevmaster.com\/fi\/wp-json\/wp\/v2\/product_tag?post=31966"}],"curies":[{"name":"wp","href":"https:\/\/api.w.org\/{rel}","templated":true}]}}