{"id":31962,"date":"2026-02-27T00:15:28","date_gmt":"2026-02-27T00:15:28","guid":{"rendered":"https:\/\/nordicmart.andreevmaster.com\/product\/songmics-korurasia-musiikilla-ja-peililla-vaaleanpunainen\/"},"modified":"2026-02-27T09:37:41","modified_gmt":"2026-02-27T09:37:41","slug":"songmics-korurasia-musiikilla-ja-peililla-vaaleanpunainen","status":"publish","type":"product","link":"https:\/\/nordicmart.andreevmaster.com\/fi\/tuote\/songmics-korurasia-musiikilla-ja-peililla-vaaleanpunainen\/","title":{"rendered":"SONGMICS korurasia musiikilla ja peilill\u00e4, vaaleanpunainen"},"content":{"rendered":"<p>Mielikuvituksella ei ole rajoja: soittorasiamme on tarkoitettu ilahduttamaan sek\u00e4 lapsia ett\u00e4 vanhempia. Ballerina vie lapsesi lumoavaan satumaailmaan, jossa mielikuvituksella ei ole rajoja. Soittorasia sopii my\u00f6s lasten aarteiden ja korujen s\u00e4ilytykseen ja siit\u00e4 tulee yksi heid\u00e4n lapsuutensa kauneimmista lahjoista. Tuotetiedot:- V\u00e4ri: vaaleanpunainen &#8211; Materiaali: MDF (keskitihe\u00e4 kuitulevy), koristepaperi, sametti, ABS-peili &#8211; Koko: 14,8 x 10,6 x 8,5 cm (P x L x K) &#8211; Paino: 0,3 kg &#8211; Melodia: Brahmsin kehtolaulu Toimitus sis\u00e4lt\u00e4\u00e4: &#8211; 1 x soittorasia SONGMICS Huomautukset:- Ved\u00e4 soittorasia vain lukkoon asti. &#8211; Pid\u00e4 t\u00e4m\u00e4 tuote poissa ter\u00e4vien tai ter\u00e4vien esineiden l\u00e4heisyydest\u00e4. &#8211; \u00c4l\u00e4 altista t\u00e4t\u00e4 tuotetta voimakkaalle auringonvalolle tai kosteudelle pitk\u00e4ksi aikaa.<\/p>\n","protected":false},"excerpt":{"rendered":"<p>SONGMICS soittorasia, korurasia, 14,8 x 10,6 x 8,5 cm<\/p>\n","protected":false},"featured_media":41029,"comment_status":"open","ping_status":"closed","template":"","meta":[],"product_brand":[],"product_cat":[32],"product_tag":[],"class_list":{"0":"post-31962","1":"product","2":"type-product","3":"status-publish","4":"has-post-thumbnail","6":"product_cat-uncategorized-fi","8":"first","9":"instock","10":"shipping-taxable","11":"purchasable","12":"product-type-simple"},"_links":{"self":[{"href":"https:\/\/nordicmart.andreevmaster.com\/fi\/wp-json\/wp\/v2\/product\/31962","targetHints":{"allow":["GET"]}}],"collection":[{"href":"https:\/\/nordicmart.andreevmaster.com\/fi\/wp-json\/wp\/v2\/product"}],"about":[{"href":"https:\/\/nordicmart.andreevmaster.com\/fi\/wp-json\/wp\/v2\/types\/product"}],"replies":[{"embeddable":true,"href":"https:\/\/nordicmart.andreevmaster.com\/fi\/wp-json\/wp\/v2\/comments?post=31962"}],"wp:featuredmedia":[{"embeddable":true,"href":"https:\/\/nordicmart.andreevmaster.com\/fi\/wp-json\/wp\/v2\/media\/41029"}],"wp:attachment":[{"href":"https:\/\/nordicmart.andreevmaster.com\/fi\/wp-json\/wp\/v2\/media?parent=31962"}],"wp:term":[{"taxonomy":"product_brand","embeddable":true,"href":"https:\/\/nordicmart.andreevmaster.com\/fi\/wp-json\/wp\/v2\/product_brand?post=31962"},{"taxonomy":"product_cat","embeddable":true,"href":"https:\/\/nordicmart.andreevmaster.com\/fi\/wp-json\/wp\/v2\/product_cat?post=31962"},{"taxonomy":"product_tag","embeddable":true,"href":"https:\/\/nordicmart.andreevmaster.com\/fi\/wp-json\/wp\/v2\/product_tag?post=31962"}],"curies":[{"name":"wp","href":"https:\/\/api.w.org\/{rel}","templated":true}]}}