{"id":31960,"date":"2026-02-27T00:15:28","date_gmt":"2026-02-27T00:15:28","guid":{"rendered":"https:\/\/nordicmart.andreevmaster.com\/product\/songmics-korurasia-lapsille-sininen\/"},"modified":"2026-02-27T09:37:41","modified_gmt":"2026-02-27T09:37:41","slug":"songmics-korurasia-lapsille-sininen","status":"publish","type":"product","link":"https:\/\/nordicmart.andreevmaster.com\/fi\/tuote\/songmics-korurasia-lapsille-sininen\/","title":{"rendered":"SONGMICS korurasia lapsille, sininen"},"content":{"rendered":"<p>Suloiset lapsuuden muistot: Jokaisella meist\u00e4 on tiettyj\u00e4 esineit\u00e4, jotka her\u00e4tt\u00e4v\u00e4t lapsuuden muistoja ja nostalgisia tunteita. T\u00e4llainen esine voisi olla t\u00e4m\u00e4 vieh\u00e4tt\u00e4v\u00e4 soittorasia tytt\u00e4relle tai tytt\u00e4rentytt\u00e4relle. Katsokaa, kuinka pikkuinenne&#8230;&#8230; ihastelee tanssivaa balerinaa&#8230;. piilottaa iloisena lukuisia koruja laatikkoon&#8230;. on onnellinen, koska laatikossa on niin paljon arvokkaita muistoja.Muistojen turvallinen s\u00e4ilytt\u00e4minen: Tukeva MDF-kotelo, korkealaatuinen soittorasiamekanismi, kest\u00e4v\u00e4t saranat, kiertok\u00e4siavain, tyylik\u00e4s ABS-peili ja pehme\u00e4 samettivuori varmistavat, ett\u00e4 kaikki prinsessasi aarteet voidaan s\u00e4ilytt\u00e4\u00e4 turvallisesti ja hyvin suojattuna t\u00e4ss\u00e4 rasissa.Tuotetiedot: V\u00e4ri: sininen Materiaali: MDF (keskitihe\u00e4 kuitulevy), tarra, koristepaperi, sametti, ABS-peili Koko: 14,8 x 10,6 x 8,5 cm (P x L x K) Paino: 310 g Melodia: Aaltojen yliToimitus sis\u00e4lt\u00e4\u00e4: 1 x korurasia ballerinallaSONGMICS Huomautukset:K\u00e4\u00e4ri soittorasia vain loppuun asti.Pid\u00e4 t\u00e4m\u00e4 tuote poissa ter\u00e4vien tai ter\u00e4vien esineiden l\u00e4helt\u00e4.\u00c4l\u00e4 altista t\u00e4t\u00e4 tuotetta voimakkaalle auringonvalolle tai kosteudelle pitk\u00e4ksi aikaa.<\/p>\n","protected":false},"excerpt":{"rendered":"<p>SONGMICS korurasia lapsille, ballerina-soittorasia, musiikkirasia, korurasia, merenneito-aihe, iso lokero, peili, melodia \u00dcber den Wellen, lahja, sininen JMC018BU<\/p>\n","protected":false},"featured_media":41027,"comment_status":"open","ping_status":"closed","template":"","meta":[],"product_brand":[],"product_cat":[32],"product_tag":[],"class_list":{"0":"post-31960","1":"product","2":"type-product","3":"status-publish","4":"has-post-thumbnail","6":"product_cat-uncategorized-fi","8":"first","9":"instock","10":"shipping-taxable","11":"purchasable","12":"product-type-simple"},"_links":{"self":[{"href":"https:\/\/nordicmart.andreevmaster.com\/fi\/wp-json\/wp\/v2\/product\/31960","targetHints":{"allow":["GET"]}}],"collection":[{"href":"https:\/\/nordicmart.andreevmaster.com\/fi\/wp-json\/wp\/v2\/product"}],"about":[{"href":"https:\/\/nordicmart.andreevmaster.com\/fi\/wp-json\/wp\/v2\/types\/product"}],"replies":[{"embeddable":true,"href":"https:\/\/nordicmart.andreevmaster.com\/fi\/wp-json\/wp\/v2\/comments?post=31960"}],"wp:featuredmedia":[{"embeddable":true,"href":"https:\/\/nordicmart.andreevmaster.com\/fi\/wp-json\/wp\/v2\/media\/41027"}],"wp:attachment":[{"href":"https:\/\/nordicmart.andreevmaster.com\/fi\/wp-json\/wp\/v2\/media?parent=31960"}],"wp:term":[{"taxonomy":"product_brand","embeddable":true,"href":"https:\/\/nordicmart.andreevmaster.com\/fi\/wp-json\/wp\/v2\/product_brand?post=31960"},{"taxonomy":"product_cat","embeddable":true,"href":"https:\/\/nordicmart.andreevmaster.com\/fi\/wp-json\/wp\/v2\/product_cat?post=31960"},{"taxonomy":"product_tag","embeddable":true,"href":"https:\/\/nordicmart.andreevmaster.com\/fi\/wp-json\/wp\/v2\/product_tag?post=31960"}],"curies":[{"name":"wp","href":"https:\/\/api.w.org\/{rel}","templated":true}]}}