{"id":31959,"date":"2026-02-27T00:15:28","date_gmt":"2026-02-27T00:15:28","guid":{"rendered":"https:\/\/nordicmart.andreevmaster.com\/product\/songmics-korurasia-musiikilla-vaaleanpunainen\/"},"modified":"2026-02-27T09:37:41","modified_gmt":"2026-02-27T09:37:41","slug":"songmics-korurasia-musiikilla-vaaleanpunainen","status":"publish","type":"product","link":"https:\/\/nordicmart.andreevmaster.com\/fi\/tuote\/songmics-korurasia-musiikilla-vaaleanpunainen\/","title":{"rendered":"SONGMICS korurasia musiikilla, vaaleanpunainen"},"content":{"rendered":"<p>Etk\u00f6 keksi, mit\u00e4 lahjaksi lapsillesi? T\u00e4m\u00e4 SONGMICS:n korurasia musiikilla on kokeilemisen arvoinen! Se hurmaa vieh\u00e4tt\u00e4v\u00e4ll\u00e4 balerinalla, useilla lokeroilla, sormuspaikoilla ja laatikolla \u2013 t\u00e4m\u00e4 lahja ilahduttaa varmasti rakkaasi.Korujen valitseminen on hauskaa. Kun kansi avataan, esiin tulee vieh\u00e4tt\u00e4v\u00e4 balerina, joka tanssii suloisen melodian tahdissa ja vie tytt\u00e4resi satumaiseen maailmaan. &#8221;Mit\u00e4 koruja minun pit\u00e4isi k\u00e4ytt\u00e4\u00e4, jotta n\u00e4ytt\u00e4isin satujen kauniilta keijulta?&#8221; ABS-peilin ansiosta prinsessasi voi tarkistaa, sopivatko valitsemansa korut h\u00e4nelle. Melodia soi 4\u20135 minuuttia. Se on siis tarpeeksi aikaa p\u00e4\u00e4t\u00f6ksen tekemiseen. Tuotetiedot: &#8211; V\u00e4ri: vaaleanpunainen &#8211; Materiaali: MDF (keskitihe\u00e4 kuitulevy), koristepaperi, sametti ja ABS-peili &#8211; Koko: 19 x 10,2 x 10,5 cm (P x L x K) &#8211; Paino: 0,54 kg Toimitus sis\u00e4lt\u00e4\u00e4: &#8211; 1 x soittorasia<\/p>\n","protected":false},"excerpt":{"rendered":"<p>SONGMICS Ballerina-soittorasia, yksisarvisaiheinen, korurasia musiikilla, pieni soittorasia laatikolla, paikat sormuksille ja useita lokeroita, &#8221;The Unicorn&#8221; -melodia, vaaleanpunainen JMC012PK<\/p>\n","protected":false},"featured_media":41026,"comment_status":"open","ping_status":"closed","template":"","meta":[],"product_brand":[],"product_cat":[32],"product_tag":[],"class_list":{"0":"post-31959","1":"product","2":"type-product","3":"status-publish","4":"has-post-thumbnail","6":"product_cat-uncategorized-fi","8":"first","9":"instock","10":"shipping-taxable","11":"purchasable","12":"product-type-simple"},"_links":{"self":[{"href":"https:\/\/nordicmart.andreevmaster.com\/fi\/wp-json\/wp\/v2\/product\/31959","targetHints":{"allow":["GET"]}}],"collection":[{"href":"https:\/\/nordicmart.andreevmaster.com\/fi\/wp-json\/wp\/v2\/product"}],"about":[{"href":"https:\/\/nordicmart.andreevmaster.com\/fi\/wp-json\/wp\/v2\/types\/product"}],"replies":[{"embeddable":true,"href":"https:\/\/nordicmart.andreevmaster.com\/fi\/wp-json\/wp\/v2\/comments?post=31959"}],"wp:featuredmedia":[{"embeddable":true,"href":"https:\/\/nordicmart.andreevmaster.com\/fi\/wp-json\/wp\/v2\/media\/41026"}],"wp:attachment":[{"href":"https:\/\/nordicmart.andreevmaster.com\/fi\/wp-json\/wp\/v2\/media?parent=31959"}],"wp:term":[{"taxonomy":"product_brand","embeddable":true,"href":"https:\/\/nordicmart.andreevmaster.com\/fi\/wp-json\/wp\/v2\/product_brand?post=31959"},{"taxonomy":"product_cat","embeddable":true,"href":"https:\/\/nordicmart.andreevmaster.com\/fi\/wp-json\/wp\/v2\/product_cat?post=31959"},{"taxonomy":"product_tag","embeddable":true,"href":"https:\/\/nordicmart.andreevmaster.com\/fi\/wp-json\/wp\/v2\/product_tag?post=31959"}],"curies":[{"name":"wp","href":"https:\/\/api.w.org\/{rel}","templated":true}]}}