{"id":31957,"date":"2026-02-27T00:15:27","date_gmt":"2026-02-27T00:15:27","guid":{"rendered":"https:\/\/nordicmart.andreevmaster.com\/product\/songmics-korurasia-musiikilla-lapsille-vaaleanpunainen\/"},"modified":"2026-02-27T09:37:40","modified_gmt":"2026-02-27T09:37:40","slug":"songmics-korurasia-musiikilla-lapsille-vaaleanpunainen","status":"publish","type":"product","link":"https:\/\/nordicmart.andreevmaster.com\/fi\/tuote\/songmics-korurasia-musiikilla-lapsille-vaaleanpunainen\/","title":{"rendered":"SONGMICS korurasia musiikilla lapsille, vaaleanpunainen"},"content":{"rendered":"<p>S\u00e4ilyt\u00e4 lapsuuden muistot hyvin suojattuna Tukeva MDF-kotelo, korkealaatuinen musiikkimekanismi, ABS-peili ja pehme\u00e4 samettivuori takaavat soittorasian pitk\u00e4n k\u00e4ytt\u00f6i\u00e4n. Pieni tytt\u00f6si voi k\u00e4ytt\u00e4\u00e4 sit\u00e4 sarjakuvahahmojen tarrojen tai lahjojen s\u00e4ilytt\u00e4miseen, jotka merkitsev\u00e4t unohtumattomia hetki\u00e4 h\u00e4nen lapsuudestaan. Tuotetiedot: &#8211; V\u00e4ri: vaaleanpunainen &#8211; Materiaali: MDF (keskitihe\u00e4 kuitulevy), koristepaperi, sametti, ABS-peili &#8211; Koko: 19 x 11 x 11 cm (P x L x K) &#8211; Paino: 0,6 kg &#8211; Melodia: Kukkavalsi Toimitus sis\u00e4lt\u00e4\u00e4: &#8211; 1 x korurasia musiikilla SONGMICS Huomautukset:- Ved\u00e4 soittorasia vain pohjaan asti. &#8211; Pid\u00e4 t\u00e4m\u00e4 tuote poissa ter\u00e4vien tai ter\u00e4vien esineiden l\u00e4heisyydest\u00e4. &#8211; \u00c4l\u00e4 altista t\u00e4t\u00e4 tuotetta voimakkaalle auringonvalolle tai kosteudelle pitk\u00e4ksi aikaa.<\/p>\n","protected":false},"excerpt":{"rendered":"<p>SONGMICS Ballerina-soittorasia, yksisarvisaiheinen, korurasia musiikilla, pieni soittorasia laatikolla, paikat sormuksille ja useita lokeroita, &#8221;The Unicorn&#8221; -melodia, vaaleanpunainen JMC012PK<\/p>\n","protected":false},"featured_media":41024,"comment_status":"open","ping_status":"closed","template":"","meta":[],"product_brand":[],"product_cat":[32],"product_tag":[],"class_list":{"0":"post-31957","1":"product","2":"type-product","3":"status-publish","4":"has-post-thumbnail","6":"product_cat-uncategorized-fi","8":"first","9":"instock","10":"shipping-taxable","11":"purchasable","12":"product-type-simple"},"_links":{"self":[{"href":"https:\/\/nordicmart.andreevmaster.com\/fi\/wp-json\/wp\/v2\/product\/31957","targetHints":{"allow":["GET"]}}],"collection":[{"href":"https:\/\/nordicmart.andreevmaster.com\/fi\/wp-json\/wp\/v2\/product"}],"about":[{"href":"https:\/\/nordicmart.andreevmaster.com\/fi\/wp-json\/wp\/v2\/types\/product"}],"replies":[{"embeddable":true,"href":"https:\/\/nordicmart.andreevmaster.com\/fi\/wp-json\/wp\/v2\/comments?post=31957"}],"wp:featuredmedia":[{"embeddable":true,"href":"https:\/\/nordicmart.andreevmaster.com\/fi\/wp-json\/wp\/v2\/media\/41024"}],"wp:attachment":[{"href":"https:\/\/nordicmart.andreevmaster.com\/fi\/wp-json\/wp\/v2\/media?parent=31957"}],"wp:term":[{"taxonomy":"product_brand","embeddable":true,"href":"https:\/\/nordicmart.andreevmaster.com\/fi\/wp-json\/wp\/v2\/product_brand?post=31957"},{"taxonomy":"product_cat","embeddable":true,"href":"https:\/\/nordicmart.andreevmaster.com\/fi\/wp-json\/wp\/v2\/product_cat?post=31957"},{"taxonomy":"product_tag","embeddable":true,"href":"https:\/\/nordicmart.andreevmaster.com\/fi\/wp-json\/wp\/v2\/product_tag?post=31957"}],"curies":[{"name":"wp","href":"https:\/\/api.w.org\/{rel}","templated":true}]}}