{"id":31955,"date":"2026-02-27T00:15:27","date_gmt":"2026-02-27T00:15:27","guid":{"rendered":"https:\/\/nordicmart.andreevmaster.com\/product\/songmics-musiikkilaatikko-pretty-princess-pink\/"},"modified":"2026-02-27T09:37:40","modified_gmt":"2026-02-27T09:37:40","slug":"songmics-musiikkilaatikko-pretty-princess-pink","status":"publish","type":"product","link":"https:\/\/nordicmart.andreevmaster.com\/fi\/tuote\/songmics-musiikkilaatikko-pretty-princess-pink\/","title":{"rendered":"SONGMICS musiikkilaatikko \u201ePretty Princess\u201c Pink"},"content":{"rendered":"<p>Jokainen pieni tytt\u00f6 haaveilee olevansa prinsessa kerran el\u00e4m\u00e4ss\u00e4\u00e4n. SONGMICS-soittorasiamme tanssivan ballerinan kanssa her\u00e4tt\u00e4\u00e4 t\u00e4m\u00e4n unelman eloon. Kaunis prinsessa vaaleanpunaisessa mekossa, suloinen yksisarvinen, t\u00e4htitaivas, lepattaavat perhoset ja viimeisen\u00e4 mutta ei v\u00e4h\u00e4isimp\u00e4n\u00e4 soittorasian vaaleanpunainen v\u00e4ri saavat pienet tyt\u00f6t kiljumaan ilosta. K\u00e4\u00e4ri soittorasia takana olevalla mekanismilla ja avaa se. Esille tulee vieh\u00e4tt\u00e4v\u00e4 balerina, joka tanssii suloisen melodian tahdissa. Pieni prinsessasi tulee varmasti ihastumaan suu auki. T\u00e4yt\u00e4 laatikko ja lokerot kimaltelevilla hiusklipseill\u00e4, korvakorulla, v\u00e4rikk\u00e4ill\u00e4 sormuksilla tai muilla pienill\u00e4 aarteilla ja anna pienen tytt\u00f6si p\u00e4\u00e4tt\u00e4\u00e4, mit\u00e4 koruja h\u00e4n haluaa t\u00e4n\u00e4\u00e4n k\u00e4ytt\u00e4\u00e4. H\u00e4n seisoo hymyillen maagisen peilin edess\u00e4, joka paljastaa, ett\u00e4 h\u00e4n on kaunein koko maassa! Lis\u00e4ksi tytt\u00e4resi tai tytt\u00e4rentytt\u00e4resi oppii, ett\u00e4 korut voidaan s\u00e4ilytt\u00e4\u00e4 siististi pieness\u00e4 korurasiaassa. N\u00e4in h\u00e4n kehitt\u00e4\u00e4 j\u00e4rjestyksen t\u00e4rkeyden ja s\u00e4\u00e4st\u00e4\u00e4 sinulta arvokasta energiaa. Lahjoita rakkaallesi t\u00e4m\u00e4 soittorasia syntym\u00e4p\u00e4iv\u00e4juhlissa, ja h\u00e4n tanssii iloisesti ballerinan ja yst\u00e4viens\u00e4 kanssa melodian &#8221;F\u00fcr Elise&#8221; tahdissa. Tuotetiedot:  &#8211; V\u00e4ri: vaaleanpunainen  &#8211; Materiaali: MDF (keskitihe\u00e4 kuitulevy), koristepaperi, sametti, ABS-peili  &#8211; Koko: 19 x 11,2 x 10,9 cm (L x S x K)  &#8211; Paino: 535 g Toimitus sis\u00e4lt\u00e4\u00e4:  &#8211; 1 x soittorasia  SONGMICS Huomautukset:  &#8211; \u00c4l\u00e4 altista tuotetta suoralle auringonvalolle  &#8211; Pid\u00e4 tuote poissa ter\u00e4vien esineiden l\u00e4heisyydest\u00e4 vahingoittumisen v\u00e4ltt\u00e4miseksi  &#8211; Huomaa, ett\u00e4 pienet osat, kuten balerina, voivat aiheuttaa nielemis- ja tukehtumisvaaran.<\/p>\n","protected":false},"excerpt":{"rendered":"<p>SONGMICS Ballerina-soittorasia ja korurasia, pieni soittorasia, jossa on s\u00e4ilytystilaa, yksisarvinen ja prinsessamotiivi, laatikko, pienille tyt\u00f6ille, vaaleanpunainen, JMC009PK<\/p>\n","protected":false},"featured_media":41022,"comment_status":"open","ping_status":"closed","template":"","meta":[],"product_brand":[],"product_cat":[32],"product_tag":[],"class_list":{"0":"post-31955","1":"product","2":"type-product","3":"status-publish","4":"has-post-thumbnail","6":"product_cat-uncategorized-fi","8":"first","9":"instock","10":"shipping-taxable","11":"purchasable","12":"product-type-simple"},"_links":{"self":[{"href":"https:\/\/nordicmart.andreevmaster.com\/fi\/wp-json\/wp\/v2\/product\/31955","targetHints":{"allow":["GET"]}}],"collection":[{"href":"https:\/\/nordicmart.andreevmaster.com\/fi\/wp-json\/wp\/v2\/product"}],"about":[{"href":"https:\/\/nordicmart.andreevmaster.com\/fi\/wp-json\/wp\/v2\/types\/product"}],"replies":[{"embeddable":true,"href":"https:\/\/nordicmart.andreevmaster.com\/fi\/wp-json\/wp\/v2\/comments?post=31955"}],"wp:featuredmedia":[{"embeddable":true,"href":"https:\/\/nordicmart.andreevmaster.com\/fi\/wp-json\/wp\/v2\/media\/41022"}],"wp:attachment":[{"href":"https:\/\/nordicmart.andreevmaster.com\/fi\/wp-json\/wp\/v2\/media?parent=31955"}],"wp:term":[{"taxonomy":"product_brand","embeddable":true,"href":"https:\/\/nordicmart.andreevmaster.com\/fi\/wp-json\/wp\/v2\/product_brand?post=31955"},{"taxonomy":"product_cat","embeddable":true,"href":"https:\/\/nordicmart.andreevmaster.com\/fi\/wp-json\/wp\/v2\/product_cat?post=31955"},{"taxonomy":"product_tag","embeddable":true,"href":"https:\/\/nordicmart.andreevmaster.com\/fi\/wp-json\/wp\/v2\/product_tag?post=31955"}],"curies":[{"name":"wp","href":"https:\/\/api.w.org\/{rel}","templated":true}]}}