{"id":31954,"date":"2026-02-27T00:15:27","date_gmt":"2026-02-27T00:15:27","guid":{"rendered":"https:\/\/nordicmart.andreevmaster.com\/product\/songmics-soittorasia-maagisella-yksisarvisella-vaaleanpunainen\/"},"modified":"2026-02-27T09:37:40","modified_gmt":"2026-02-27T09:37:40","slug":"songmics-soittorasia-maagisella-yksisarvisella-vaaleanpunainen","status":"publish","type":"product","link":"https:\/\/nordicmart.andreevmaster.com\/fi\/tuote\/songmics-soittorasia-maagisella-yksisarvisella-vaaleanpunainen\/","title":{"rendered":"SONGMICS soittorasia maagisella yksisarvisella, vaaleanpunainen"},"content":{"rendered":"<p>Jokainen pieni tytt\u00f6 haaveilee olevansa kerran el\u00e4m\u00e4ss\u00e4\u00e4n prinsessa. SONGMICS-soittorasia tanssivan ballerinan kanssa her\u00e4tt\u00e4\u00e4 t\u00e4m\u00e4n unelman eloon.  Laatikon maaginen yksisarvinen, lumottu prinsessalinna, t\u00e4htitaivas, lepattaavat perhoset ja viimeisen\u00e4 mutta ei v\u00e4h\u00e4isimp\u00e4n\u00e4 soittorasian vaaleanpunainen v\u00e4ri saavat pienet tyt\u00f6t kiljumaan ilosta. K\u00e4\u00e4ri soittorasia taakse olevalla mekanismilla ja avaa se. Esille tulee vieh\u00e4tt\u00e4v\u00e4 balerina, joka tanssii suloisen melodian tahdissa. Pieni prinsessasi tulee varmasti ihastumaan suu auki. T\u00e4yt\u00e4 laatikko ja lokero kimaltelevilla hiusklipseill\u00e4, korvakorulla, v\u00e4rikk\u00e4ill\u00e4 sormuksilla tai muilla pienill\u00e4 aarteilla ja anna pienen tytt\u00f6si p\u00e4\u00e4tt\u00e4\u00e4, mit\u00e4 koruja h\u00e4n haluaa t\u00e4n\u00e4\u00e4n k\u00e4ytt\u00e4\u00e4. H\u00e4n seisoo hymyillen maagisen peilin edess\u00e4, joka paljastaa, ett\u00e4 h\u00e4n on kaunein koko maassa! Lis\u00e4ksi tytt\u00e4resi tai tytt\u00e4rentytt\u00e4resi oppii, ett\u00e4 korut voidaan s\u00e4ilytt\u00e4\u00e4 siististi pieness\u00e4 korurasiaassa. N\u00e4in h\u00e4n kehitt\u00e4\u00e4 j\u00e4rjestyksen t\u00e4rkeyden ja s\u00e4\u00e4st\u00e4\u00e4 sinulta arvokasta energiaa. Lahjoita rakkaallesi t\u00e4m\u00e4 soittorasia syntym\u00e4p\u00e4iv\u00e4juhlissa, ja h\u00e4n tanssii iloisesti ballerinan ja yst\u00e4viens\u00e4 kanssa &#8221;Kukkavalsin&#8221; s\u00e4velten tahdissa. Tuotetiedot: -V\u00e4ri: vaaleanpunainen -Materiaali: MDF (keskitihe\u00e4 kuitulevy), koristepaperi, sametti, ABS-peili -Koko: 11,9 x 10,9 x 9,9 cm (L x S x K) -Paino: 259 g Toimitus sis\u00e4lt\u00e4\u00e4: &#8211; 1 x soittorasia SONGMICS Huomautukset: 1. \u00c4l\u00e4 altista tuotetta suoralle auringonvalolle. 2. Pid\u00e4 tuote poissa ter\u00e4vien esineiden l\u00e4heisyydest\u00e4 vahingoittumisen v\u00e4ltt\u00e4miseksi. 3. Huomaa, ett\u00e4 pienet osat, kuten balerina, voivat aiheuttaa nielemis- ja tukehtumisvaaran.<\/p>\n","protected":false},"excerpt":{"rendered":"<p>SONGMICS Ballerina-soittorasia korurasia, pieni soittorasia, jossa s\u00e4ilytystilaa, yksisarvisaiheinen, laatikko, pienille tyt\u00f6ille, vaaleanpunainen JMC008PK<\/p>\n","protected":false},"featured_media":41021,"comment_status":"open","ping_status":"closed","template":"","meta":[],"product_brand":[],"product_cat":[32],"product_tag":[],"class_list":{"0":"post-31954","1":"product","2":"type-product","3":"status-publish","4":"has-post-thumbnail","6":"product_cat-uncategorized-fi","8":"first","9":"instock","10":"shipping-taxable","11":"purchasable","12":"product-type-simple"},"_links":{"self":[{"href":"https:\/\/nordicmart.andreevmaster.com\/fi\/wp-json\/wp\/v2\/product\/31954","targetHints":{"allow":["GET"]}}],"collection":[{"href":"https:\/\/nordicmart.andreevmaster.com\/fi\/wp-json\/wp\/v2\/product"}],"about":[{"href":"https:\/\/nordicmart.andreevmaster.com\/fi\/wp-json\/wp\/v2\/types\/product"}],"replies":[{"embeddable":true,"href":"https:\/\/nordicmart.andreevmaster.com\/fi\/wp-json\/wp\/v2\/comments?post=31954"}],"wp:featuredmedia":[{"embeddable":true,"href":"https:\/\/nordicmart.andreevmaster.com\/fi\/wp-json\/wp\/v2\/media\/41021"}],"wp:attachment":[{"href":"https:\/\/nordicmart.andreevmaster.com\/fi\/wp-json\/wp\/v2\/media?parent=31954"}],"wp:term":[{"taxonomy":"product_brand","embeddable":true,"href":"https:\/\/nordicmart.andreevmaster.com\/fi\/wp-json\/wp\/v2\/product_brand?post=31954"},{"taxonomy":"product_cat","embeddable":true,"href":"https:\/\/nordicmart.andreevmaster.com\/fi\/wp-json\/wp\/v2\/product_cat?post=31954"},{"taxonomy":"product_tag","embeddable":true,"href":"https:\/\/nordicmart.andreevmaster.com\/fi\/wp-json\/wp\/v2\/product_tag?post=31954"}],"curies":[{"name":"wp","href":"https:\/\/api.w.org\/{rel}","templated":true}]}}