{"id":31952,"date":"2026-02-27T00:15:26","date_gmt":"2026-02-27T00:15:26","guid":{"rendered":"https:\/\/nordicmart.andreevmaster.com\/product\/songmics-soittorasia-janis-kettu-vaaleanpunainen\/"},"modified":"2026-02-27T09:37:40","modified_gmt":"2026-02-27T09:37:40","slug":"songmics-soittorasia-janis-kettu-vaaleanpunainen","status":"publish","type":"product","link":"https:\/\/nordicmart.andreevmaster.com\/fi\/tuote\/songmics-soittorasia-janis-kettu-vaaleanpunainen\/","title":{"rendered":"SONGMICS soittorasia \u201eJ\u00e4nis &#038; kettu\u201c vaaleanpunainen"},"content":{"rendered":"<p>Kukat, el\u00e4imet, lumoava melodia ja vaaleanpunainen v\u00e4ri \u2013 kaikki n\u00e4m\u00e4 suloiset elementit tuovat iloa prinsessallesi. Erilaiset lokerot ovat t\u00e4ydellisi\u00e4 kaulakorujen, rannekorujen, sormusten ja muiden asusteiden j\u00e4rjest\u00e4miseen ja lajitteluun. Kotelon takana oleva vahvistettu k\u00e4sik\u00e4ytt\u00f6inen vipu aktivoi balerinan ja musiikin. Keskelle sijoitettu ABS-peili antaa prinsessallesi mahdollisuuden tarkastella korujaan l\u00e4helt\u00e4. Kotelo on omaper\u00e4inen ja kaunis lahja syntym\u00e4p\u00e4iv\u00e4ksi tai jouluksi. Tuotetiedot: &#8211; V\u00e4ri: vaaleanpunainen &#8211; Materiaali: MDF, painettu pinta, sametti, ABS-peili &#8211; Mitat: 20 x 12,3 x 13,7 cm (L x K x S) &#8211; Paino: 890 g Toimitus sis\u00e4lt\u00e4\u00e4: &#8211; 1 x musiikkilaatikko SONGMICS Huomautukset: &#8211; \u00c4l\u00e4 aseta tuotetta suoraan auringonvaloon. &#8211; Pid\u00e4 ter\u00e4v\u00e4t esineet poissa, jotta v\u00e4lt\u00e4t mahdolliset vauriot. &#8211; Varo nielem\u00e4st\u00e4 ballerinaa.<\/p>\n","protected":false},"excerpt":{"rendered":"<p>SONGMICS soittorasia, soittorasia, korurasia laatikoilla ja peilill\u00e4, s\u00e4ilytys, lahja tyt\u00f6ille, vaaleanpunainen JMC004PK<\/p>\n","protected":false},"featured_media":41019,"comment_status":"open","ping_status":"closed","template":"","meta":[],"product_brand":[],"product_cat":[32],"product_tag":[],"class_list":{"0":"post-31952","1":"product","2":"type-product","3":"status-publish","4":"has-post-thumbnail","6":"product_cat-uncategorized-fi","8":"first","9":"instock","10":"shipping-taxable","11":"purchasable","12":"product-type-simple"},"_links":{"self":[{"href":"https:\/\/nordicmart.andreevmaster.com\/fi\/wp-json\/wp\/v2\/product\/31952","targetHints":{"allow":["GET"]}}],"collection":[{"href":"https:\/\/nordicmart.andreevmaster.com\/fi\/wp-json\/wp\/v2\/product"}],"about":[{"href":"https:\/\/nordicmart.andreevmaster.com\/fi\/wp-json\/wp\/v2\/types\/product"}],"replies":[{"embeddable":true,"href":"https:\/\/nordicmart.andreevmaster.com\/fi\/wp-json\/wp\/v2\/comments?post=31952"}],"wp:featuredmedia":[{"embeddable":true,"href":"https:\/\/nordicmart.andreevmaster.com\/fi\/wp-json\/wp\/v2\/media\/41019"}],"wp:attachment":[{"href":"https:\/\/nordicmart.andreevmaster.com\/fi\/wp-json\/wp\/v2\/media?parent=31952"}],"wp:term":[{"taxonomy":"product_brand","embeddable":true,"href":"https:\/\/nordicmart.andreevmaster.com\/fi\/wp-json\/wp\/v2\/product_brand?post=31952"},{"taxonomy":"product_cat","embeddable":true,"href":"https:\/\/nordicmart.andreevmaster.com\/fi\/wp-json\/wp\/v2\/product_cat?post=31952"},{"taxonomy":"product_tag","embeddable":true,"href":"https:\/\/nordicmart.andreevmaster.com\/fi\/wp-json\/wp\/v2\/product_tag?post=31952"}],"curies":[{"name":"wp","href":"https:\/\/api.w.org\/{rel}","templated":true}]}}