{"id":31949,"date":"2026-02-27T00:15:26","date_gmt":"2026-02-27T00:15:26","guid":{"rendered":"https:\/\/nordicmart.andreevmaster.com\/product\/songmics-korukaruselli-akryyli\/"},"modified":"2026-02-27T09:37:39","modified_gmt":"2026-02-27T09:37:39","slug":"songmics-korukaruselli-akryyli","status":"publish","type":"product","link":"https:\/\/nordicmart.andreevmaster.com\/fi\/tuote\/songmics-korukaruselli-akryyli\/","title":{"rendered":"SONGMICS korukaruselli akryyli"},"content":{"rendered":"<p>Tuotetiedot: V\u00e4ri: l\u00e4pin\u00e4kyv\u00e4 Materiaali: akryyli Halkaisija: 27 cm Korkeus: 35 cm Paino: 1,42 kg Toimitus sis\u00e4lt\u00e4\u00e4: 1 x kosmetiikan j\u00e4rjestelij\u00e4 1 x ohjeet (DE, EN, IT, FR, ES) Huomautukset: Suojaa tuotetta huolellisesti iskuilta ja putoamiselta.<\/p>\n","protected":false},"excerpt":{"rendered":"<p>SONGMICS 360\u00b0k\u00e4\u00e4nnett\u00e4v\u00e4 kosmetiikan j\u00e4rjestelij\u00e4 meikkien s\u00e4ilytys esittely\u00e4 varten s\u00e4\u00e4dett\u00e4v\u00e4t s\u00e4ilytyslokerot s\u00e4ilytysj\u00e4rjestelm\u00e4 l\u00e4pin\u00e4kyv\u00e4 akryyli JKA104<\/p>\n","protected":false},"featured_media":41016,"comment_status":"open","ping_status":"closed","template":"","meta":[],"product_brand":[],"product_cat":[32],"product_tag":[],"class_list":{"0":"post-31949","1":"product","2":"type-product","3":"status-publish","4":"has-post-thumbnail","6":"product_cat-uncategorized-fi","8":"first","9":"instock","10":"shipping-taxable","11":"purchasable","12":"product-type-simple"},"_links":{"self":[{"href":"https:\/\/nordicmart.andreevmaster.com\/fi\/wp-json\/wp\/v2\/product\/31949","targetHints":{"allow":["GET"]}}],"collection":[{"href":"https:\/\/nordicmart.andreevmaster.com\/fi\/wp-json\/wp\/v2\/product"}],"about":[{"href":"https:\/\/nordicmart.andreevmaster.com\/fi\/wp-json\/wp\/v2\/types\/product"}],"replies":[{"embeddable":true,"href":"https:\/\/nordicmart.andreevmaster.com\/fi\/wp-json\/wp\/v2\/comments?post=31949"}],"wp:featuredmedia":[{"embeddable":true,"href":"https:\/\/nordicmart.andreevmaster.com\/fi\/wp-json\/wp\/v2\/media\/41016"}],"wp:attachment":[{"href":"https:\/\/nordicmart.andreevmaster.com\/fi\/wp-json\/wp\/v2\/media?parent=31949"}],"wp:term":[{"taxonomy":"product_brand","embeddable":true,"href":"https:\/\/nordicmart.andreevmaster.com\/fi\/wp-json\/wp\/v2\/product_brand?post=31949"},{"taxonomy":"product_cat","embeddable":true,"href":"https:\/\/nordicmart.andreevmaster.com\/fi\/wp-json\/wp\/v2\/product_cat?post=31949"},{"taxonomy":"product_tag","embeddable":true,"href":"https:\/\/nordicmart.andreevmaster.com\/fi\/wp-json\/wp\/v2\/product_tag?post=31949"}],"curies":[{"name":"wp","href":"https:\/\/api.w.org\/{rel}","templated":true}]}}