{"id":31947,"date":"2026-02-27T00:15:25","date_gmt":"2026-02-27T00:15:25","guid":{"rendered":"https:\/\/nordicmart.andreevmaster.com\/product\/songmics-kaannettava-meikkijarjestelija-jossa-on-ylimaarainen-tarjotin-kultainen\/"},"modified":"2026-02-27T09:37:39","modified_gmt":"2026-02-27T09:37:39","slug":"songmics-kaannettava-meikkijarjestelija-jossa-on-ylimaarainen-tarjotin-kultainen","status":"publish","type":"product","link":"https:\/\/nordicmart.andreevmaster.com\/fi\/tuote\/songmics-kaannettava-meikkijarjestelija-jossa-on-ylimaarainen-tarjotin-kultainen\/","title":{"rendered":"SONGMICS k\u00e4\u00e4nnett\u00e4v\u00e4 meikkij\u00e4rjestelij\u00e4, jossa on ylim\u00e4\u00e4r\u00e4inen tarjotin, kultainen"},"content":{"rendered":"<p>SONGMICS k\u00e4\u00e4nnett\u00e4v\u00e4 meikkij\u00e4rjestelij\u00e4, ylim\u00e4\u00e4r\u00e4isell\u00e4 tarjottimella yl\u00e4osassa, py\u00f6re\u00e4 kosmetiikkaj\u00e4rjestelij\u00e4, 2 tasoa, meikkien s\u00e4ilytys, tilava, meikkip\u00f6yd\u00e4lle, makuuhuoneeseen, keitti\u00f6\u00f6n, samppanjankultainen JKA027A01<br \/>\nV\u00e4ri: valkoinen-kulta<br \/>\nMateriaali: metalli, PET-muovi<br \/>\nKoko: 25,2 x 25,2 x 29 cm (S x L x K)<br \/>\nPaino: 0,8 kg<br \/>\nEnimm\u00e4iskantavuus per taso: 5 kg<\/p>\n","protected":false},"excerpt":{"rendered":"<p>SONGMICS k\u00e4\u00e4nnett\u00e4v\u00e4 meikkij\u00e4rjestelij\u00e4, ylim\u00e4\u00e4r\u00e4isell\u00e4 tarjottimella yl\u00e4osassa, py\u00f6re\u00e4 kosmetiikkaj\u00e4rjestelij\u00e4, 2 tasoa, meikkien s\u00e4ilytys, tilava, meikkip\u00f6yd\u00e4lle, makuuhuoneeseen, keitti\u00f6\u00f6n, samppanjankultainen JKA027A01<\/p>\n","protected":false},"featured_media":41014,"comment_status":"open","ping_status":"closed","template":"","meta":[],"product_brand":[],"product_cat":[32],"product_tag":[],"class_list":{"0":"post-31947","1":"product","2":"type-product","3":"status-publish","4":"has-post-thumbnail","6":"product_cat-uncategorized-fi","8":"first","9":"instock","10":"shipping-taxable","11":"purchasable","12":"product-type-simple"},"_links":{"self":[{"href":"https:\/\/nordicmart.andreevmaster.com\/fi\/wp-json\/wp\/v2\/product\/31947","targetHints":{"allow":["GET"]}}],"collection":[{"href":"https:\/\/nordicmart.andreevmaster.com\/fi\/wp-json\/wp\/v2\/product"}],"about":[{"href":"https:\/\/nordicmart.andreevmaster.com\/fi\/wp-json\/wp\/v2\/types\/product"}],"replies":[{"embeddable":true,"href":"https:\/\/nordicmart.andreevmaster.com\/fi\/wp-json\/wp\/v2\/comments?post=31947"}],"wp:featuredmedia":[{"embeddable":true,"href":"https:\/\/nordicmart.andreevmaster.com\/fi\/wp-json\/wp\/v2\/media\/41014"}],"wp:attachment":[{"href":"https:\/\/nordicmart.andreevmaster.com\/fi\/wp-json\/wp\/v2\/media?parent=31947"}],"wp:term":[{"taxonomy":"product_brand","embeddable":true,"href":"https:\/\/nordicmart.andreevmaster.com\/fi\/wp-json\/wp\/v2\/product_brand?post=31947"},{"taxonomy":"product_cat","embeddable":true,"href":"https:\/\/nordicmart.andreevmaster.com\/fi\/wp-json\/wp\/v2\/product_cat?post=31947"},{"taxonomy":"product_tag","embeddable":true,"href":"https:\/\/nordicmart.andreevmaster.com\/fi\/wp-json\/wp\/v2\/product_tag?post=31947"}],"curies":[{"name":"wp","href":"https:\/\/api.w.org\/{rel}","templated":true}]}}