{"id":31945,"date":"2026-02-27T00:15:25","date_gmt":"2026-02-27T00:15:25","guid":{"rendered":"https:\/\/nordicmart.andreevmaster.com\/product\/songmics-meikkilaukku-ja-korurasia-pilvinen-valkoinen\/"},"modified":"2026-02-27T09:37:39","modified_gmt":"2026-02-27T09:37:39","slug":"songmics-meikkilaukku-ja-korurasia-pilvinen-valkoinen","status":"publish","type":"product","link":"https:\/\/nordicmart.andreevmaster.com\/fi\/tuote\/songmics-meikkilaukku-ja-korurasia-pilvinen-valkoinen\/","title":{"rendered":"SONGMICS meikkilaukku ja korurasia, pilvinen valkoinen"},"content":{"rendered":"<p>SONGMICS meikkilaukku, meikkipussi korukotelolla, kosmetiikan j\u00e4rjestelij\u00e4laukku, matkalle, ylim\u00e4\u00e4r\u00e4inen sivellinpussi, ikkuna, peili, 22 x 12 x 12 cm, lahjaidea, musta JKA026B01<br \/>\nV\u00e4ri: pilvinen valkoinen<br \/>\nMateriaali: PU, PVC, sametti<br \/>\nKoko: 22 x 12 x 12 cm (P x L x K)<br \/>\nPaino: 0,4 kg<\/p>\n","protected":false},"excerpt":{"rendered":"<p>SONGMICS meikkilaukku, meikkipussi korukotelolla, kosmetiikan j\u00e4rjestelij\u00e4laukku, matkalle, ylim\u00e4\u00e4r\u00e4inen sivellinpussi, ikkuna, peili, 22 x 12 x 12 cm, lahjaidea, musta JKA026B01<\/p>\n","protected":false},"featured_media":41012,"comment_status":"open","ping_status":"closed","template":"","meta":[],"product_brand":[],"product_cat":[32],"product_tag":[],"class_list":{"0":"post-31945","1":"product","2":"type-product","3":"status-publish","4":"has-post-thumbnail","6":"product_cat-uncategorized-fi","8":"first","9":"instock","10":"shipping-taxable","11":"purchasable","12":"product-type-simple"},"_links":{"self":[{"href":"https:\/\/nordicmart.andreevmaster.com\/fi\/wp-json\/wp\/v2\/product\/31945","targetHints":{"allow":["GET"]}}],"collection":[{"href":"https:\/\/nordicmart.andreevmaster.com\/fi\/wp-json\/wp\/v2\/product"}],"about":[{"href":"https:\/\/nordicmart.andreevmaster.com\/fi\/wp-json\/wp\/v2\/types\/product"}],"replies":[{"embeddable":true,"href":"https:\/\/nordicmart.andreevmaster.com\/fi\/wp-json\/wp\/v2\/comments?post=31945"}],"wp:featuredmedia":[{"embeddable":true,"href":"https:\/\/nordicmart.andreevmaster.com\/fi\/wp-json\/wp\/v2\/media\/41012"}],"wp:attachment":[{"href":"https:\/\/nordicmart.andreevmaster.com\/fi\/wp-json\/wp\/v2\/media?parent=31945"}],"wp:term":[{"taxonomy":"product_brand","embeddable":true,"href":"https:\/\/nordicmart.andreevmaster.com\/fi\/wp-json\/wp\/v2\/product_brand?post=31945"},{"taxonomy":"product_cat","embeddable":true,"href":"https:\/\/nordicmart.andreevmaster.com\/fi\/wp-json\/wp\/v2\/product_cat?post=31945"},{"taxonomy":"product_tag","embeddable":true,"href":"https:\/\/nordicmart.andreevmaster.com\/fi\/wp-json\/wp\/v2\/product_tag?post=31945"}],"curies":[{"name":"wp","href":"https:\/\/api.w.org\/{rel}","templated":true}]}}