{"id":31941,"date":"2026-02-27T00:15:24","date_gmt":"2026-02-27T00:15:24","guid":{"rendered":"https:\/\/nordicmart.andreevmaster.com\/product\/songmics-kosmetiikan-sailytyslaatikko-2-laatikkoa-lapinakyva\/"},"modified":"2026-02-27T09:37:38","modified_gmt":"2026-02-27T09:37:38","slug":"songmics-kosmetiikan-sailytyslaatikko-2-laatikkoa-lapinakyva","status":"publish","type":"product","link":"https:\/\/nordicmart.andreevmaster.com\/fi\/tuote\/songmics-kosmetiikan-sailytyslaatikko-2-laatikkoa-lapinakyva\/","title":{"rendered":"SONGMICS kosmetiikan s\u00e4ilytyslaatikko, 2 laatikkoa, l\u00e4pin\u00e4kyv\u00e4"},"content":{"rendered":"<p>T\u00e4m\u00e4 kosmetiikan s\u00e4ilytyslaatikko etsii&#8230; lipastoa, vaatekaappia, meikkip\u00f6yt\u00e4\u00e4 makuuhuoneessa tai hylly\u00e4 kylpyhuoneessa, jotta se voi t\u00e4ytty\u00e4 huulipunilla, kynsienlakalla, siveltimill\u00e4, meikkipaleteilla, voiteilla ja hajuvesill\u00e4. Se on kaunis, toimiva ja kest\u00e4v\u00e4.T\u00e4m\u00e4n j\u00e4rjestelij\u00e4n kohokohdat yhdell\u00e4 silm\u00e4yksell\u00e4: 16 reik\u00e4\u00e4 siveltimille ja kulmakynille 8 paikkaa huulipunille ja kynsilakoille 1 lokero luomiv\u00e4reille 2 laatikkoa voiteille ja hajuvesille L\u00e4pin\u00e4kyv\u00e4 runko, kaikki n\u00e4kyviss\u00e4 Portaikon kaltainen j\u00e4rjestys mahdollistaa helpon p\u00e4\u00e4syn Tuotetiedot:V\u00e4ri: l\u00e4pin\u00e4kyv\u00e4 Materiaali: polystyreeni Koko: 23,8 x 14 x 17,8 cm (P x L x K) Paino: 1,0 kg Toimitus sis\u00e4lt\u00e4\u00e4: 1 x kosmetiikan s\u00e4ilytyslaatikko<\/p>\n","protected":false},"excerpt":{"rendered":"<p>SONGMICS meikkij\u00e4rjestelij\u00e4, kosmetiikkaj\u00e4rjestelij\u00e4 2 laatikolla, kosmetiikkalaatikko, voiteille, hajuvesille, huulipunille, siveltimille, l\u00e4pin\u00e4kyv\u00e4 JKA018T01<\/p>\n","protected":false},"featured_media":41008,"comment_status":"open","ping_status":"closed","template":"","meta":[],"product_brand":[],"product_cat":[32],"product_tag":[],"class_list":{"0":"post-31941","1":"product","2":"type-product","3":"status-publish","4":"has-post-thumbnail","6":"product_cat-uncategorized-fi","8":"first","9":"instock","10":"shipping-taxable","11":"purchasable","12":"product-type-simple"},"_links":{"self":[{"href":"https:\/\/nordicmart.andreevmaster.com\/fi\/wp-json\/wp\/v2\/product\/31941","targetHints":{"allow":["GET"]}}],"collection":[{"href":"https:\/\/nordicmart.andreevmaster.com\/fi\/wp-json\/wp\/v2\/product"}],"about":[{"href":"https:\/\/nordicmart.andreevmaster.com\/fi\/wp-json\/wp\/v2\/types\/product"}],"replies":[{"embeddable":true,"href":"https:\/\/nordicmart.andreevmaster.com\/fi\/wp-json\/wp\/v2\/comments?post=31941"}],"wp:featuredmedia":[{"embeddable":true,"href":"https:\/\/nordicmart.andreevmaster.com\/fi\/wp-json\/wp\/v2\/media\/41008"}],"wp:attachment":[{"href":"https:\/\/nordicmart.andreevmaster.com\/fi\/wp-json\/wp\/v2\/media?parent=31941"}],"wp:term":[{"taxonomy":"product_brand","embeddable":true,"href":"https:\/\/nordicmart.andreevmaster.com\/fi\/wp-json\/wp\/v2\/product_brand?post=31941"},{"taxonomy":"product_cat","embeddable":true,"href":"https:\/\/nordicmart.andreevmaster.com\/fi\/wp-json\/wp\/v2\/product_cat?post=31941"},{"taxonomy":"product_tag","embeddable":true,"href":"https:\/\/nordicmart.andreevmaster.com\/fi\/wp-json\/wp\/v2\/product_tag?post=31941"}],"curies":[{"name":"wp","href":"https:\/\/api.w.org\/{rel}","templated":true}]}}