{"id":31940,"date":"2026-02-27T00:15:24","date_gmt":"2026-02-27T00:15:24","guid":{"rendered":"https:\/\/nordicmart.andreevmaster.com\/product\/songmics-xxl-meikkijarjestelija-akryyli\/"},"modified":"2026-02-27T09:37:38","modified_gmt":"2026-02-27T09:37:38","slug":"songmics-xxl-meikkijarjestelija-akryyli","status":"publish","type":"product","link":"https:\/\/nordicmart.andreevmaster.com\/fi\/tuote\/songmics-xxl-meikkijarjestelija-akryyli\/","title":{"rendered":"SONGMICS XXL meikkij\u00e4rjestelij\u00e4 akryyli"},"content":{"rendered":"<p>Kauneudenhoidon v\u00e4ltt\u00e4m\u00e4tt\u00f6myys: Se, ett\u00e4 olet tyytyv\u00e4inen meikkiisi aikaisin aamulla, ei riipu pelk\u00e4st\u00e4\u00e4n taidoistasi tai siit\u00e4, ett\u00e4 olet erityisen aktiivinen aamuvirkku. Se, ett\u00e4 l\u00f6yd\u00e4t meikkiv\u00e4lineesi nopeasti, vaikuttaa my\u00f6s suuresti tyytyv\u00e4isyyteesi. J\u00e4rjest\u00e4 meikkisi t\u00e4ll\u00e4 SONGMICS-kosmetiikan j\u00e4rjestelij\u00e4ll\u00e4 ja tee el\u00e4m\u00e4st\u00e4si miellytt\u00e4v\u00e4mp\u00e4\u00e4 ja stressitt\u00f6m\u00e4mp\u00e4\u00e4! Ohut sivellin, py\u00f6re\u00e4 luomiv\u00e4ripurkki, kulmikas kynsilakkapullo: t\u00e4ss\u00e4 s\u00e4ilytyslaatikossa on tilaa kaikille kosmetiikkatuotteillesi. J\u00e4rjestelij\u00e4ss\u00e4 on 15 erikokoista lokeroa ja 11 laatikkoa, joihin meikkitarvikkeesi mahtuvat mainiosti. Pinoa laatikon nelj\u00e4 osaa p\u00e4\u00e4llekk\u00e4in torniksi tilan s\u00e4\u00e4st\u00e4miseksi tai yhdist\u00e4 ne haluamallasi tavalla. Niin monien yhdistelm\u00e4mahdollisuuksien ansiosta kosmetiikan s\u00e4ilytt\u00e4minen on kaksinkertaisen hauskaa! Tyytyv\u00e4isyytesi on meille t\u00e4rke\u00e4\u00e4: Jos sinulla on lis\u00e4kysymyksi\u00e4, ota rohkeasti yhteytt\u00e4 asiakaspalveluumme. Yst\u00e4v\u00e4lliset ty\u00f6ntekij\u00e4mme ovat aina valmiina auttamaan sinua. Varusta siis kauneudenhoitoparatiisisi t\u00e4ll\u00e4 kosmetiikan s\u00e4ilytyslaatikolla! Tuotetiedot:V\u00e4ri: l\u00e4pin\u00e4kyv\u00e4 (mustat sis\u00e4osat) Materiaali: polystyreeni Koko: 23,5 x 13,7 x 40 cm (P x L x K) Paino: 3 kg Toimitus sis\u00e4lt\u00e4\u00e4: 1 x XXL kosmetiikan s\u00e4ilytysj\u00e4rjestelm\u00e4 SONGMICS Huomautukset: K\u00e4sittele tuotetta varoen.<\/p>\n","protected":false},"excerpt":{"rendered":"<p>SONGMICS 4 in 1 XXL meikkij\u00e4rjestelij\u00e4, kosmetiikkaj\u00e4rjestelij\u00e4, jossa on 11 laatikkoa ja 15 eri kokoista lokeroa, liukumattomat pohjalevyt, meikkej\u00e4 ja koruja varten, l\u00e4pin\u00e4kyv\u00e4 JKA017TP<\/p>\n","protected":false},"featured_media":41007,"comment_status":"open","ping_status":"closed","template":"","meta":[],"product_brand":[],"product_cat":[32],"product_tag":[],"class_list":{"0":"post-31940","1":"product","2":"type-product","3":"status-publish","4":"has-post-thumbnail","6":"product_cat-uncategorized-fi","8":"first","9":"instock","10":"shipping-taxable","11":"purchasable","12":"product-type-simple"},"_links":{"self":[{"href":"https:\/\/nordicmart.andreevmaster.com\/fi\/wp-json\/wp\/v2\/product\/31940","targetHints":{"allow":["GET"]}}],"collection":[{"href":"https:\/\/nordicmart.andreevmaster.com\/fi\/wp-json\/wp\/v2\/product"}],"about":[{"href":"https:\/\/nordicmart.andreevmaster.com\/fi\/wp-json\/wp\/v2\/types\/product"}],"replies":[{"embeddable":true,"href":"https:\/\/nordicmart.andreevmaster.com\/fi\/wp-json\/wp\/v2\/comments?post=31940"}],"wp:featuredmedia":[{"embeddable":true,"href":"https:\/\/nordicmart.andreevmaster.com\/fi\/wp-json\/wp\/v2\/media\/41007"}],"wp:attachment":[{"href":"https:\/\/nordicmart.andreevmaster.com\/fi\/wp-json\/wp\/v2\/media?parent=31940"}],"wp:term":[{"taxonomy":"product_brand","embeddable":true,"href":"https:\/\/nordicmart.andreevmaster.com\/fi\/wp-json\/wp\/v2\/product_brand?post=31940"},{"taxonomy":"product_cat","embeddable":true,"href":"https:\/\/nordicmart.andreevmaster.com\/fi\/wp-json\/wp\/v2\/product_cat?post=31940"},{"taxonomy":"product_tag","embeddable":true,"href":"https:\/\/nordicmart.andreevmaster.com\/fi\/wp-json\/wp\/v2\/product_tag?post=31940"}],"curies":[{"name":"wp","href":"https:\/\/api.w.org\/{rel}","templated":true}]}}