{"id":31939,"date":"2026-02-27T00:15:23","date_gmt":"2026-02-27T00:15:23","guid":{"rendered":"https:\/\/nordicmart.andreevmaster.com\/product\/songmics-kosmetiikan-jarjestelija-lapinakyva\/"},"modified":"2026-02-27T09:37:38","modified_gmt":"2026-02-27T09:37:38","slug":"songmics-kosmetiikan-jarjestelija-lapinakyva","status":"publish","type":"product","link":"https:\/\/nordicmart.andreevmaster.com\/fi\/tuote\/songmics-kosmetiikan-jarjestelija-lapinakyva\/","title":{"rendered":"SONGMICS kosmetiikan j\u00e4rjestelij\u00e4, l\u00e4pin\u00e4kyv\u00e4"},"content":{"rendered":"<p>Hell\u00e4varainen vaaleanpunainen huulipuna t\u00e4ytel\u00e4isemmille huulille, tumma ripsiv\u00e4ri tihe\u00e4mmille ripseille, poskipuna eloisalle iholle ja luomiv\u00e4ri ilmeikk\u00e4ille silmille \u2013 mit\u00e4 kaikkea kauneuden vuoksi ei tekisik\u00e4\u00e4n? Jotta kaikki meikkitarvikkeesi eiv\u00e4t p\u00e4\u00e4dy kasaan laatikkoon, tarjoamme sinulle t\u00e4m\u00e4n kosmetiikan j\u00e4rjestelij\u00e4n. Siihen voit sijoittaa kaikki meikkisi siististi pieniin ja suuriin laatikoihin sek\u00e4 lukuisiin lokeroihin yl\u00e4osassa. Kaikki selv\u00e4! T\u00e4m\u00e4 23,8 x 15,3 x 29,4 cm (P x L x K) kokoinen kosmetiikkalaatikko on valmistettu l\u00e4pin\u00e4kyv\u00e4st\u00e4 PS-muovista, joten se on paitsi kest\u00e4v\u00e4mpi kuin akryyli. Lis\u00e4ksi se tarjoaa sinulle mahdollisuuden l\u00f6yt\u00e4\u00e4 nopeasti jopa pienet kosmetiikkatarvikkeet. L\u00e4pin\u00e4kyv\u00e4n rakenteensa ansiosta sinun ei tarvitse avata kaikkia laatikoita yksitellen etsi\u00e4ksesi pinsettej\u00e4si. Jos olet jo kiinnostunut t\u00e4st\u00e4 meikkilaatikosta, mutta sinulla ei ole s\u00e4ilytystilaa, tutustu my\u00f6s SONGMICSin tyylikk\u00e4isiin kylpyhuonekalusteisiin tai meikkip\u00f6ytiin. Tuotetiedot:- V\u00e4ri: l\u00e4pin\u00e4kyv\u00e4 &#8211; Materiaali: PS (polystyreeni) &#8211; Koko: 23,8 x 15,3 x 29,4 cm (P x L x K) &#8211; Paino: 2,38 kg Toimitus sis\u00e4lt\u00e4\u00e4: &#8211; 1 x kosmetiikan s\u00e4ilytyslaatikko &#8211; 8 x musta laatikon pohja<\/p>\n","protected":false},"excerpt":{"rendered":"<p>SONGMICS kosmetiikan j\u00e4rjestelij\u00e4, meikkilaatikko, l\u00e4pin\u00e4kyv\u00e4 kosmetiikkalaatikko, jossa 8 laatikkoa ja mustat sis\u00e4osat, lokerot huulipunalle ja muille meikkitarvikkeille sek\u00e4 koruille, l\u00e4pin\u00e4kyv\u00e4 JKA016TP<\/p>\n","protected":false},"featured_media":41006,"comment_status":"open","ping_status":"closed","template":"","meta":[],"product_brand":[],"product_cat":[32],"product_tag":[],"class_list":{"0":"post-31939","1":"product","2":"type-product","3":"status-publish","4":"has-post-thumbnail","6":"product_cat-uncategorized-fi","8":"first","9":"instock","10":"shipping-taxable","11":"purchasable","12":"product-type-simple"},"_links":{"self":[{"href":"https:\/\/nordicmart.andreevmaster.com\/fi\/wp-json\/wp\/v2\/product\/31939","targetHints":{"allow":["GET"]}}],"collection":[{"href":"https:\/\/nordicmart.andreevmaster.com\/fi\/wp-json\/wp\/v2\/product"}],"about":[{"href":"https:\/\/nordicmart.andreevmaster.com\/fi\/wp-json\/wp\/v2\/types\/product"}],"replies":[{"embeddable":true,"href":"https:\/\/nordicmart.andreevmaster.com\/fi\/wp-json\/wp\/v2\/comments?post=31939"}],"wp:featuredmedia":[{"embeddable":true,"href":"https:\/\/nordicmart.andreevmaster.com\/fi\/wp-json\/wp\/v2\/media\/41006"}],"wp:attachment":[{"href":"https:\/\/nordicmart.andreevmaster.com\/fi\/wp-json\/wp\/v2\/media?parent=31939"}],"wp:term":[{"taxonomy":"product_brand","embeddable":true,"href":"https:\/\/nordicmart.andreevmaster.com\/fi\/wp-json\/wp\/v2\/product_brand?post=31939"},{"taxonomy":"product_cat","embeddable":true,"href":"https:\/\/nordicmart.andreevmaster.com\/fi\/wp-json\/wp\/v2\/product_cat?post=31939"},{"taxonomy":"product_tag","embeddable":true,"href":"https:\/\/nordicmart.andreevmaster.com\/fi\/wp-json\/wp\/v2\/product_tag?post=31939"}],"curies":[{"name":"wp","href":"https:\/\/api.w.org\/{rel}","templated":true}]}}