{"id":31935,"date":"2026-02-27T00:15:23","date_gmt":"2026-02-27T00:15:23","guid":{"rendered":"https:\/\/nordicmart.andreevmaster.com\/product\/songmics-meikkijarjestelija-suorakulmainen-lahjaidea-samppanjankultainen\/"},"modified":"2026-02-27T09:37:37","modified_gmt":"2026-02-27T09:37:37","slug":"songmics-meikkijarjestelija-suorakulmainen-lahjaidea-samppanjankultainen","status":"publish","type":"product","link":"https:\/\/nordicmart.andreevmaster.com\/fi\/tuote\/songmics-meikkijarjestelija-suorakulmainen-lahjaidea-samppanjankultainen\/","title":{"rendered":"SONGMICS Meikkij\u00e4rjestelij\u00e4, suorakulmainen Lahjaidea, samppanjankultainen"},"content":{"rendered":"<p>SONGMICS meikkij\u00e4rjestelij\u00e4, 2 erilaista lis\u00e4varustetta, kosmetiikan j\u00e4rjestelij\u00e4 3 tasoa, suorakulmainen, muokattava, s\u00e4ilytystila meikkip\u00f6yd\u00e4lle, lahjaidea<br \/>\n&#8211; V\u00e4ri: samppanjankultainen<br \/>\n&#8211; Materiaali: metalli, PET-muovi<br \/>\n&#8211; Koko: 30,5 x 16,8 x 48 cm (S x L x K)<br \/>\n&#8211; Paino: 1,2 kg<\/p>\n","protected":false},"excerpt":{"rendered":"<p>SONGMICS meikkij\u00e4rjestelij\u00e4, 2 erilaista lis\u00e4varustetta, kosmetiikan j\u00e4rjestelij\u00e4 3 tasoa, suorakulmainen, muokattava, s\u00e4ilytystila meikkip\u00f6yd\u00e4lle, lahjaidea<\/p>\n","protected":false},"featured_media":41002,"comment_status":"open","ping_status":"closed","template":"","meta":[],"product_brand":[],"product_cat":[32],"product_tag":[],"class_list":{"0":"post-31935","1":"product","2":"type-product","3":"status-publish","4":"has-post-thumbnail","6":"product_cat-uncategorized-fi","8":"first","9":"instock","10":"shipping-taxable","11":"purchasable","12":"product-type-simple"},"_links":{"self":[{"href":"https:\/\/nordicmart.andreevmaster.com\/fi\/wp-json\/wp\/v2\/product\/31935","targetHints":{"allow":["GET"]}}],"collection":[{"href":"https:\/\/nordicmart.andreevmaster.com\/fi\/wp-json\/wp\/v2\/product"}],"about":[{"href":"https:\/\/nordicmart.andreevmaster.com\/fi\/wp-json\/wp\/v2\/types\/product"}],"replies":[{"embeddable":true,"href":"https:\/\/nordicmart.andreevmaster.com\/fi\/wp-json\/wp\/v2\/comments?post=31935"}],"wp:featuredmedia":[{"embeddable":true,"href":"https:\/\/nordicmart.andreevmaster.com\/fi\/wp-json\/wp\/v2\/media\/41002"}],"wp:attachment":[{"href":"https:\/\/nordicmart.andreevmaster.com\/fi\/wp-json\/wp\/v2\/media?parent=31935"}],"wp:term":[{"taxonomy":"product_brand","embeddable":true,"href":"https:\/\/nordicmart.andreevmaster.com\/fi\/wp-json\/wp\/v2\/product_brand?post=31935"},{"taxonomy":"product_cat","embeddable":true,"href":"https:\/\/nordicmart.andreevmaster.com\/fi\/wp-json\/wp\/v2\/product_cat?post=31935"},{"taxonomy":"product_tag","embeddable":true,"href":"https:\/\/nordicmart.andreevmaster.com\/fi\/wp-json\/wp\/v2\/product_tag?post=31935"}],"curies":[{"name":"wp","href":"https:\/\/api.w.org\/{rel}","templated":true}]}}