{"id":31934,"date":"2026-02-27T00:15:22","date_gmt":"2026-02-27T00:15:22","guid":{"rendered":"https:\/\/nordicmart.andreevmaster.com\/product\/songmics-pieni-lapinakyva-meikkijarjestelija\/"},"modified":"2026-02-27T09:37:37","modified_gmt":"2026-02-27T09:37:37","slug":"songmics-pieni-lapinakyva-meikkijarjestelija","status":"publish","type":"product","link":"https:\/\/nordicmart.andreevmaster.com\/fi\/tuote\/songmics-pieni-lapinakyva-meikkijarjestelija\/","title":{"rendered":"SONGMICS Pieni l\u00e4pin\u00e4kyv\u00e4 meikkij\u00e4rjestelij\u00e4"},"content":{"rendered":"<p>Onko meikkitarvikkeet hajallaan kylpyhuoneessa tai meikkip\u00f6yd\u00e4ll\u00e4?  Eik\u00f6 l\u00f6ydy koskaan oikeita tarvikkeita, kun niit\u00e4 tarvitaan?  Silloin t\u00e4m\u00e4 l\u00e4pin\u00e4kyv\u00e4 akryylinen kosmetiikan s\u00e4ilytyslaatikko on t\u00e4ydellinen sinulle! P Akryylimateriaali antaa kristallilasin kaltaisen vaikutelman, se on l\u00e4pikuultava ja upea. T\u00e4m\u00e4n tyylikk\u00e4\u00e4n s\u00e4ilytysj\u00e4rjestelm\u00e4n etuna on, ett\u00e4 laatikoiden sis\u00e4lt\u00f6 n\u00e4kyy heti. T\u00e4m\u00e4n ansiosta eri tarvikkeet on helpompi l\u00f6yt\u00e4\u00e4.P Eri korkeuksilla ja kokoilla olevat lokerot ja laatikot mahdollistavat my\u00f6s k\u00e4yt\u00e4nn\u00f6llisen jakamisen. N\u00e4in voit lajitella kaiken kauniisti.T\u00e4m\u00e4 laatikko sopii my\u00f6s muiden tarvikkeiden, kuten ompelulangojen, ruuvien, toimistotarvikkeiden jne. j\u00e4rjest\u00e4miseen, lajitteluun ja siivoamiseen.P Laatikko on siististi valmistettu, eik\u00e4 siin\u00e4 ole ter\u00e4vi\u00e4 reunoja. Laatikoissa on sivussa kiskot, jotka liikkuvat sujuvasti. Lis\u00e4ksi on mainittava, ett\u00e4 jokaisessa laatikossa on musta liukumaton pohja, joka est\u00e4\u00e4 liukumisen ja mahdollistaa hiljaisen laatikon avaamisen. Vihdoin j\u00e4rjestys meikkikaaokseen! Huomautus: K\u00e4yt\u00e4 tuotetta huolellisesti ja v\u00e4lt\u00e4 iskuja ja naarmuja. Tuotetiedot:  &#8211; Mitat: 18,5 x 16 x 10 cm (L x K x S) &#8211; Mitat yl\u00e4osassa: 17,5 x 6,5 x 9,5 cm (L x K x S) &#8211; Lokeron mitat vasemmalla ensimm\u00e4isest\u00e4 kolmanteen riviin (8 x): 2,5 x 3 x 2,5 cm; 2,5 x 4,5 x 2,5 cm; 4 x 6 x 2,5 cm (L x K x S) &#8211; Lokeron mitat oikealla: 8 x 3 x 8,5 cm (L x K x S) &#8211; Mitat alaosassa: 18,5 x 9,5 x 10 cm (L x K x S) &#8211; Laatikon mitat (2 x): 16,5 x 3,5 x 9,5 cm (L x K x S)P Toimitus sis\u00e4lt\u00e4\u00e4: &#8211; 1 x kosmetiikan s\u00e4ilytyslaatikkoP<\/p>\n","protected":false},"excerpt":{"rendered":"<p>SONGMICS kosmetiikkahylly, j\u00e4rjestelyhylly, kosmetiikan j\u00e4rjestelij\u00e4, akryyli, 2 laatikkoa, s\u00e4ilytys kylpyhuoneessa tai makuuhuoneessa, huulipuna, korut, kynsilakka, ompelulanka JKA012<\/p>\n","protected":false},"featured_media":41001,"comment_status":"open","ping_status":"closed","template":"","meta":[],"product_brand":[],"product_cat":[32],"product_tag":[],"class_list":{"0":"post-31934","1":"product","2":"type-product","3":"status-publish","4":"has-post-thumbnail","6":"product_cat-uncategorized-fi","8":"first","9":"instock","10":"shipping-taxable","11":"purchasable","12":"product-type-simple"},"_links":{"self":[{"href":"https:\/\/nordicmart.andreevmaster.com\/fi\/wp-json\/wp\/v2\/product\/31934","targetHints":{"allow":["GET"]}}],"collection":[{"href":"https:\/\/nordicmart.andreevmaster.com\/fi\/wp-json\/wp\/v2\/product"}],"about":[{"href":"https:\/\/nordicmart.andreevmaster.com\/fi\/wp-json\/wp\/v2\/types\/product"}],"replies":[{"embeddable":true,"href":"https:\/\/nordicmart.andreevmaster.com\/fi\/wp-json\/wp\/v2\/comments?post=31934"}],"wp:featuredmedia":[{"embeddable":true,"href":"https:\/\/nordicmart.andreevmaster.com\/fi\/wp-json\/wp\/v2\/media\/41001"}],"wp:attachment":[{"href":"https:\/\/nordicmart.andreevmaster.com\/fi\/wp-json\/wp\/v2\/media?parent=31934"}],"wp:term":[{"taxonomy":"product_brand","embeddable":true,"href":"https:\/\/nordicmart.andreevmaster.com\/fi\/wp-json\/wp\/v2\/product_brand?post=31934"},{"taxonomy":"product_cat","embeddable":true,"href":"https:\/\/nordicmart.andreevmaster.com\/fi\/wp-json\/wp\/v2\/product_cat?post=31934"},{"taxonomy":"product_tag","embeddable":true,"href":"https:\/\/nordicmart.andreevmaster.com\/fi\/wp-json\/wp\/v2\/product_tag?post=31934"}],"curies":[{"name":"wp","href":"https:\/\/api.w.org\/{rel}","templated":true}]}}