{"id":31932,"date":"2026-02-27T00:15:22","date_gmt":"2026-02-27T00:15:22","guid":{"rendered":"https:\/\/nordicmart.andreevmaster.com\/product\/songmics-meikkijarjestelija-3-tasoa-lahjaidea-lapinakyva\/"},"modified":"2026-02-27T09:37:37","modified_gmt":"2026-02-27T09:37:37","slug":"songmics-meikkijarjestelija-3-tasoa-lahjaidea-lapinakyva","status":"publish","type":"product","link":"https:\/\/nordicmart.andreevmaster.com\/fi\/tuote\/songmics-meikkijarjestelija-3-tasoa-lahjaidea-lapinakyva\/","title":{"rendered":"SONGMICS meikkij\u00e4rjestelij\u00e4 3 tasoa lahjaidea l\u00e4pin\u00e4kyv\u00e4"},"content":{"rendered":"<p>SONGMICS k\u00e4\u00e4nnett\u00e4v\u00e4 meikkij\u00e4rjestelij\u00e4, py\u00f6re\u00e4 kosmetiikan j\u00e4rjestelij\u00e4, 3 tasoa, kosmetiikan s\u00e4ilytys, muokattava, meikkip\u00f6yd\u00e4lle, lahjaidea<br \/>\nV\u00e4ri: l\u00e4pin\u00e4kyv\u00e4<br \/>\nMateriaali: metalli, PET-muovi<br \/>\nKoko: 23 x 23 x 46 cm (S x L x K)<br \/>\nPaino: 1 kg<br \/>\nMaks. staattinen kantavuus tasoa kohti: 5 kg<br \/>\nMaks. staattinen kantavuus yhteens\u00e4: 15 kg<\/p>\n","protected":false},"excerpt":{"rendered":"<p>SONGMICS k\u00e4\u00e4nnett\u00e4v\u00e4 meikkij\u00e4rjestelij\u00e4, py\u00f6re\u00e4 kosmetiikan j\u00e4rjestelij\u00e4, 3 tasoa, kosmetiikan s\u00e4ilytys, muokattava, meikkip\u00f6yd\u00e4lle, lahjaidea<\/p>\n","protected":false},"featured_media":40999,"comment_status":"open","ping_status":"closed","template":"","meta":[],"product_brand":[],"product_cat":[32],"product_tag":[],"class_list":{"0":"post-31932","1":"product","2":"type-product","3":"status-publish","4":"has-post-thumbnail","6":"product_cat-uncategorized-fi","8":"first","9":"instock","10":"shipping-taxable","11":"purchasable","12":"product-type-simple"},"_links":{"self":[{"href":"https:\/\/nordicmart.andreevmaster.com\/fi\/wp-json\/wp\/v2\/product\/31932","targetHints":{"allow":["GET"]}}],"collection":[{"href":"https:\/\/nordicmart.andreevmaster.com\/fi\/wp-json\/wp\/v2\/product"}],"about":[{"href":"https:\/\/nordicmart.andreevmaster.com\/fi\/wp-json\/wp\/v2\/types\/product"}],"replies":[{"embeddable":true,"href":"https:\/\/nordicmart.andreevmaster.com\/fi\/wp-json\/wp\/v2\/comments?post=31932"}],"wp:featuredmedia":[{"embeddable":true,"href":"https:\/\/nordicmart.andreevmaster.com\/fi\/wp-json\/wp\/v2\/media\/40999"}],"wp:attachment":[{"href":"https:\/\/nordicmart.andreevmaster.com\/fi\/wp-json\/wp\/v2\/media?parent=31932"}],"wp:term":[{"taxonomy":"product_brand","embeddable":true,"href":"https:\/\/nordicmart.andreevmaster.com\/fi\/wp-json\/wp\/v2\/product_brand?post=31932"},{"taxonomy":"product_cat","embeddable":true,"href":"https:\/\/nordicmart.andreevmaster.com\/fi\/wp-json\/wp\/v2\/product_cat?post=31932"},{"taxonomy":"product_tag","embeddable":true,"href":"https:\/\/nordicmart.andreevmaster.com\/fi\/wp-json\/wp\/v2\/product_tag?post=31932"}],"curies":[{"name":"wp","href":"https:\/\/api.w.org\/{rel}","templated":true}]}}