{"id":31931,"date":"2026-02-27T00:15:22","date_gmt":"2026-02-27T00:15:22","guid":{"rendered":"https:\/\/nordicmart.andreevmaster.com\/product\/songmics-meikkijarjestelija-kaannettava-lahjaidea-pilvinen-valkoinen\/"},"modified":"2026-02-27T09:37:37","modified_gmt":"2026-02-27T09:37:37","slug":"songmics-meikkijarjestelija-kaannettava-lahjaidea-pilvinen-valkoinen","status":"publish","type":"product","link":"https:\/\/nordicmart.andreevmaster.com\/fi\/tuote\/songmics-meikkijarjestelija-kaannettava-lahjaidea-pilvinen-valkoinen\/","title":{"rendered":"SONGMICS meikkij\u00e4rjestelij\u00e4, k\u00e4\u00e4nnett\u00e4v\u00e4, lahjaidea, pilvinen valkoinen"},"content":{"rendered":"<p>SONGMICS k\u00e4\u00e4nnett\u00e4v\u00e4 meikkij\u00e4rjestelij\u00e4, py\u00f6re\u00e4 kosmetiikan j\u00e4rjestelij\u00e4, 3 tasoa, kosmetiikan s\u00e4ilytys, muokattava, meikkip\u00f6yd\u00e4lle, lahjaidea<br \/>\n&#8211; V\u00e4ri: pilvinen valkoinen<br \/>\n&#8211; Materiaali: metalli, PET-muovi<br \/>\n&#8211; Koko: 23 x 23 x 46 cm (S x L x K)<br \/>\n&#8211; Paino: 1 kg<\/p>\n","protected":false},"excerpt":{"rendered":"<p>SONGMICS k\u00e4\u00e4nnett\u00e4v\u00e4 meikkij\u00e4rjestelij\u00e4, py\u00f6re\u00e4 kosmetiikan j\u00e4rjestelij\u00e4, 3 tasoa, kosmetiikan s\u00e4ilytys, muokattava, meikkip\u00f6yd\u00e4lle, lahjaidea<\/p>\n","protected":false},"featured_media":40998,"comment_status":"open","ping_status":"closed","template":"","meta":[],"product_brand":[],"product_cat":[32],"product_tag":[],"class_list":{"0":"post-31931","1":"product","2":"type-product","3":"status-publish","4":"has-post-thumbnail","6":"product_cat-uncategorized-fi","8":"first","9":"instock","10":"shipping-taxable","11":"purchasable","12":"product-type-simple"},"_links":{"self":[{"href":"https:\/\/nordicmart.andreevmaster.com\/fi\/wp-json\/wp\/v2\/product\/31931","targetHints":{"allow":["GET"]}}],"collection":[{"href":"https:\/\/nordicmart.andreevmaster.com\/fi\/wp-json\/wp\/v2\/product"}],"about":[{"href":"https:\/\/nordicmart.andreevmaster.com\/fi\/wp-json\/wp\/v2\/types\/product"}],"replies":[{"embeddable":true,"href":"https:\/\/nordicmart.andreevmaster.com\/fi\/wp-json\/wp\/v2\/comments?post=31931"}],"wp:featuredmedia":[{"embeddable":true,"href":"https:\/\/nordicmart.andreevmaster.com\/fi\/wp-json\/wp\/v2\/media\/40998"}],"wp:attachment":[{"href":"https:\/\/nordicmart.andreevmaster.com\/fi\/wp-json\/wp\/v2\/media?parent=31931"}],"wp:term":[{"taxonomy":"product_brand","embeddable":true,"href":"https:\/\/nordicmart.andreevmaster.com\/fi\/wp-json\/wp\/v2\/product_brand?post=31931"},{"taxonomy":"product_cat","embeddable":true,"href":"https:\/\/nordicmart.andreevmaster.com\/fi\/wp-json\/wp\/v2\/product_cat?post=31931"},{"taxonomy":"product_tag","embeddable":true,"href":"https:\/\/nordicmart.andreevmaster.com\/fi\/wp-json\/wp\/v2\/product_tag?post=31931"}],"curies":[{"name":"wp","href":"https:\/\/api.w.org\/{rel}","templated":true}]}}