{"id":31930,"date":"2026-02-27T00:15:22","date_gmt":"2026-02-27T00:15:22","guid":{"rendered":"https:\/\/nordicmart.andreevmaster.com\/product\/songmics-meikkijarjestelija-3-osainen-maidonvalkoinen\/"},"modified":"2026-02-27T09:37:36","modified_gmt":"2026-02-27T09:37:36","slug":"songmics-meikkijarjestelija-3-osainen-maidonvalkoinen","status":"publish","type":"product","link":"https:\/\/nordicmart.andreevmaster.com\/fi\/tuote\/songmics-meikkijarjestelija-3-osainen-maidonvalkoinen\/","title":{"rendered":"SONGMICS meikkij\u00e4rjestelij\u00e4, 3-osainen, maidonvalkoinen"},"content":{"rendered":"<p>Tuotetiedot: &#8211; V\u00e4ri: valkoinen &#8211; Materiaali: akryyli &#8211; Koko: kokonaiskoko: 24 x 13,5 x 30 cm (P x L x K) Mitat 1. Taso: 22,5 x 13 x 8 cm (P x L x K) Kolmen rivin 12 pienen lokeron mitat (edest\u00e4 taakse): 2,5 x 2,5 x 3\/4,5\/6 cm (P x L x K) Takana vasemmalla olevan suuren lokeron mitat: 10 x 3,3 x 7,5 cm (P x L x K) Takana oikealla olevan lokeron mitat: 10 x 6 x 7,5 cm (P x L x K) Edess\u00e4 oikealla olevan lokeron mitat: 10 x 5 x 7,5 cm (P x L x K) 2. Tason mitat: 24 x 13,5 x 11 cm (P x L x K) Suuren laatikon mitat: (3 x) 21,5 x 12,5 x 3 cm (P x L x K) 3. tason mitat: 24 x 13,5 x 11 cm (P x L x K) Toimitussis\u00e4lt\u00f6:- 1 x kosmetiikan j\u00e4rjestelij\u00e4<\/p>\n","protected":false},"excerpt":{"rendered":"<p>SONGMICS akryylinen kosmetiikan s\u00e4ilytyslaatikko kylpyhuoneeseen tai makuuhuoneeseen, huulipunaa, koruja, kynsilakkaa varten (3 osaa) JKA009TP<\/p>\n","protected":false},"featured_media":40997,"comment_status":"open","ping_status":"closed","template":"","meta":[],"product_brand":[],"product_cat":[32],"product_tag":[],"class_list":{"0":"post-31930","1":"product","2":"type-product","3":"status-publish","4":"has-post-thumbnail","6":"product_cat-uncategorized-fi","8":"first","9":"instock","10":"shipping-taxable","11":"purchasable","12":"product-type-simple"},"_links":{"self":[{"href":"https:\/\/nordicmart.andreevmaster.com\/fi\/wp-json\/wp\/v2\/product\/31930","targetHints":{"allow":["GET"]}}],"collection":[{"href":"https:\/\/nordicmart.andreevmaster.com\/fi\/wp-json\/wp\/v2\/product"}],"about":[{"href":"https:\/\/nordicmart.andreevmaster.com\/fi\/wp-json\/wp\/v2\/types\/product"}],"replies":[{"embeddable":true,"href":"https:\/\/nordicmart.andreevmaster.com\/fi\/wp-json\/wp\/v2\/comments?post=31930"}],"wp:featuredmedia":[{"embeddable":true,"href":"https:\/\/nordicmart.andreevmaster.com\/fi\/wp-json\/wp\/v2\/media\/40997"}],"wp:attachment":[{"href":"https:\/\/nordicmart.andreevmaster.com\/fi\/wp-json\/wp\/v2\/media?parent=31930"}],"wp:term":[{"taxonomy":"product_brand","embeddable":true,"href":"https:\/\/nordicmart.andreevmaster.com\/fi\/wp-json\/wp\/v2\/product_brand?post=31930"},{"taxonomy":"product_cat","embeddable":true,"href":"https:\/\/nordicmart.andreevmaster.com\/fi\/wp-json\/wp\/v2\/product_cat?post=31930"},{"taxonomy":"product_tag","embeddable":true,"href":"https:\/\/nordicmart.andreevmaster.com\/fi\/wp-json\/wp\/v2\/product_tag?post=31930"}],"curies":[{"name":"wp","href":"https:\/\/api.w.org\/{rel}","templated":true}]}}