{"id":31927,"date":"2026-02-27T00:15:21","date_gmt":"2026-02-27T00:15:21","guid":{"rendered":"https:\/\/nordicmart.andreevmaster.com\/product\/songmics-meikkijarjestelija-6-laatikolla\/"},"modified":"2026-02-27T09:37:36","modified_gmt":"2026-02-27T09:37:36","slug":"songmics-meikkijarjestelija-6-laatikolla","status":"publish","type":"product","link":"https:\/\/nordicmart.andreevmaster.com\/fi\/tuote\/songmics-meikkijarjestelija-6-laatikolla\/","title":{"rendered":"SONGMICS meikkij\u00e4rjestelij\u00e4 6 laatikolla"},"content":{"rendered":"<p>Onko meikkitarvikkeet hajallaan kylpyhuoneessa tai meikkip\u00f6yd\u00e4ll\u00e4? Eik\u00f6 oikeita tarvikkeita l\u00f6ydy koskaan, kun niit\u00e4 tarvitaan? Silloin t\u00e4m\u00e4 l\u00e4pin\u00e4kyv\u00e4 akryylinen kosmetiikan j\u00e4rjestelij\u00e4 on t\u00e4ydellinen sinulle! Akryylimateriaali antaa kristallilasin kaltaisen vaikutelman, se on l\u00e4pikuultava ja upea. T\u00e4m\u00e4n tyylikk\u00e4\u00e4n j\u00e4rjestelij\u00e4n etuna on, ett\u00e4 sen lokeroiden sis\u00e4lt\u00f6 n\u00e4kyy heti. T\u00e4m\u00e4 helpottaa eri tarvikkeiden l\u00f6yt\u00e4mist\u00e4. Eri korkeuksiset ja kokoiset lokerot ja laatikot mahdollistavat my\u00f6s k\u00e4yt\u00e4nn\u00f6llisen jakamisen. N\u00e4in voit lajitella kaiken kauniisti. T\u00e4t\u00e4 laatikkoa voi k\u00e4ytt\u00e4\u00e4 my\u00f6s muiden tarvikkeiden, kuten ompelulangojen, ruuvien, toimistotarvikkeiden jne. siivoamiseen, lajitteluun ja j\u00e4rjest\u00e4miseen. Laatikko on siististi valmistettu, eik\u00e4 siin\u00e4 ole ter\u00e4vi\u00e4 reunoja. Laatikoissa on sivussa kiskot, jotka liikkuvat sujuvasti. Lis\u00e4ksi on mainittava, ett\u00e4 jokaisessa laatikossa on musta liukumaton pohja, joka est\u00e4\u00e4 liukumisen ja mahdollistaa hiljaisen laatikon avaamisen. Vihdoin j\u00e4rjestys meikkikaaokseen! Huomautukset: &#8211; K\u00e4yt\u00e4 tuotetta varovasti ja v\u00e4lt\u00e4 iskuja ja naarmuja. Tuotetiedot: V\u00e4ri: l\u00e4pin\u00e4kyv\u00e4 Materiaali: akryyli Mitat: 24 x 30 x 13,5 cm (L x K x S) 1. tason mitat: 24 x 8 x 13 cm (L x K x S) Mitat 2. taso: 24 x 11 x 13,5 cm (L x K x S) Mitat 3. taso: 24 x 11 x 13,5 cm (L x K x S) Toimitus sis\u00e4lt\u00e4\u00e4: 1x kosmetiikan j\u00e4rjestelij\u00e4<\/p>\n","protected":false},"excerpt":{"rendered":"<p>SONGMICS kosmetiikan s\u00e4ilytys, iso, meikkien s\u00e4ilytys, akryyli, 2-osainen, 6 laatikolla JKA008TP<\/p>\n","protected":false},"featured_media":40994,"comment_status":"open","ping_status":"closed","template":"","meta":[],"product_brand":[],"product_cat":[32],"product_tag":[],"class_list":{"0":"post-31927","1":"product","2":"type-product","3":"status-publish","4":"has-post-thumbnail","6":"product_cat-uncategorized-fi","8":"first","9":"instock","10":"shipping-taxable","11":"purchasable","12":"product-type-simple"},"_links":{"self":[{"href":"https:\/\/nordicmart.andreevmaster.com\/fi\/wp-json\/wp\/v2\/product\/31927","targetHints":{"allow":["GET"]}}],"collection":[{"href":"https:\/\/nordicmart.andreevmaster.com\/fi\/wp-json\/wp\/v2\/product"}],"about":[{"href":"https:\/\/nordicmart.andreevmaster.com\/fi\/wp-json\/wp\/v2\/types\/product"}],"replies":[{"embeddable":true,"href":"https:\/\/nordicmart.andreevmaster.com\/fi\/wp-json\/wp\/v2\/comments?post=31927"}],"wp:featuredmedia":[{"embeddable":true,"href":"https:\/\/nordicmart.andreevmaster.com\/fi\/wp-json\/wp\/v2\/media\/40994"}],"wp:attachment":[{"href":"https:\/\/nordicmart.andreevmaster.com\/fi\/wp-json\/wp\/v2\/media?parent=31927"}],"wp:term":[{"taxonomy":"product_brand","embeddable":true,"href":"https:\/\/nordicmart.andreevmaster.com\/fi\/wp-json\/wp\/v2\/product_brand?post=31927"},{"taxonomy":"product_cat","embeddable":true,"href":"https:\/\/nordicmart.andreevmaster.com\/fi\/wp-json\/wp\/v2\/product_cat?post=31927"},{"taxonomy":"product_tag","embeddable":true,"href":"https:\/\/nordicmart.andreevmaster.com\/fi\/wp-json\/wp\/v2\/product_tag?post=31927"}],"curies":[{"name":"wp","href":"https:\/\/api.w.org\/{rel}","templated":true}]}}