{"id":31926,"date":"2026-02-27T00:15:21","date_gmt":"2026-02-27T00:15:21","guid":{"rendered":"https:\/\/nordicmart.andreevmaster.com\/product\/songmics-meikkijarjestelija-musta-lapinakyva\/"},"modified":"2026-02-27T09:37:36","modified_gmt":"2026-02-27T09:37:36","slug":"songmics-meikkijarjestelija-musta-lapinakyva","status":"publish","type":"product","link":"https:\/\/nordicmart.andreevmaster.com\/fi\/tuote\/songmics-meikkijarjestelija-musta-lapinakyva\/","title":{"rendered":"SONGMICS meikkij\u00e4rjestelij\u00e4, musta, l\u00e4pin\u00e4kyv\u00e4"},"content":{"rendered":"<p>Onko meikkitarvikkeet hajallaan kylpyhuoneessa tai meikkip\u00f6yd\u00e4ll\u00e4? Eik\u00f6 oikeita tarvikkeita l\u00f6ydy koskaan, kun niit\u00e4 tarvitaan? Silloin t\u00e4m\u00e4 l\u00e4pin\u00e4kyv\u00e4 akryylinen kosmetiikan j\u00e4rjestelij\u00e4 on t\u00e4ydellinen sinulle! Musta akryylimateriaali on l\u00e4pikuultava ja erinomainen. T\u00e4m\u00e4n ansiosta t\u00e4ss\u00e4 tyylikk\u00e4\u00e4ss\u00e4 j\u00e4rjestelij\u00e4ss\u00e4 on se etu, ett\u00e4 n\u00e4et heti, mit\u00e4 lokeroissa on. T\u00e4m\u00e4 helpottaa eri tarvikkeiden l\u00f6yt\u00e4mist\u00e4. Eri korkeuksilla ja kokoilla olevat lokerot ja laatikot mahdollistavat my\u00f6s k\u00e4yt\u00e4nn\u00f6llisen jakamisen. N\u00e4in voit lajitella kaiken kauniisti. T\u00e4t\u00e4 laatikkoa voidaan k\u00e4ytt\u00e4\u00e4 my\u00f6s muiden tarvikkeiden, kuten ompelulangojen, ruuvien, toimistotarvikkeiden jne. siivoamiseen, lajitteluun ja j\u00e4rjest\u00e4miseen. Laatikko on siististi valmistettu, eik\u00e4 siin\u00e4 ole ter\u00e4vi\u00e4 reunoja. Laatikoissa on sivussa kiskot, jotka liikkuvat sujuvasti. Lis\u00e4ksi on mainittava, ett\u00e4 jokaisessa laatikossa on musta liukumaton pohja, joka est\u00e4\u00e4 liukumisen ja mahdollistaa hiljaisen laatikkoon asettamisen. Vihdoin j\u00e4rjestys meikkikaaokseen! Huomautus: K\u00e4yt\u00e4 tuotetta varovasti ja v\u00e4lt\u00e4 iskuja ja naarmuja. Jotta saat sopivan kosmetiikan j\u00e4rjestelij\u00e4n, tarkista ennen tilaamista sis\u00e4osastojen mitat. Jos sinulla on kysytt\u00e4v\u00e4\u00e4, ota meihin yhteytt\u00e4. Tuotetiedot: Materiaali: akryyli Mitat: 24 x 18,5 x 13,5 cm (L x K x S) Yl\u00e4osan mitat: 22,5 x 8 x 13,5 cm (L x K x S) Alaosan mitat: 24 x 11 x 13,5 cm (L x K x S) Toimitus sis\u00e4lt\u00e4\u00e4: 1x kosmetiikan s\u00e4ilytyslaatikko<\/p>\n","protected":false},"excerpt":{"rendered":"<p>SONGMICS kosmetiikkahylly, j\u00e4rjestelyhylly, kosmetiikan j\u00e4rjestelij\u00e4, akryyli, 4 laatikkoa, s\u00e4ilytys kylpyhuoneessa tai makuuhuoneessa, huulipuna, korut, kynsilakka, ompelulanka, musta<\/p>\n","protected":false},"featured_media":40993,"comment_status":"open","ping_status":"closed","template":"","meta":[],"product_brand":[],"product_cat":[32],"product_tag":[],"class_list":{"0":"post-31926","1":"product","2":"type-product","3":"status-publish","4":"has-post-thumbnail","6":"product_cat-uncategorized-fi","8":"first","9":"instock","10":"shipping-taxable","11":"purchasable","12":"product-type-simple"},"_links":{"self":[{"href":"https:\/\/nordicmart.andreevmaster.com\/fi\/wp-json\/wp\/v2\/product\/31926","targetHints":{"allow":["GET"]}}],"collection":[{"href":"https:\/\/nordicmart.andreevmaster.com\/fi\/wp-json\/wp\/v2\/product"}],"about":[{"href":"https:\/\/nordicmart.andreevmaster.com\/fi\/wp-json\/wp\/v2\/types\/product"}],"replies":[{"embeddable":true,"href":"https:\/\/nordicmart.andreevmaster.com\/fi\/wp-json\/wp\/v2\/comments?post=31926"}],"wp:featuredmedia":[{"embeddable":true,"href":"https:\/\/nordicmart.andreevmaster.com\/fi\/wp-json\/wp\/v2\/media\/40993"}],"wp:attachment":[{"href":"https:\/\/nordicmart.andreevmaster.com\/fi\/wp-json\/wp\/v2\/media?parent=31926"}],"wp:term":[{"taxonomy":"product_brand","embeddable":true,"href":"https:\/\/nordicmart.andreevmaster.com\/fi\/wp-json\/wp\/v2\/product_brand?post=31926"},{"taxonomy":"product_cat","embeddable":true,"href":"https:\/\/nordicmart.andreevmaster.com\/fi\/wp-json\/wp\/v2\/product_cat?post=31926"},{"taxonomy":"product_tag","embeddable":true,"href":"https:\/\/nordicmart.andreevmaster.com\/fi\/wp-json\/wp\/v2\/product_tag?post=31926"}],"curies":[{"name":"wp","href":"https:\/\/api.w.org\/{rel}","templated":true}]}}