{"id":31925,"date":"2026-02-27T00:15:21","date_gmt":"2026-02-27T00:15:21","guid":{"rendered":"https:\/\/nordicmart.andreevmaster.com\/product\/songmics-kosmetiikkalaatikko-4-laatikkoa-lapinakyva\/"},"modified":"2026-02-27T09:37:35","modified_gmt":"2026-02-27T09:37:35","slug":"songmics-kosmetiikkalaatikko-4-laatikkoa-lapinakyva","status":"publish","type":"product","link":"https:\/\/nordicmart.andreevmaster.com\/fi\/tuote\/songmics-kosmetiikkalaatikko-4-laatikkoa-lapinakyva\/","title":{"rendered":"SONGMICS kosmetiikkalaatikko 4 laatikkoa, l\u00e4pin\u00e4kyv\u00e4"},"content":{"rendered":"<p>Onko meikkitarvikkeet hajallaan kylpyhuoneessa tai meikkip\u00f6yd\u00e4ll\u00e4? Eik\u00f6 oikeita tarvikkeita l\u00f6ydy koskaan, kun niit\u00e4 tarvitaan? Silloin t\u00e4m\u00e4 l\u00e4pin\u00e4kyv\u00e4 akryylinen kosmetiikan s\u00e4ilytyslaatikko on t\u00e4ydellinen sinulle! P Akryylimateriaali antaa kristallilasin kaltaisen vaikutelman, se on l\u00e4pikuultava ja upea. T\u00e4m\u00e4n tyylikk\u00e4\u00e4n s\u00e4ilytysj\u00e4rjestelm\u00e4n etuna on, ett\u00e4 laatikoiden sis\u00e4lt\u00f6 n\u00e4kyy heti. T\u00e4m\u00e4n ansiosta eri tarvikkeet on helpompi l\u00f6yt\u00e4\u00e4.P Eri korkeuksiset ja kokoiset lokerot ja laatikot mahdollistavat my\u00f6s k\u00e4yt\u00e4nn\u00f6llisen jakamisen. N\u00e4in voit lajitella kaiken kauniisti. T\u00e4t\u00e4 laatikkoa voi k\u00e4ytt\u00e4\u00e4 my\u00f6s muiden tarvikkeiden, kuten ompelulangojen, ruuvien, toimistotarvikkeiden jne. siivoamiseen, lajitteluun ja j\u00e4rjest\u00e4miseen.P Laatikko on siististi valmistettu, eik\u00e4 siin\u00e4 ole ter\u00e4vi\u00e4 reunoja. Laatikoissa on sivussa kiskot, jotka liikkuvat sujuvasti. Lis\u00e4ksi on mainittava, ett\u00e4 jokaisessa laatikossa on musta liukumaton pohja, joka est\u00e4\u00e4 liukumisen ja mahdollistaa hiljaisen laatikon avaamisen. Vihdoin j\u00e4rjestys meikkikaaokseen! Huomautus: K\u00e4yt\u00e4 tuotetta varovasti ja v\u00e4lt\u00e4 iskuja ja naarmuja. P Tuotetiedot:  Mitat: 24 x 13,5 x 18,5 cm (L\/S\/K) Yl\u00e4osan mitat: 24 x 13 x 8 cm (L\/S\/K) Takavasemman osaston mitat: 3,5 x 3,5 x 7,5 cm (L\/S\/K)   Takana keskell\u00e4 olevan lokeron mitat: 10 x 2,5 x 7,5 cm (L\/S\/K)   Takana oikealla olevan lokeron mitat: 8 x 3,5 x 7,5 cm (L\/S\/K)   Edess\u00e4 keskell\u00e4 olevan lokeron mitat : 10 x 9 x 3 cm (L\/S\/K)   Lokeroiden mitat ensimm\u00e4isest\u00e4 kolmanteen riviin ilman suurta keskimm\u00e4ist\u00e4 lokeroa (12x ): 2,5 x 2,5 x 3\/4,5\/6 cm (L\/S\/K) Mitat alaosassa: 24 x 13,5 x 11 cm (L\/S\/K) Laatikon mitat (2x, matala): 11 x 13,5 x 3 cm (L\/S\/K) Laatikon mitat (2x, syv\u00e4): 11 x 13,5 x 6,5 cm (L\/S\/K)P Toimitus sis\u00e4lt\u00e4\u00e4: 1x kosmetiikan j\u00e4rjestelij\u00e4P<\/p>\n","protected":false},"excerpt":{"rendered":"<p>SONGMICS akryylinen kosmetiikan s\u00e4ilytyslaatikko, 4 laatikkoa, kylpyhuoneeseen tai makuuhuoneeseen, huulipunaa, koruja, kynsilakkaa, ompelulankaa varten<\/p>\n","protected":false},"featured_media":40992,"comment_status":"open","ping_status":"closed","template":"","meta":[],"product_brand":[],"product_cat":[32],"product_tag":[],"class_list":{"0":"post-31925","1":"product","2":"type-product","3":"status-publish","4":"has-post-thumbnail","6":"product_cat-uncategorized-fi","8":"first","9":"instock","10":"shipping-taxable","11":"purchasable","12":"product-type-simple"},"_links":{"self":[{"href":"https:\/\/nordicmart.andreevmaster.com\/fi\/wp-json\/wp\/v2\/product\/31925","targetHints":{"allow":["GET"]}}],"collection":[{"href":"https:\/\/nordicmart.andreevmaster.com\/fi\/wp-json\/wp\/v2\/product"}],"about":[{"href":"https:\/\/nordicmart.andreevmaster.com\/fi\/wp-json\/wp\/v2\/types\/product"}],"replies":[{"embeddable":true,"href":"https:\/\/nordicmart.andreevmaster.com\/fi\/wp-json\/wp\/v2\/comments?post=31925"}],"wp:featuredmedia":[{"embeddable":true,"href":"https:\/\/nordicmart.andreevmaster.com\/fi\/wp-json\/wp\/v2\/media\/40992"}],"wp:attachment":[{"href":"https:\/\/nordicmart.andreevmaster.com\/fi\/wp-json\/wp\/v2\/media?parent=31925"}],"wp:term":[{"taxonomy":"product_brand","embeddable":true,"href":"https:\/\/nordicmart.andreevmaster.com\/fi\/wp-json\/wp\/v2\/product_brand?post=31925"},{"taxonomy":"product_cat","embeddable":true,"href":"https:\/\/nordicmart.andreevmaster.com\/fi\/wp-json\/wp\/v2\/product_cat?post=31925"},{"taxonomy":"product_tag","embeddable":true,"href":"https:\/\/nordicmart.andreevmaster.com\/fi\/wp-json\/wp\/v2\/product_tag?post=31925"}],"curies":[{"name":"wp","href":"https:\/\/api.w.org\/{rel}","templated":true}]}}